{"id":312,"date":"2022-11-17T13:04:02","date_gmt":"2022-11-17T13:04:02","guid":{"rendered":"https:\/\/creervotrebusiness.com\/?page_id=312"},"modified":"2022-11-17T20:52:16","modified_gmt":"2022-11-17T20:52:16","slug":"lisez-ceci-pour-avoir-dexcellents-conseils-au-sujet-des-entreprises-a-domicile","status":"publish","type":"page","link":"https:\/\/creervotrebusiness.com\/index.php\/lisez-ceci-pour-avoir-dexcellents-conseils-au-sujet-des-entreprises-a-domicile\/","title":{"rendered":"Lisez ceci pour avoir d\u2019excellents conseils au sujet des entreprises \u00e0 domicile"},"content":{"rendered":"\n<p><br>Les \u00e9v\u00e9nements impr\u00e9vus peuvent \u00eatre tr\u00e8s perturbants. Vous \u00eates peut-\u00eatre \u00e0 la<br>recherche d\u2019un nouvel emploi apr\u00e8s avoir occup\u00e9 le m\u00eame poste pendant de nombreuses<br>ann\u00e9es et que vous ne savez pas comment faire maintenant. Avez-vous d\u00e9j\u00e0 song\u00e9 \u00e0<br>cr\u00e9er une entreprise \u00e0 domicile ? Il y a ici des conseils qui peuvent vous conduire dans<br>cette direction.<\/p>\n\n\n\n<ol class=\"wp-block-list\"><li>Si vous avez besoin d\u2019internet, assurez-vous de prendre la d\u00e9duction fiscale<br>pour cette d\u00e9pense. Vous pouvez d\u00e9duire les co\u00fbts de l\u2019internet, mais si vous l\u2019utilisez<br>aussi comme la connexion internet de la famille, alors, vous ne pouvez en demander que<br>la moiti\u00e9. Renseignez-vous sur le site de la direction des imp\u00f4ts.<\/li><li>Une bonne fa\u00e7on de commencer \u00e0 rassembler des informations sur la fa\u00e7on<br>de r\u00e9ussir la gestion de son entreprise \u00e0 domicile est de rejoindre les forums ou<br>les groupes communautaires en ligne. Ces sites sont faciles \u00e0 trouver gr\u00e2ce aux<br>moteurs de recherche sur internet et peuvent vous offrir l\u2019information dont vous avez<br>besoin pour votre entreprise. Les blogs en ligne peuvent \u00eatre une ressource<br>suppl\u00e9mentaire que vous pourriez trouver utile.<\/li><li>Il est important de prendre de courtes pauses au cours de votre journ\u00e9e de<br>travail. Cependant, n\u2019utilisez pas votre temps de pause pour vous occuper des affaires<br>personnelles compliqu\u00e9es. \u00c9vitez d\u2019utiliser le t\u00e9l\u00e9phone trop souvent pour des raisons<br>personnelles, et ne vous engagez pas dans des projets ou des travaux de maison trop<br>compliqu\u00e9s et qui pourraient vous couper de votre travail. Prenez le temps de recharger<br>vos batteries en prenant une marche ou en sirotant une tasse de th\u00e9.<\/li><li>Si vous allez r\u00e9ussir, vous devez trouver des moyens simples pour vous<br>promouvoir. Vous devez \u00eatre en mesure de chanter les louanges de votre entreprise.<br>Vous devez convaincre le client que les produits et services que vous fournissez sont de<br>qualit\u00e9 sup\u00e9rieure. Vous devez \u00eatre \u00e0 l\u2019aise avec l\u2019autopromotion si vous voulez qu\u2019un<br>jour votre entreprise soit couronn\u00e9e de succ\u00e8s.<\/li><li>Continuez \u00e0 regarder devant vous. Bien qu\u2019il soit important de c\u00e9l\u00e9brer vos succ\u00e8s<br>pass\u00e9s, vous devez garder \u00e0 l\u2019esprit que ces derniers ont d\u00e9j\u00e0 eu lieu et que vous devez<br>maintenant vous efforcer de mettre l\u2019accent sur ce qui est \u00e0 venir. En mettant<br>constamment \u00e0 jour votre base de connaissance, vous pouvez alors rester \u00e0 jour avec les<br>tendances actuelles et vous pr\u00e9servez des \u00e9ventuels obstacles \u00e0 venir. Et ainsi il y aura<br>moins de mauvaises surprises pour vous.<\/li><li>Il est important de tenir vos clients inform\u00e9s des actualit\u00e9s de votre<br>entreprise, sans pour autant les submerger. Donnez le choix \u00e0 vos clients de d\u00e9cider<br>s\u2019ils souhaitent recevoir ou pas votre newsletter, ainsi que des informations sur vos<br>nouvelles promotions. Faites preuve de mod\u00e9ration lors du partage d\u2019information, car il<br>serait incongru de bombarder vos abonn\u00e9s avec trop d\u2019e-mails.<\/li><li>Lorsque vous commencerez \u00e0 gagner de l\u2019argent, mettez de c\u00f4t\u00e9 une partie<br>de ce que vous gagnez pour le r\u00e8glement de votre fiscalit\u00e9. Les taxes li\u00e9es aux<br>entreprises \u00e0 domicile varient g\u00e9n\u00e9ralement entre 15 % \u00e0 20 %, alors pensez \u00e0 mettre<br>de c\u00f4t\u00e9 de l\u2019argent pour \u00e9viter d\u2019avoir \u00e0 vous d\u00e9mener pour payer \u00e0 la fin de l\u2019ann\u00e9e.<\/li><li>Consultez un avocat avant de cr\u00e9er votre entreprise. Les lois r\u00e9gissant les<br>entreprises \u00e0 domicile varient selon les r\u00e9gions. Un avocat d\u2019affaires peut vous informer<br>de toutes les lois dont vous devez \u00eatre au courant. Il peut aussi repr\u00e9senter une grande<br>source de conseils lors du d\u00e9marrage de votre entreprise \u00e0 domicile, et vous aidera \u00e0<br>rester hors d\u2019ennui.<br>En lisant cet article, nous esp\u00e9rons que vous avez \u00e9t\u00e9 motiv\u00e9 \u00e0 prendre votre vie en<br>mains. On vous a donn\u00e9 beaucoup de conseils sur le d\u00e9marrage d\u2019une entreprise \u00e0<br>domicile, il est maintenant temps de prendre le taureau par les cornes et de vous lancer !<br>Vous pouvez garder cet article comme r\u00e9f\u00e9rence \u00e0 lire quand vous n\u2019\u00eates pas s\u00fbr de vous<br>souvenir d\u2019un certain paragraphe.<\/li><\/ol>\n\n\n\n<div class=\"wp-block-columns is-layout-flex wp-container-core-columns-is-layout-1 wp-block-columns-is-layout-flex\">\n<div class=\"wp-block-column is-layout-flow wp-block-column-is-layout-flow\"><\/div>\n\n\n\n<div class=\"wp-block-column is-layout-flow wp-block-column-is-layout-flow\">\n<ul class=\"has-small-font-size wp-block-list\"><li><a href=\"https:\/\/creervotrebusiness.com\/index.php\/7-conseils-pour-gerer-efficacement-votre-entreprise-a-domicile\/\">7 conseils pour g\u00e9rer efficacement votre entreprise \u00e0 domicile.<\/a><\/li><li><a href=\"https:\/\/creervotrebusiness.com\/index.php\/8-astuces-que-vous-devez-connaitre-pour-gerer-efficacement-votre-petite-entreprise-a-domicile\/\">8 Astuces que vous devez connaitre pour g\u00e9rer efficacement votre petite entreprise \u00e0 domicile !<\/a><\/li><li><a href=\"https:\/\/creervotrebusiness.com\/index.php\/8-conseils-de-qualite-pour-faire-progresser-votre-entreprise-a-domicile\/\">8 Conseils de qualit\u00e9 pour faire progresser votre entreprise \u00e0 domicile<\/a><\/li><li><a href=\"https:\/\/creervotrebusiness.com\/index.php\/8-conseils-pour-reussir-rapidement-le-lancement-de-son-entreprise-a-domicile\/\">8 conseils pour r\u00e9ussir rapidement le lancement de son entreprise \u00e0 domicile<\/a><\/li><li><a href=\"https:\/\/creervotrebusiness.com\/index.php\/8-conseils-pour-reussir-votre-projet-dentreprise-a-domicile\/\">8 Conseils pour r\u00e9ussir votre projet d\u2019entreprise \u00e0 domicile<\/a><\/li><li><a href=\"https:\/\/creervotrebusiness.com\/index.php\/9-conseils-dexperts-sur-les-entreprises-a-domicile-peu-connus-de-la-masse\/\">9 Conseils d\u2019experts sur les entreprises \u00e0 domicile peu connus de la masse.<\/a><\/li><li><a href=\"https:\/\/creervotrebusiness.com\/index.php\/9-precieux-conseils-pour-les-proprietaires-dentreprise-a-domicile\/\">9 pr\u00e9cieux conseils pour les propri\u00e9taires d\u2019entreprise \u00e0 domicile.<\/a><\/li><li><a href=\"https:\/\/creervotrebusiness.com\/index.php\/appliquez-ces-conseils-pour-votre-entreprise-a-domicile\/\">Appliquez ces conseils pour votre entreprise \u00e0 domicile<\/a><\/li><li><a href=\"https:\/\/creervotrebusiness.com\/index.php\/apprenez-comment-atteindre-le-succes-avec-votre-entreprise-a-domicile\/\">Apprenez comment atteindre le succ\u00e8s avec votre entreprise \u00e0 domicile.<\/a><\/li><li><a href=\"https:\/\/creervotrebusiness.com\/index.php\/apprenez-comment-mieux-gerer-votre-entreprise-a-domicile\/\">Apprenez comment mieux g\u00e9rer votre entreprise \u00e0 domicile<\/a><\/li><li><a href=\"https:\/\/creervotrebusiness.com\/index.php\/batir-une-entreprise-a-domicile-efficace-et-efficiente-avec-ces-excellents-conseils\/\">B\u00e2tir une entreprise \u00e0 domicile efficace et efficiente avec ces excellents conseil<\/a>s<\/li><li><a href=\"https:\/\/creervotrebusiness.com\/index.php\/ce-que-vous-devez-savoir-au-sujet-des-entreprises-a-domicile\/\">Ce que vous devez savoir au sujet des entreprises \u00e0 domicile.<\/a><\/li><li><a href=\"https:\/\/creervotrebusiness.com\/index.php\/comment-faire-pour-creer-une-entreprise-a-domicile-prospere\/\">Comment faire pour cr\u00e9er une entreprise \u00e0 domicile prosp\u00e8re.<\/a><\/li><li><a href=\"https:\/\/creervotrebusiness.com\/index.php\/du-reve-a-la-realite-9-conseils-pratiques-pour-reussir-son-entreprise-a-domicile\/\">Du r\u00eave \u00e0 la r\u00e9alit\u00e9 : 9 Conseils pratiques pour r\u00e9ussir son entreprise \u00e0 domicile.<\/a><\/li><li><a href=\"https:\/\/creervotrebusiness.com\/index.php\/essayez-ces-conseils-pour-une-entreprise-a-domicile-reussie\/\">Essayez ces conseils pour une entreprise \u00e0 domicile r\u00e9ussie.<\/a><\/li><li><a href=\"https:\/\/creervotrebusiness.com\/index.php\/etes-vous-la-recherche-dinformations-sur-lentrepreneuriat-a-domicile-alors-lisez-ces-precieux-conseils\/\">\u00cates-vous la recherche d\u2019informations sur l\u2019entrepreneuriat \u00e0 domicile ? Alors, lisez ces pr\u00e9cieux conseils !<\/a><\/li><li><a href=\"https:\/\/creervotrebusiness.com\/index.php\/gagner-de-largent-sans-mettre-un-pied-a-lexterieur-8-conseils-pour-reussir-son-entreprise-a-domicile\/\">Gagner de l\u2019argent sans mettre un pied \u00e0 l\u2019ext\u00e9rieur : 8 Conseils pour r\u00e9ussir son entreprise \u00e0 domicile<\/a><\/li><li><a href=\"https:\/\/creervotrebusiness.com\/index.php\/gerer-son-entreprise-a-domicile\/\">G\u00e9rer son entreprise \u00e0 Domicile<\/a><\/li><li><a href=\"https:\/\/creervotrebusiness.com\/index.php\/gerer-une-grande-entreprise-a-partir-de-chez-soi\/\">G\u00e9rer une grande entreprise \u00e0 partir de chez soi<\/a><\/li><li><a href=\"https:\/\/creervotrebusiness.com\/index.php\/laissez-votre-entreprise-a-domicile-prendre-son-essor\/\">Laissez votre entreprise \u00e0 domicile prendre son essor<\/a><\/li><li><a href=\"https:\/\/creervotrebusiness.com\/index.php\/les-principes-de-base-dans-la-gestion-dune-entreprise-a-domicile-reussie\/\">Les principes de base dans la gestion d\u2019une entreprise \u00e0 domicile r\u00e9ussie.<\/a><\/li><li><a href=\"https:\/\/creervotrebusiness.com\/index.php\/lisez-ceci-pour-avoir-dexcellents-conseils-au-sujet-des-entreprises-a-domicile\/\">Lisez ceci pour avoir d\u2019excellents conseils au sujet des entreprises \u00e0 domicile<\/a><\/li><li><a href=\"https:\/\/creervotrebusiness.com\/index.php\/observez-votre-entreprise-a-domicile-prendre-de-lampleur-grace-a-ces-conseils\/\">Observez votre entreprise \u00e0 domicile prendre de l\u2019ampleur gr\u00e2ce \u00e0 ces conseils.<\/a><\/li><li><a href=\"https:\/\/creervotrebusiness.com\/index.php\/realisez-ce-que-vous-voulez-8-conseils-pour-que-votre-projet-dentreprise-a-domicile-marche\/\">R\u00e9alisez ce que vous voulez : 8 Conseils pour que votre projet d\u2019entreprise \u00e0 domicile marche.<\/a><\/li><\/ul>\n<\/div>\n<\/div>\n","protected":false},"excerpt":{"rendered":"<p>Les \u00e9v\u00e9nements impr\u00e9vus peuvent \u00eatre tr\u00e8s perturbants. Vous \u00eates peut-\u00eatre \u00e0 larecherche d\u2019un nouvel emploi apr\u00e8s avoir occup\u00e9 le m\u00eame poste pendant de nombreusesann\u00e9es et que vous ne savez pas comment faire maintenant. Avez-vous d\u00e9j\u00e0 song\u00e9 \u00e0cr\u00e9er une entreprise \u00e0&#8230; <a href=\"https:\/\/creervotrebusiness.com\/index.php\/lisez-ceci-pour-avoir-dexcellents-conseils-au-sujet-des-entreprises-a-domicile\/\" class=\"readmore\">Read more<span class=\"screen-reader-text\">Lisez ceci pour avoir d\u2019excellents conseils au sujet des entreprises \u00e0 domicile<\/span><span class=\"fa fa-angle-double-right\" aria-hidden=\"true\"><\/span><\/a><\/p>\n","protected":false},"author":1,"featured_media":0,"parent":0,"menu_order":0,"comment_status":"closed","ping_status":"closed","template":"","meta":{"om_disable_all_campaigns":false,"_monsterinsights_skip_tracking":false,"_monsterinsights_sitenote_active":false,"_monsterinsights_sitenote_note":"","_monsterinsights_sitenote_category":0,"footnotes":""},"class_list":["post-312","page","type-page","status-publish","hentry"],"_links":{"self":[{"href":"https:\/\/creervotrebusiness.com\/index.php\/wp-json\/wp\/v2\/pages\/312","targetHints":{"allow":["GET"]}}],"collection":[{"href":"https:\/\/creervotrebusiness.com\/index.php\/wp-json\/wp\/v2\/pages"}],"about":[{"href":"https:\/\/creervotrebusiness.com\/index.php\/wp-json\/wp\/v2\/types\/page"}],"author":[{"embeddable":true,"href":"https:\/\/creervotrebusiness.com\/index.php\/wp-json\/wp\/v2\/users\/1"}],"replies":[{"embeddable":true,"href":"https:\/\/creervotrebusiness.com\/index.php\/wp-json\/wp\/v2\/comments?post=312"}],"version-history":[{"count":2,"href":"https:\/\/creervotrebusiness.com\/index.php\/wp-json\/wp\/v2\/pages\/312\/revisions"}],"predecessor-version":[{"id":344,"href":"https:\/\/creervotrebusiness.com\/index.php\/wp-json\/wp\/v2\/pages\/312\/revisions\/344"}],"wp:attachment":[{"href":"https:\/\/creervotrebusiness.com\/index.php\/wp-json\/wp\/v2\/media?parent=312"}],"curies":[{"name":"wp","href":"https:\/\/api.w.org\/{rel}","templated":true}]}}