{"id":308,"date":"2022-11-17T13:02:32","date_gmt":"2022-11-17T13:02:32","guid":{"rendered":"https:\/\/creervotrebusiness.com\/?page_id=308"},"modified":"2022-11-17T20:50:10","modified_gmt":"2022-11-17T20:50:10","slug":"laissez-votre-entreprise-a-domicile-prendre-son-essor","status":"publish","type":"page","link":"https:\/\/creervotrebusiness.com\/index.php\/laissez-votre-entreprise-a-domicile-prendre-son-essor\/","title":{"rendered":"Laissez votre entreprise \u00e0 domicile prendre son essor"},"content":{"rendered":"\n<p><br>Il est vrai que les entreprises \u00e0 domicile peuvent \u00eatre un pari risqu\u00e9, toutefois il se trouve<br>qu\u2019elles sont souvent rentables. C\u2019est pour cette raison, entre autres, que beaucoup de<br>gens veulent \u00eatre leur propre patron. Cependant, pour r\u00e9ussir vous devez toujours agir<br>professionnellement et gardez votre volont\u00e9 intacte. Vous lirez ici quelques conseils pour<br>g\u00e9rer efficacement son entreprise \u00e0 domicile.<\/p>\n\n\n\n<ol class=\"wp-block-list\"><li>N\u2019oubliez pas de prendre des pauses de temps \u00e0 autre, mais ne laissez pas les<br>t\u00e2ches m\u00e9nag\u00e8res ou les activit\u00e9s personnelles vous d\u00e9rober de votre travail.<br>Par exemple, ne restez pas des heures au t\u00e9l\u00e9phone \u00e0 papoter de tout et de rien alors<br>que vous avez du travail qui vous attend. Prenez le temps de recharger vos batteries en<br>prenant une marche ou en sirotant une tasse de th\u00e9.<\/li><li>Veillez \u00e0 distinguer clairement votre temps de travail et le temps que vous<br>prenez pour vous. Cela peut \u00eatre fait en \u00e9laborant un planning r\u00e9gulier des heures de<br>travail et de s\u2019y coller. D\u00e9finir l\u2019heure d\u2019arr\u00eat de travail o\u00f9 vous cesserez d\u2019accepter les<br>appels en rapport \u00e0 votre entreprise. Faites de la place dans vos journ\u00e9es pour vos amis,<br>votre famille et pour vous-m\u00eame.<\/li><li>Lorsque vient le temps d\u2019embaucher des employ\u00e9s pour vous aider avec votre<br>entreprise \u00e0 domicile, vous devrez alors \u00eatre judicieux dans vos recrutements.<br>Soyez certain que tous les employ\u00e9s que vous embauchez sont bien qualifi\u00e9s pour vendre<br>votre produit ou votre service afin d\u2019\u00e9viter tout dommage \u00e0 votre entreprise.<\/li><li>Si vous avez du mal \u00e0 penser au produit que vous allez vendre, imaginer<br>quelque chose que vous trouvez, vous-m\u00eame, utile dans votre vie quotidienne.<br>Essayez de d\u00e9terminer les besoins de vos clients avant de choisir un produit. Si vous<br>avez un certain besoin non combl\u00e9 dans la vie, il y a des chances pour que d\u2019autres<br>personnes l\u2019aient aussi.<\/li><li>Parce que rien ne peut assurer totalement la r\u00e9ussite de votre entreprise \u00e0<br>domicile, vous devez commencer le processus de cr\u00e9ation pendant que vous<br>percevez encore un salaire. Il faut un certain temps pour commencer \u00e0 faire de<br>l\u2019argent, donc si vous pouvez garder les revenus actuels de votre travail, ceux-ci seront<br>votre filet de secours.<\/li><li>Chercher activement le soutien des autres propri\u00e9taires d\u2019entreprise \u00e0<br>domicile. Vous pouvez ainsi trouver d\u2019autres personnes qui sont int\u00e9ress\u00e9es par la<br>formation d\u2019un r\u00e9seau qui r\u00e9pond \u00e0 vos besoins particuliers. Alors que tous les membres<br>ne seront pas forc\u00e9ment du m\u00eame domaine d\u2019activit\u00e9 que le v\u00f4tre, vous aurez au moins<br>en commun le fait de poss\u00e9der tous une entreprise \u00e0 domicile.<\/li><li>Assurez-vous de garder une trace de toutes vos d\u00e9penses, car cela peut vous<br>aider \u00e0 garder un suivi et ainsi il vous sera possible de r\u00e9aliser des \u00e9conomies.<br>Vous devez garder une trace de vos d\u00e9penses, comme pour les frais des fournitures de<br>bureau et ceux d\u2019internet. Vous pouvez d\u00e9duire un grand nombre de ces d\u00e9penses de vos<br>imp\u00f4ts. Pour \u00e9viter d\u2019\u00e9ventuelles complications fiscales dont vous pouvez tr\u00e8s bien vous<br>passer, souvenez-vous de suivre toutes les d\u00e9penses li\u00e9es \u00e0 votre activit\u00e9<br>professionnelle.<\/li><li>Avant de d\u00e9marrer une entreprise \u00e0 domicile, d\u00e9finissez votre public cible.<br>Vous pouvez penser que vous savez tout ce qu\u2019il y a \u00e0 savoir au sujet de votre produit ou<br>de votre service, mais vous ne pouvez ignorer la dynamique du march\u00e9. Fournir un<br>produit n\u2019est pas la m\u00eame chose que de conna\u00eetre les clients, les demandes saisonni\u00e8res,<br>les forces du march\u00e9, etc. Si une pr\u00e9sence sur le web est pr\u00e9vue, assurez-vous de<br>conna\u00eetre les pr\u00e9f\u00e9rences en ligne de vos clients.<br>Il est important de bien vous rappeler que la r\u00e9ussite ou l\u2019\u00e9chec de votre entreprise \u00e0<br>domicile d\u00e9pend de vous et de votre volont\u00e9. Mettez en pratique les conseils comme ceux<br>contenus dans cet article pour rendre votre entreprise \u00e0 domicile, une entreprise r\u00e9ussie<br>et prosp\u00e8re.<\/li><\/ol>\n\n\n\n<div class=\"wp-block-columns is-layout-flex wp-container-core-columns-is-layout-1 wp-block-columns-is-layout-flex\">\n<div class=\"wp-block-column is-layout-flow wp-block-column-is-layout-flow\"><\/div>\n\n\n\n<div class=\"wp-block-column is-layout-flow wp-block-column-is-layout-flow\">\n<ul class=\"has-small-font-size wp-block-list\"><li><a href=\"https:\/\/creervotrebusiness.com\/index.php\/7-conseils-pour-gerer-efficacement-votre-entreprise-a-domicile\/\">7 conseils pour g\u00e9rer efficacement votre entreprise \u00e0 domicile.<\/a><\/li><li><a href=\"https:\/\/creervotrebusiness.com\/index.php\/8-astuces-que-vous-devez-connaitre-pour-gerer-efficacement-votre-petite-entreprise-a-domicile\/\">8 Astuces que vous devez connaitre pour g\u00e9rer efficacement votre petite entreprise \u00e0 domicile !<\/a><\/li><li><a href=\"https:\/\/creervotrebusiness.com\/index.php\/8-conseils-de-qualite-pour-faire-progresser-votre-entreprise-a-domicile\/\">8 Conseils de qualit\u00e9 pour faire progresser votre entreprise \u00e0 domicile<\/a><\/li><li><a href=\"https:\/\/creervotrebusiness.com\/index.php\/8-conseils-pour-reussir-rapidement-le-lancement-de-son-entreprise-a-domicile\/\">8 conseils pour r\u00e9ussir rapidement le lancement de son entreprise \u00e0 domicile<\/a><\/li><li><a href=\"https:\/\/creervotrebusiness.com\/index.php\/8-conseils-pour-reussir-votre-projet-dentreprise-a-domicile\/\">8 Conseils pour r\u00e9ussir votre projet d\u2019entreprise \u00e0 domicile<\/a><\/li><li><a href=\"https:\/\/creervotrebusiness.com\/index.php\/9-conseils-dexperts-sur-les-entreprises-a-domicile-peu-connus-de-la-masse\/\">9 Conseils d\u2019experts sur les entreprises \u00e0 domicile peu connus de la masse.<\/a><\/li><li><a href=\"https:\/\/creervotrebusiness.com\/index.php\/9-precieux-conseils-pour-les-proprietaires-dentreprise-a-domicile\/\">9 pr\u00e9cieux conseils pour les propri\u00e9taires d\u2019entreprise \u00e0 domicile.<\/a><\/li><li><a href=\"https:\/\/creervotrebusiness.com\/index.php\/appliquez-ces-conseils-pour-votre-entreprise-a-domicile\/\">Appliquez ces conseils pour votre entreprise \u00e0 domicile<\/a><\/li><li><a href=\"https:\/\/creervotrebusiness.com\/index.php\/apprenez-comment-atteindre-le-succes-avec-votre-entreprise-a-domicile\/\">Apprenez comment atteindre le succ\u00e8s avec votre entreprise \u00e0 domicile.<\/a><\/li><li><a href=\"https:\/\/creervotrebusiness.com\/index.php\/apprenez-comment-mieux-gerer-votre-entreprise-a-domicile\/\">Apprenez comment mieux g\u00e9rer votre entreprise \u00e0 domicile<\/a><\/li><li><a href=\"https:\/\/creervotrebusiness.com\/index.php\/batir-une-entreprise-a-domicile-efficace-et-efficiente-avec-ces-excellents-conseils\/\">B\u00e2tir une entreprise \u00e0 domicile efficace et efficiente avec ces excellents conseil<\/a>s<\/li><li><a href=\"https:\/\/creervotrebusiness.com\/index.php\/ce-que-vous-devez-savoir-au-sujet-des-entreprises-a-domicile\/\">Ce que vous devez savoir au sujet des entreprises \u00e0 domicile.<\/a><\/li><li><a href=\"https:\/\/creervotrebusiness.com\/index.php\/comment-faire-pour-creer-une-entreprise-a-domicile-prospere\/\">Comment faire pour cr\u00e9er une entreprise \u00e0 domicile prosp\u00e8re.<\/a><\/li><li><a href=\"https:\/\/creervotrebusiness.com\/index.php\/du-reve-a-la-realite-9-conseils-pratiques-pour-reussir-son-entreprise-a-domicile\/\">Du r\u00eave \u00e0 la r\u00e9alit\u00e9 : 9 Conseils pratiques pour r\u00e9ussir son entreprise \u00e0 domicile.<\/a><\/li><li><a href=\"https:\/\/creervotrebusiness.com\/index.php\/essayez-ces-conseils-pour-une-entreprise-a-domicile-reussie\/\">Essayez ces conseils pour une entreprise \u00e0 domicile r\u00e9ussie.<\/a><\/li><li><a href=\"https:\/\/creervotrebusiness.com\/index.php\/etes-vous-la-recherche-dinformations-sur-lentrepreneuriat-a-domicile-alors-lisez-ces-precieux-conseils\/\">\u00cates-vous la recherche d\u2019informations sur l\u2019entrepreneuriat \u00e0 domicile ? Alors, lisez ces pr\u00e9cieux conseils !<\/a><\/li><li><a href=\"https:\/\/creervotrebusiness.com\/index.php\/gagner-de-largent-sans-mettre-un-pied-a-lexterieur-8-conseils-pour-reussir-son-entreprise-a-domicile\/\">Gagner de l\u2019argent sans mettre un pied \u00e0 l\u2019ext\u00e9rieur : 8 Conseils pour r\u00e9ussir son entreprise \u00e0 domicile<\/a><\/li><li><a href=\"https:\/\/creervotrebusiness.com\/index.php\/gerer-son-entreprise-a-domicile\/\">G\u00e9rer son entreprise \u00e0 Domicile<\/a><\/li><li><a href=\"https:\/\/creervotrebusiness.com\/index.php\/gerer-une-grande-entreprise-a-partir-de-chez-soi\/\">G\u00e9rer une grande entreprise \u00e0 partir de chez soi<\/a><\/li><li><a href=\"https:\/\/creervotrebusiness.com\/index.php\/laissez-votre-entreprise-a-domicile-prendre-son-essor\/\">Laissez votre entreprise \u00e0 domicile prendre son essor<\/a><\/li><li><a href=\"https:\/\/creervotrebusiness.com\/index.php\/les-principes-de-base-dans-la-gestion-dune-entreprise-a-domicile-reussie\/\">Les principes de base dans la gestion d\u2019une entreprise \u00e0 domicile r\u00e9ussie.<\/a><\/li><li><a href=\"https:\/\/creervotrebusiness.com\/index.php\/lisez-ceci-pour-avoir-dexcellents-conseils-au-sujet-des-entreprises-a-domicile\/\">Lisez ceci pour avoir d\u2019excellents conseils au sujet des entreprises \u00e0 domicile<\/a><\/li><li><a href=\"https:\/\/creervotrebusiness.com\/index.php\/observez-votre-entreprise-a-domicile-prendre-de-lampleur-grace-a-ces-conseils\/\">Observez votre entreprise \u00e0 domicile prendre de l\u2019ampleur gr\u00e2ce \u00e0 ces conseils.<\/a><\/li><li><a href=\"https:\/\/creervotrebusiness.com\/index.php\/realisez-ce-que-vous-voulez-8-conseils-pour-que-votre-projet-dentreprise-a-domicile-marche\/\">R\u00e9alisez ce que vous voulez : 8 Conseils pour que votre projet d\u2019entreprise \u00e0 domicile marche.<\/a><\/li><\/ul>\n<\/div>\n<\/div>\n","protected":false},"excerpt":{"rendered":"<p>Il est vrai que les entreprises \u00e0 domicile peuvent \u00eatre un pari risqu\u00e9, toutefois il se trouvequ\u2019elles sont souvent rentables. C\u2019est pour cette raison, entre autres, que beaucoup degens veulent \u00eatre leur propre patron. Cependant, pour r\u00e9ussir vous devez toujours&#8230; <a href=\"https:\/\/creervotrebusiness.com\/index.php\/laissez-votre-entreprise-a-domicile-prendre-son-essor\/\" class=\"readmore\">Read more<span class=\"screen-reader-text\">Laissez votre entreprise \u00e0 domicile prendre son essor<\/span><span class=\"fa fa-angle-double-right\" aria-hidden=\"true\"><\/span><\/a><\/p>\n","protected":false},"author":1,"featured_media":0,"parent":0,"menu_order":0,"comment_status":"closed","ping_status":"closed","template":"","meta":{"om_disable_all_campaigns":false,"_monsterinsights_skip_tracking":false,"_monsterinsights_sitenote_active":false,"_monsterinsights_sitenote_note":"","_monsterinsights_sitenote_category":0,"footnotes":""},"class_list":["post-308","page","type-page","status-publish","hentry"],"_links":{"self":[{"href":"https:\/\/creervotrebusiness.com\/index.php\/wp-json\/wp\/v2\/pages\/308","targetHints":{"allow":["GET"]}}],"collection":[{"href":"https:\/\/creervotrebusiness.com\/index.php\/wp-json\/wp\/v2\/pages"}],"about":[{"href":"https:\/\/creervotrebusiness.com\/index.php\/wp-json\/wp\/v2\/types\/page"}],"author":[{"embeddable":true,"href":"https:\/\/creervotrebusiness.com\/index.php\/wp-json\/wp\/v2\/users\/1"}],"replies":[{"embeddable":true,"href":"https:\/\/creervotrebusiness.com\/index.php\/wp-json\/wp\/v2\/comments?post=308"}],"version-history":[{"count":2,"href":"https:\/\/creervotrebusiness.com\/index.php\/wp-json\/wp\/v2\/pages\/308\/revisions"}],"predecessor-version":[{"id":341,"href":"https:\/\/creervotrebusiness.com\/index.php\/wp-json\/wp\/v2\/pages\/308\/revisions\/341"}],"wp:attachment":[{"href":"https:\/\/creervotrebusiness.com\/index.php\/wp-json\/wp\/v2\/media?parent=308"}],"curies":[{"name":"wp","href":"https:\/\/api.w.org\/{rel}","templated":true}]}}