{"id":304,"date":"2022-11-17T13:00:38","date_gmt":"2022-11-17T13:00:38","guid":{"rendered":"https:\/\/creervotrebusiness.com\/?page_id=304"},"modified":"2022-11-17T20:55:15","modified_gmt":"2022-11-17T20:55:15","slug":"gagner-de-largent-sans-mettre-un-pied-a-lexterieur-8-conseils-pour-reussir-son-entreprise-a-domicile","status":"publish","type":"page","link":"https:\/\/creervotrebusiness.com\/index.php\/gagner-de-largent-sans-mettre-un-pied-a-lexterieur-8-conseils-pour-reussir-son-entreprise-a-domicile\/","title":{"rendered":"Gagner de l\u2019argent sans mettre un pied \u00e0 l\u2019ext\u00e9rieur : 8 Conseils pour r\u00e9ussir son entreprise \u00e0 domicile"},"content":{"rendered":"\n<p><br>Alors que les entreprises \u00e0 domicile ont d\u00e9j\u00e0 fait leurs preuves, beaucoup de personnes<br>ont encore peur de faire le pas. Mais, comment fait-on pour commencer ? Comment faire<br>pour \u00e9viter de tomber dans des erreurs de d\u00e9butants et r\u00e9ussir \u00e0 lancer son projet ?<br>Vous devez r\u00e9pondre \u00e0 toutes ces questions avant de vous y mettre. Heureusement, les<br>conseils dont vous avez besoin sont faciles \u00e0 trouver si vous savez o\u00f9 chercher. Vous<br>pouvez commencer par cet article pour faire de votre projet une entreprise rentable.<\/p>\n\n\n\n<ol class=\"wp-block-list\"><li>Lorsqu\u2019il viendra le temps d\u2019\u00e9largir votre personnel d\u2019entreprise, assurezvous de faire des recherches sur vos recrues potentielles. Vous devez \u00eatre certain<br>que tous vos employ\u00e9s sont qualifi\u00e9s et fiables afin d\u2019\u00e9viter qu\u2019ils n\u2019entravent au bon<br>fonctionnement de votre entreprise.<\/li><li>Si vous avez du mal \u00e0 penser au bon produit \u00e0 vendre, pensez \u00e0 quelque<br>chose que vous trouvez utile dans votre vie quotidienne. La s\u00e9lection des produits<br>devrait \u00eatre fond\u00e9e sur les besoins du march\u00e9. S\u2019il y a quelque chose qui vous est<br>indispensable dans votre vie, il y a des chances pour que d\u2019autres personnes aient les<br>m\u00eames besoins.<\/li><li>Si vous songez \u00e0 d\u00e9marrer une entreprise \u00e0 domicile et que vous occupez<br>d\u00e9j\u00e0 un poste ailleurs, ne quittez pas votre emploi tout de suite. Une entreprise a<br>besoin de temps pour devenir rentable, alors ne vous attendez \u00e0 ce que la v\u00f4tre soit une<br>exception ! Vous devez donc avoir une autre source de revenue en attendant que les<br>affaires d\u00e9collent.<\/li><li>Pour vos ventes en ligne, faites des recherches sur les prix actuellement<br>pratiqu\u00e9s par la concurrence avant de d\u00e9finir votre propre prix. Essayez de garder<br>vos prix un peu moins \u00e9lev\u00e9s que ceux de la concurrence. Parler mal \u00e0 propos de vos<br>challengers n\u2019est jamais une bonne id\u00e9e ; pensez simplement \u00e0 construire votre propre<br>image.<\/li><li>L\u2019ouverture d\u2019un compte sp\u00e9cialement d\u00e9di\u00e9 \u00e0 votre entreprise vous aidera \u00e0<br>garder une tra\u00e7abilit\u00e9 de vos transactions commerciales. Toutes vos transactions<br>et vos d\u00e9penses commerciales devraient passer par votre compte d\u2019entreprise. Une fois<br>que vous vous \u00eates organis\u00e9 de cette mani\u00e8re, vous aurez un moyen pratique d\u2019examiner<br>les finances de votre entreprise, et ce \u00e0 tout moment. En plus du compte courant, vous<br>aurez besoin d\u2019une carte de cr\u00e9dit dont l\u2019utilisation sera enti\u00e8rement consacr\u00e9e \u00e0<br>l\u2019entreprise, telle que pour les achats qui ne peuvent \u00eatre r\u00e9alis\u00e9s par voie de ch\u00e8que.<\/li><li>Choisissez un nom pour votre entreprise qui renferme une valeur<br>personnelle. Acheter un nom de domaine pour votre entreprise, m\u00eame si vous n\u2019avez<br>pas encore mis au point votre site. Beaucoup de noms de domaines sont \u00e0 moins de<br>10 euros par ann\u00e9e, faites donc en sorte d\u2019acheter votre nom de domaine le plus<br>vite possible sinon il risque d\u2019\u00eatre pris par une autre personne. Vous pouvez<br>d\u2019ores et d\u00e9j\u00e0 mettre en ligne un site \u00ab one page \u00bb avec l\u2019essentiel de vos<br>informations, comme vos coordonn\u00e9es d\u2019affaires, vous d\u00e9ciderez ensuite si oui<br>ou non vous avez besoin d\u2019un site plus complet.<\/li><li>D\u00e9finir un objectif \u00e0 atteindre pour chaque jour. Vous n\u2019arriverez peut-\u00eatre pas \u00e0<br>bout de chaque objectif tous les jours, mais les objectifs vous aideront \u00e0 rester sur la<br>voie de l\u2019accomplissement de ce qui doit \u00eatre fait. Assurez-vous aussi de d\u00e9finir certaines<br>limites dans votre foyer afin que votre famille retienne bien votre espace de travail.<\/li><li>Vous devez vous enqu\u00e9rir de toutes les lois et de tous les r\u00e8glements locaux<br>qui encadrent votre activit\u00e9. Si vous ne le faites pas, vous risquez d\u2019\u00eatre le sujet<br>d\u2019amendes, de fermetures et d\u2019autres embarras. Faites tout \u00e0 la lettre de la loi, et<br>essayez de garder de bonnes relations avec vos voisins en restant discret. Cela peut<br>signifier \u00e9viter de faire du boucan et maintenir ses visites au minimum. Bref, essayez<br>d\u2019\u00eatre aussi courtois que possible.<br>Comme il a \u00e9t\u00e9 mentionn\u00e9 plus haut dans cet article, une entreprise \u00e0 domicile peut \u00eatre<br>\u00e0 la fois attrayante et intimidante. Nous esp\u00e9rons que vous avez glan\u00e9 quelques bonnes<br>informations et quelques bons conseils de cet article. Mettez ces conseils en action, et<br>observez comment les choses vont commencer \u00e0 marcher pour votre entreprise \u00e0<br>domicile.<\/li><\/ol>\n\n\n\n<div class=\"wp-block-columns is-layout-flex wp-container-core-columns-is-layout-1 wp-block-columns-is-layout-flex\">\n<div class=\"wp-block-column is-layout-flow wp-block-column-is-layout-flow\"><\/div>\n\n\n\n<div class=\"wp-block-column is-layout-flow wp-block-column-is-layout-flow\">\n<ul class=\"has-small-font-size wp-block-list\"><li><a href=\"https:\/\/creervotrebusiness.com\/index.php\/7-conseils-pour-gerer-efficacement-votre-entreprise-a-domicile\/\">7 conseils pour g\u00e9rer efficacement votre entreprise \u00e0 domicile.<\/a><\/li><li><a href=\"https:\/\/creervotrebusiness.com\/index.php\/8-astuces-que-vous-devez-connaitre-pour-gerer-efficacement-votre-petite-entreprise-a-domicile\/\">8 Astuces que vous devez connaitre pour g\u00e9rer efficacement votre petite entreprise \u00e0 domicile !<\/a><\/li><li><a href=\"https:\/\/creervotrebusiness.com\/index.php\/8-conseils-de-qualite-pour-faire-progresser-votre-entreprise-a-domicile\/\">8 Conseils de qualit\u00e9 pour faire progresser votre entreprise \u00e0 domicile<\/a><\/li><li><a href=\"https:\/\/creervotrebusiness.com\/index.php\/8-conseils-pour-reussir-rapidement-le-lancement-de-son-entreprise-a-domicile\/\">8 conseils pour r\u00e9ussir rapidement le lancement de son entreprise \u00e0 domicile<\/a><\/li><li><a href=\"https:\/\/creervotrebusiness.com\/index.php\/8-conseils-pour-reussir-votre-projet-dentreprise-a-domicile\/\">8 Conseils pour r\u00e9ussir votre projet d\u2019entreprise \u00e0 domicile<\/a><\/li><li><a href=\"https:\/\/creervotrebusiness.com\/index.php\/9-conseils-dexperts-sur-les-entreprises-a-domicile-peu-connus-de-la-masse\/\">9 Conseils d\u2019experts sur les entreprises \u00e0 domicile peu connus de la masse.<\/a><\/li><li><a href=\"https:\/\/creervotrebusiness.com\/index.php\/9-precieux-conseils-pour-les-proprietaires-dentreprise-a-domicile\/\">9 pr\u00e9cieux conseils pour les propri\u00e9taires d\u2019entreprise \u00e0 domicile.<\/a><\/li><li><a href=\"https:\/\/creervotrebusiness.com\/index.php\/appliquez-ces-conseils-pour-votre-entreprise-a-domicile\/\">Appliquez ces conseils pour votre entreprise \u00e0 domicile<\/a><\/li><li><a href=\"https:\/\/creervotrebusiness.com\/index.php\/apprenez-comment-atteindre-le-succes-avec-votre-entreprise-a-domicile\/\">Apprenez comment atteindre le succ\u00e8s avec votre entreprise \u00e0 domicile.<\/a><\/li><li><a href=\"https:\/\/creervotrebusiness.com\/index.php\/apprenez-comment-mieux-gerer-votre-entreprise-a-domicile\/\">Apprenez comment mieux g\u00e9rer votre entreprise \u00e0 domicile<\/a><\/li><li><a href=\"https:\/\/creervotrebusiness.com\/index.php\/batir-une-entreprise-a-domicile-efficace-et-efficiente-avec-ces-excellents-conseils\/\">B\u00e2tir une entreprise \u00e0 domicile efficace et efficiente avec ces excellents conseil<\/a>s<\/li><li><a href=\"https:\/\/creervotrebusiness.com\/index.php\/ce-que-vous-devez-savoir-au-sujet-des-entreprises-a-domicile\/\">Ce que vous devez savoir au sujet des entreprises \u00e0 domicile.<\/a><\/li><li><a href=\"https:\/\/creervotrebusiness.com\/index.php\/comment-faire-pour-creer-une-entreprise-a-domicile-prospere\/\">Comment faire pour cr\u00e9er une entreprise \u00e0 domicile prosp\u00e8re.<\/a><\/li><li><a href=\"https:\/\/creervotrebusiness.com\/index.php\/du-reve-a-la-realite-9-conseils-pratiques-pour-reussir-son-entreprise-a-domicile\/\">Du r\u00eave \u00e0 la r\u00e9alit\u00e9 : 9 Conseils pratiques pour r\u00e9ussir son entreprise \u00e0 domicile.<\/a><\/li><li><a href=\"https:\/\/creervotrebusiness.com\/index.php\/essayez-ces-conseils-pour-une-entreprise-a-domicile-reussie\/\">Essayez ces conseils pour une entreprise \u00e0 domicile r\u00e9ussie.<\/a><\/li><li><a href=\"https:\/\/creervotrebusiness.com\/index.php\/etes-vous-la-recherche-dinformations-sur-lentrepreneuriat-a-domicile-alors-lisez-ces-precieux-conseils\/\">\u00cates-vous la recherche d\u2019informations sur l\u2019entrepreneuriat \u00e0 domicile ? Alors, lisez ces pr\u00e9cieux conseils !<\/a><\/li><li><a href=\"https:\/\/creervotrebusiness.com\/index.php\/gagner-de-largent-sans-mettre-un-pied-a-lexterieur-8-conseils-pour-reussir-son-entreprise-a-domicile\/\">Gagner de l\u2019argent sans mettre un pied \u00e0 l\u2019ext\u00e9rieur : 8 Conseils pour r\u00e9ussir son entreprise \u00e0 domicile<\/a><\/li><li><a href=\"https:\/\/creervotrebusiness.com\/index.php\/gerer-son-entreprise-a-domicile\/\">G\u00e9rer son entreprise \u00e0 Domicile<\/a><\/li><li><a href=\"https:\/\/creervotrebusiness.com\/index.php\/gerer-une-grande-entreprise-a-partir-de-chez-soi\/\">G\u00e9rer une grande entreprise \u00e0 partir de chez soi<\/a><\/li><li><a href=\"https:\/\/creervotrebusiness.com\/index.php\/laissez-votre-entreprise-a-domicile-prendre-son-essor\/\">Laissez votre entreprise \u00e0 domicile prendre son essor<\/a><\/li><li><a href=\"https:\/\/creervotrebusiness.com\/index.php\/les-principes-de-base-dans-la-gestion-dune-entreprise-a-domicile-reussie\/\">Les principes de base dans la gestion d\u2019une entreprise \u00e0 domicile r\u00e9ussie.<\/a><\/li><li><a href=\"https:\/\/creervotrebusiness.com\/index.php\/lisez-ceci-pour-avoir-dexcellents-conseils-au-sujet-des-entreprises-a-domicile\/\">Lisez ceci pour avoir d\u2019excellents conseils au sujet des entreprises \u00e0 domicile<\/a><\/li><li><a href=\"https:\/\/creervotrebusiness.com\/index.php\/observez-votre-entreprise-a-domicile-prendre-de-lampleur-grace-a-ces-conseils\/\">Observez votre entreprise \u00e0 domicile prendre de l\u2019ampleur gr\u00e2ce \u00e0 ces conseils.<\/a><\/li><li><a href=\"https:\/\/creervotrebusiness.com\/index.php\/realisez-ce-que-vous-voulez-8-conseils-pour-que-votre-projet-dentreprise-a-domicile-marche\/\">R\u00e9alisez ce que vous voulez : 8 Conseils pour que votre projet d\u2019entreprise \u00e0 domicile marche.<\/a><\/li><\/ul>\n<\/div>\n<\/div>\n","protected":false},"excerpt":{"rendered":"<p>Alors que les entreprises \u00e0 domicile ont d\u00e9j\u00e0 fait leurs preuves, beaucoup de personnesont encore peur de faire le pas. Mais, comment fait-on pour commencer ? Comment fairepour \u00e9viter de tomber dans des erreurs de d\u00e9butants et r\u00e9ussir \u00e0 lancer&#8230; <a href=\"https:\/\/creervotrebusiness.com\/index.php\/gagner-de-largent-sans-mettre-un-pied-a-lexterieur-8-conseils-pour-reussir-son-entreprise-a-domicile\/\" class=\"readmore\">Read more<span class=\"screen-reader-text\">Gagner de l\u2019argent sans mettre un pied \u00e0 l\u2019ext\u00e9rieur : 8 Conseils pour r\u00e9ussir son entreprise \u00e0 domicile<\/span><span class=\"fa fa-angle-double-right\" aria-hidden=\"true\"><\/span><\/a><\/p>\n","protected":false},"author":1,"featured_media":0,"parent":0,"menu_order":0,"comment_status":"closed","ping_status":"closed","template":"","meta":{"om_disable_all_campaigns":false,"_monsterinsights_skip_tracking":false,"_monsterinsights_sitenote_active":false,"_monsterinsights_sitenote_note":"","_monsterinsights_sitenote_category":0,"footnotes":""},"class_list":["post-304","page","type-page","status-publish","hentry"],"_links":{"self":[{"href":"https:\/\/creervotrebusiness.com\/index.php\/wp-json\/wp\/v2\/pages\/304","targetHints":{"allow":["GET"]}}],"collection":[{"href":"https:\/\/creervotrebusiness.com\/index.php\/wp-json\/wp\/v2\/pages"}],"about":[{"href":"https:\/\/creervotrebusiness.com\/index.php\/wp-json\/wp\/v2\/types\/page"}],"author":[{"embeddable":true,"href":"https:\/\/creervotrebusiness.com\/index.php\/wp-json\/wp\/v2\/users\/1"}],"replies":[{"embeddable":true,"href":"https:\/\/creervotrebusiness.com\/index.php\/wp-json\/wp\/v2\/comments?post=304"}],"version-history":[{"count":2,"href":"https:\/\/creervotrebusiness.com\/index.php\/wp-json\/wp\/v2\/pages\/304\/revisions"}],"predecessor-version":[{"id":347,"href":"https:\/\/creervotrebusiness.com\/index.php\/wp-json\/wp\/v2\/pages\/304\/revisions\/347"}],"wp:attachment":[{"href":"https:\/\/creervotrebusiness.com\/index.php\/wp-json\/wp\/v2\/media?parent=304"}],"curies":[{"name":"wp","href":"https:\/\/api.w.org\/{rel}","templated":true}]}}