{"id":302,"date":"2022-11-17T12:59:23","date_gmt":"2022-11-17T12:59:23","guid":{"rendered":"https:\/\/creervotrebusiness.com\/?page_id=302"},"modified":"2022-11-17T20:44:58","modified_gmt":"2022-11-17T20:44:58","slug":"etes-vous-la-recherche-dinformations-sur-lentrepreneuriat-a-domicile-alors-lisez-ces-precieux-conseils","status":"publish","type":"page","link":"https:\/\/creervotrebusiness.com\/index.php\/etes-vous-la-recherche-dinformations-sur-lentrepreneuriat-a-domicile-alors-lisez-ces-precieux-conseils\/","title":{"rendered":"\u00cates-vous la recherche d\u2019informations sur l\u2019entrepreneuriat \u00e0 domicile ? Alors, lisez ces pr\u00e9cieux conseils !"},"content":{"rendered":"\n<p><br>Une entreprise \u00e0 domicile doit \u00eatre construite de la m\u00eame mani\u00e8re que l\u2019on construit une<br>maison. Vous devez avoir un bon plan, une base solide et le mat\u00e9riel ad\u00e9quat. L\u2019article<br>suivant pr\u00e9sente les \u00e9l\u00e9ments essentiels d\u2019un business plan qui vous guideront vers le<br>succ\u00e8s dans votre projet \u00e0 domicile.<\/p>\n\n\n\n<ol class=\"wp-block-list\"><li>D\u00e9duisez de vos imp\u00f4ts les frais de collations et autres divertissements que<br>g\u00e9n\u00e8rent les r\u00e9unions avec vos clients. Les r\u00e9unions avec vos associ\u00e9s sont<br>consid\u00e9r\u00e9es par la loi comme des charges d\u00e9ductibles du revenu global imposable.<br>Cependant, assurez-vous que les clients vont rester clients, parce que sinon ces sorties<br>ne seront pas d\u00e9ductibles.<\/li><li>Si vous cr\u00e9ez et vendez un produit, calculer combien il vous revient de le<br>produire, afin de pouvoir calculer votre marge. Les prix de gros de base devraient<br>\u00eatre le double du cout de revient et le prix du d\u00e9tail, le double de celui du gros. Fixer un<br>prix qui d\u2019une part couvre vos frais, et qui d\u2019autre part est sensible au march\u00e9.<\/li><li>En mettant en place un planning de travail et en le suivant soigneusement,<br>cela vous aidera \u00e0 maintenir un bon \u00e9quilibre entre votre vie professionnelle et<br>votre vie priv\u00e9e. D\u00e9finissez une heure limite dans la journ\u00e9e apr\u00e8s laquelle vous ne<br>prendrez plus aucun appel professionnel. Vous devez consacrer du temps pour vous, vos<br>amis et votre famille aussi bien que pour votre entreprise.<\/li><li>Assurez-vous que votre famille ne vous d\u00e9range pas pendant vos heures de<br>travail. Cela peut perturber votre production et votre concentration, alors assurez-vous<br>que les autres sachent quand vous \u00eates occup\u00e9. Il est important qu\u2019ils comprennent<br>qu\u2019une certaine intimit\u00e9 vous est n\u00e9cessaire et vous permet de passer du temps avec eux<br>une fois votre travail termin\u00e9. Soyez certain que vos enfants sont pris en charge, et que<br>vous \u00eates en mesure d\u2019\u00eatre contact\u00e9 en cas d\u2019urgence.<\/li><li>Cr\u00e9er un compte courant sp\u00e9cifiquement pour vos transactions commerciales.<br>Faites toutes les transactions li\u00e9es \u00e0 votre entreprise par le biais de ce compte. En faisant<br>cela, vous ne serez jamais confus au sujet de vos d\u00e9penses ou de vos revenus. Pensez<br>\u00e9galement \u00e0 obtenir une carte de cr\u00e9dit \u00e0 utiliser uniquement pour votre entreprise.<\/li><li>Identifiez le domaine d\u2019activit\u00e9 qui fonctionne le mieux pour vous. Travailler<br>dur pour identifier clairement les personnes et les entreprises qui sont susceptibles de<br>profiter de vos services. Une fois cela fait, faire des ventes devient plus facile. Demandez<br>\u00e0 tous ceux que vous connaissez, que ce soit des amis, des collaborateurs ou des clients,<br>ce qu\u2019ils pensent de votre cr\u00e9neau. Vous devrez demander \u00e0 ces m\u00eames personnes de<br>bien vouloir vous r\u00e9f\u00e9rencer. Fr\u00e9quenter les foires et les salons commerciaux li\u00e9s \u00e0 votre<br>domaine d\u2019activit\u00e9 vous aidera \u00e0 connaitre votre client potentiel, et \u00e0 entamer des suivis.<\/li><li>Faites des recherches en ligne pour vos achats de fournitures de bureau ;<br>vous devriez \u00eatre en mesure de les obtenir au prix de gros. Beaucoup d\u2019entreprises<br>de gros sont disponibles en ligne et peuvent vous offrir des rabais sur les fournitures de<br>votre entreprise \u00e0 un prix plus int\u00e9ressant que celui des d\u00e9taillants. Si vous avez une<br>licence d\u2019exploitation, vous serez en mesure d\u2019acheter tous les mat\u00e9riaux et les<br>ressources n\u00e9cessaires.<br>Vous \u00eates maintenant sur le chemin vers l\u2019entrepreneuriat \u00e0 domicile ! Personne ne dit<br>que c\u2019est une t\u00e2che facile, surtout au d\u00e9but, mais les conseils donn\u00e9s ici devraient vous<br>donner un coup de pouce vers le succ\u00e8s.<\/li><\/ol>\n\n\n\n<div class=\"wp-block-columns is-layout-flex wp-container-core-columns-is-layout-1 wp-block-columns-is-layout-flex\">\n<div class=\"wp-block-column is-layout-flow wp-block-column-is-layout-flow\"><\/div>\n\n\n\n<div class=\"wp-block-column is-layout-flow wp-block-column-is-layout-flow\">\n<ul class=\"has-small-font-size wp-block-list\"><li><a href=\"https:\/\/creervotrebusiness.com\/index.php\/7-conseils-pour-gerer-efficacement-votre-entreprise-a-domicile\/\">7 conseils pour g\u00e9rer efficacement votre entreprise \u00e0 domicile.<\/a><\/li><li><a href=\"https:\/\/creervotrebusiness.com\/index.php\/8-astuces-que-vous-devez-connaitre-pour-gerer-efficacement-votre-petite-entreprise-a-domicile\/\">8 Astuces que vous devez connaitre pour g\u00e9rer efficacement votre petite entreprise \u00e0 domicile !<\/a><\/li><li><a href=\"https:\/\/creervotrebusiness.com\/index.php\/8-conseils-de-qualite-pour-faire-progresser-votre-entreprise-a-domicile\/\">8 Conseils de qualit\u00e9 pour faire progresser votre entreprise \u00e0 domicile<\/a><\/li><li><a href=\"https:\/\/creervotrebusiness.com\/index.php\/8-conseils-pour-reussir-rapidement-le-lancement-de-son-entreprise-a-domicile\/\">8 conseils pour r\u00e9ussir rapidement le lancement de son entreprise \u00e0 domicile<\/a><\/li><li><a href=\"https:\/\/creervotrebusiness.com\/index.php\/8-conseils-pour-reussir-votre-projet-dentreprise-a-domicile\/\">8 Conseils pour r\u00e9ussir votre projet d\u2019entreprise \u00e0 domicile<\/a><\/li><li><a href=\"https:\/\/creervotrebusiness.com\/index.php\/9-conseils-dexperts-sur-les-entreprises-a-domicile-peu-connus-de-la-masse\/\">9 Conseils d\u2019experts sur les entreprises \u00e0 domicile peu connus de la masse.<\/a><\/li><li><a href=\"https:\/\/creervotrebusiness.com\/index.php\/9-precieux-conseils-pour-les-proprietaires-dentreprise-a-domicile\/\">9 pr\u00e9cieux conseils pour les propri\u00e9taires d\u2019entreprise \u00e0 domicile.<\/a><\/li><li><a href=\"https:\/\/creervotrebusiness.com\/index.php\/appliquez-ces-conseils-pour-votre-entreprise-a-domicile\/\">Appliquez ces conseils pour votre entreprise \u00e0 domicile<\/a><\/li><li><a href=\"https:\/\/creervotrebusiness.com\/index.php\/apprenez-comment-atteindre-le-succes-avec-votre-entreprise-a-domicile\/\">Apprenez comment atteindre le succ\u00e8s avec votre entreprise \u00e0 domicile.<\/a><\/li><li><a href=\"https:\/\/creervotrebusiness.com\/index.php\/apprenez-comment-mieux-gerer-votre-entreprise-a-domicile\/\">Apprenez comment mieux g\u00e9rer votre entreprise \u00e0 domicile<\/a><\/li><li><a href=\"https:\/\/creervotrebusiness.com\/index.php\/batir-une-entreprise-a-domicile-efficace-et-efficiente-avec-ces-excellents-conseils\/\">B\u00e2tir une entreprise \u00e0 domicile efficace et efficiente avec ces excellents conseil<\/a>s<\/li><li><a href=\"https:\/\/creervotrebusiness.com\/index.php\/ce-que-vous-devez-savoir-au-sujet-des-entreprises-a-domicile\/\">Ce que vous devez savoir au sujet des entreprises \u00e0 domicile.<\/a><\/li><li><a href=\"https:\/\/creervotrebusiness.com\/index.php\/comment-faire-pour-creer-une-entreprise-a-domicile-prospere\/\">Comment faire pour cr\u00e9er une entreprise \u00e0 domicile prosp\u00e8re.<\/a><\/li><li><a href=\"https:\/\/creervotrebusiness.com\/index.php\/du-reve-a-la-realite-9-conseils-pratiques-pour-reussir-son-entreprise-a-domicile\/\">Du r\u00eave \u00e0 la r\u00e9alit\u00e9 : 9 Conseils pratiques pour r\u00e9ussir son entreprise \u00e0 domicile.<\/a><\/li><li><a href=\"https:\/\/creervotrebusiness.com\/index.php\/essayez-ces-conseils-pour-une-entreprise-a-domicile-reussie\/\">Essayez ces conseils pour une entreprise \u00e0 domicile r\u00e9ussie.<\/a><\/li><li><a href=\"https:\/\/creervotrebusiness.com\/index.php\/etes-vous-la-recherche-dinformations-sur-lentrepreneuriat-a-domicile-alors-lisez-ces-precieux-conseils\/\">\u00cates-vous la recherche d\u2019informations sur l\u2019entrepreneuriat \u00e0 domicile ? Alors, lisez ces pr\u00e9cieux conseils !<\/a><\/li><li><a href=\"https:\/\/creervotrebusiness.com\/index.php\/gagner-de-largent-sans-mettre-un-pied-a-lexterieur-8-conseils-pour-reussir-son-entreprise-a-domicile\/\">Gagner de l\u2019argent sans mettre un pied \u00e0 l\u2019ext\u00e9rieur : 8 Conseils pour r\u00e9ussir son entreprise \u00e0 domicile<\/a><\/li><li><a href=\"https:\/\/creervotrebusiness.com\/index.php\/gerer-son-entreprise-a-domicile\/\">G\u00e9rer son entreprise \u00e0 Domicile<\/a><\/li><li><a href=\"https:\/\/creervotrebusiness.com\/index.php\/gerer-une-grande-entreprise-a-partir-de-chez-soi\/\">G\u00e9rer une grande entreprise \u00e0 partir de chez soi<\/a><\/li><li><a href=\"https:\/\/creervotrebusiness.com\/index.php\/laissez-votre-entreprise-a-domicile-prendre-son-essor\/\">Laissez votre entreprise \u00e0 domicile prendre son essor<\/a><\/li><li><a href=\"https:\/\/creervotrebusiness.com\/index.php\/les-principes-de-base-dans-la-gestion-dune-entreprise-a-domicile-reussie\/\">Les principes de base dans la gestion d\u2019une entreprise \u00e0 domicile r\u00e9ussie.<\/a><\/li><li><a href=\"https:\/\/creervotrebusiness.com\/index.php\/lisez-ceci-pour-avoir-dexcellents-conseils-au-sujet-des-entreprises-a-domicile\/\">Lisez ceci pour avoir d\u2019excellents conseils au sujet des entreprises \u00e0 domicile<\/a><\/li><li><a href=\"https:\/\/creervotrebusiness.com\/index.php\/observez-votre-entreprise-a-domicile-prendre-de-lampleur-grace-a-ces-conseils\/\">Observez votre entreprise \u00e0 domicile prendre de l\u2019ampleur gr\u00e2ce \u00e0 ces conseils.<\/a><\/li><li><a href=\"https:\/\/creervotrebusiness.com\/index.php\/realisez-ce-que-vous-voulez-8-conseils-pour-que-votre-projet-dentreprise-a-domicile-marche\/\">R\u00e9alisez ce que vous voulez : 8 Conseils pour que votre projet d\u2019entreprise \u00e0 domicile marche.<\/a><\/li><\/ul>\n<\/div>\n<\/div>\n","protected":false},"excerpt":{"rendered":"<p>Une entreprise \u00e0 domicile doit \u00eatre construite de la m\u00eame mani\u00e8re que l\u2019on construit unemaison. Vous devez avoir un bon plan, une base solide et le mat\u00e9riel ad\u00e9quat. L\u2019articlesuivant pr\u00e9sente les \u00e9l\u00e9ments essentiels d\u2019un business plan qui vous guideront vers&#8230; <a href=\"https:\/\/creervotrebusiness.com\/index.php\/etes-vous-la-recherche-dinformations-sur-lentrepreneuriat-a-domicile-alors-lisez-ces-precieux-conseils\/\" class=\"readmore\">Read more<span class=\"screen-reader-text\">\u00cates-vous la recherche d\u2019informations sur l\u2019entrepreneuriat \u00e0 domicile ? Alors, lisez ces pr\u00e9cieux conseils !<\/span><span class=\"fa fa-angle-double-right\" aria-hidden=\"true\"><\/span><\/a><\/p>\n","protected":false},"author":1,"featured_media":0,"parent":0,"menu_order":0,"comment_status":"closed","ping_status":"closed","template":"","meta":{"om_disable_all_campaigns":false,"_monsterinsights_skip_tracking":false,"_monsterinsights_sitenote_active":false,"_monsterinsights_sitenote_note":"","_monsterinsights_sitenote_category":0,"footnotes":""},"class_list":["post-302","page","type-page","status-publish","hentry"],"_links":{"self":[{"href":"https:\/\/creervotrebusiness.com\/index.php\/wp-json\/wp\/v2\/pages\/302","targetHints":{"allow":["GET"]}}],"collection":[{"href":"https:\/\/creervotrebusiness.com\/index.php\/wp-json\/wp\/v2\/pages"}],"about":[{"href":"https:\/\/creervotrebusiness.com\/index.php\/wp-json\/wp\/v2\/types\/page"}],"author":[{"embeddable":true,"href":"https:\/\/creervotrebusiness.com\/index.php\/wp-json\/wp\/v2\/users\/1"}],"replies":[{"embeddable":true,"href":"https:\/\/creervotrebusiness.com\/index.php\/wp-json\/wp\/v2\/comments?post=302"}],"version-history":[{"count":2,"href":"https:\/\/creervotrebusiness.com\/index.php\/wp-json\/wp\/v2\/pages\/302\/revisions"}],"predecessor-version":[{"id":335,"href":"https:\/\/creervotrebusiness.com\/index.php\/wp-json\/wp\/v2\/pages\/302\/revisions\/335"}],"wp:attachment":[{"href":"https:\/\/creervotrebusiness.com\/index.php\/wp-json\/wp\/v2\/media?parent=302"}],"curies":[{"name":"wp","href":"https:\/\/api.w.org\/{rel}","templated":true}]}}