{"id":300,"date":"2022-11-17T12:58:11","date_gmt":"2022-11-17T12:58:11","guid":{"rendered":"https:\/\/creervotrebusiness.com\/?page_id=300"},"modified":"2022-11-17T20:49:14","modified_gmt":"2022-11-17T20:49:14","slug":"essayez-ces-conseils-pour-une-entreprise-a-domicile-reussie","status":"publish","type":"page","link":"https:\/\/creervotrebusiness.com\/index.php\/essayez-ces-conseils-pour-une-entreprise-a-domicile-reussie\/","title":{"rendered":"Essayez ces conseils pour une entreprise \u00e0 domicile r\u00e9ussie."},"content":{"rendered":"\n<p><br>Il peut falloir un certain temps pour une entreprise \u00e0 domicile pour r\u00e9ussir. Votre r\u00e9ussite<br>d\u00e9pendra de la quantit\u00e9 de temps et du montant d\u2019efforts que vous \u00eates pr\u00eat \u00e0 investir<br>dans votre entreprise. L\u2019aventure peut sembler difficile au d\u00e9but, mais continuer \u00e0<br>essayer et n\u2019abondonnez pas les r\u00e9sultats finiront par arriver. Comme pour toute<br>entreprise, vous devez travailler dur pour obtenir les meilleurs r\u00e9sultats.<\/p>\n\n\n\n<ol class=\"wp-block-list\"><li>N\u2019oubliez pas de prendre vos d\u00e9ductions fiscales pour votre usage d\u2019Internet<br>au sein de votre entreprise. Vous pouvez d\u00e9duire jusqu\u2019\u00e0 la moiti\u00e9 des frais de<br>service, m\u00eame si elle est \u00e9galement utilis\u00e9e \u00e0 des fins personnelles.<\/li><li>Si vous cherchez \u00e0 innover, pensez \u00e0 des choses que vous pourriez trouver<br>utiles dans votre vie quotidienne. La premi\u00e8re \u00e9tape dans la s\u00e9lection d\u2019un produit<br>qui sera couronn\u00e9e de succ\u00e8s est d\u2019identifier un besoin non satisfait. S\u2019il y a un certain<br>produit qui pourrait \u00eatre utilis\u00e9 dans votre vie, alors il est probable que d\u2019autres<br>pourraient \u00e9galement l\u2019utiliser.<\/li><li>Votre site Web doit \u00eatre mis \u00e0 jour lorsque votre stock d\u2019un produit<br>particulier est \u00e9puis\u00e9. Le client risque d\u2019\u00eatre tr\u00e8s irrit\u00e9 s\u2019il venait \u00e0 d\u00e9couvrir que le<br>produit qu\u2019il a command\u00e9 ne va pas \u00eatre livr\u00e9 dans le d\u00e9lai pr\u00e9vu. D\u2019autant plus s\u2019il rien<br>n\u2019a \u00e9t\u00e9 signal\u00e9. Soyez \u00e0 jour sur les articles qui ne sont pas disponibles en stock, de cette<br>mani\u00e8re les clients peuvent choisir un produit diff\u00e9rent.<\/li><li>Si vous avez l\u2019\u00e2me artistique, vous pourriez, par exemple, cr\u00e9er une<br>entreprise qui vend des cr\u00e9ations graphiques. Les petites entreprises locales<br>pr\u00e9f\u00e8rent souvent avoir \u00e0 faire avec un designer ind\u00e9pendant plut\u00f4t que d\u2019embaucher<br>une grande entreprise de conception. \u00c0 cet \u00e9gard, vous poss\u00e9dez un avantage sur les<br>grands concurrents.<\/li><li>L\u2019une des choses les plus importantes que vous devez retenir autant que<br>propri\u00e9taire d\u2019une entreprise \u00e0 domicile est que les d\u00e9ductions fiscales sont<br>votre alli\u00e9. En combinant toutes vos d\u00e9penses admissibles pour les d\u00e9ductions, vous<br>pouvez \u00e9conomiser une somme assez coquette lorsque vous payerez les imp\u00f4ts.<\/li><li>Rechercher en ligne les fournitures que vous utilisez pour votre entreprise \u00e0<br>domicile au prix de gros. Pour ce type d\u2019achat, Internet peut \u00eatre une aubaine, o\u00f9<br>vous trouverez des prix extr\u00eamement comp\u00e9titifs sur les choses dont vous avez besoin.<br>Cependant, la plupart des entreprises vous exigeront un registre de commerce pour<br>pouvoir vous vendre en gros. Par cons\u00e9quent, il est conseill\u00e9 d\u2019avoir une copie \u00e0 jour de<br>votre licence d\u2019entreprise disponible au moment de vos transactions.<\/li><li>Aucune entreprise \u00e0 domicile qui vend des produits ne devrait op\u00e9rer sans un<br>site e-commerce. Un site Web vous permet d\u2019atteindre plus de clients potentiels en<br>\u00e9largissant votre public cible, ce qui conduit \u00e0 une augmentation des ventes. Faites appel<br>aux services d\u2019un designer Web professionnel pour garantir que votre site sera<br>op\u00e9rationnel en un rien de temps.<\/li><li>Le fait de lancer une entreprise ne suffit pas seul pour g\u00e9n\u00e9rer des profits.<br>Regardez d\u2019abord si vos id\u00e9es ne saturent pas d\u00e9j\u00e0 le march\u00e9. Vous voudrez peut-\u00eatre<br>\u00e9viter un march\u00e9 ou la concurrence pullule. Par ailleurs, vous devez v\u00e9rifier les revenus<br>potentiels d\u2019une entreprise \u00e0 domicile avant de vous lancer.<br>Si votre entreprise \u00e0 domicile prend beaucoup de temps \u00e0 d\u00e9marrer, vous serez alors<br>heureux de savoir que toutes les entreprises commencent de cette fa\u00e7on. Personne ne<br>devient riche du jour au lendemain. Mettez donc toutes les chances de votre c\u00f4t\u00e9 en<br>travaillant dur, et en faisant assez de recherche sur les entreprises \u00e0 domicile. Le<br>business est sur affaire de comp\u00e9tition et de survie.<\/li><\/ol>\n\n\n\n<div class=\"wp-block-columns is-layout-flex wp-container-core-columns-is-layout-1 wp-block-columns-is-layout-flex\">\n<div class=\"wp-block-column is-layout-flow wp-block-column-is-layout-flow\"><\/div>\n\n\n\n<div class=\"wp-block-column is-layout-flow wp-block-column-is-layout-flow\">\n<ul class=\"has-small-font-size wp-block-list\"><li><a href=\"https:\/\/creervotrebusiness.com\/index.php\/7-conseils-pour-gerer-efficacement-votre-entreprise-a-domicile\/\">7 conseils pour g\u00e9rer efficacement votre entreprise \u00e0 domicile.<\/a><\/li><li><a href=\"https:\/\/creervotrebusiness.com\/index.php\/8-astuces-que-vous-devez-connaitre-pour-gerer-efficacement-votre-petite-entreprise-a-domicile\/\">8 Astuces que vous devez connaitre pour g\u00e9rer efficacement votre petite entreprise \u00e0 domicile !<\/a><\/li><li><a href=\"https:\/\/creervotrebusiness.com\/index.php\/8-conseils-de-qualite-pour-faire-progresser-votre-entreprise-a-domicile\/\">8 Conseils de qualit\u00e9 pour faire progresser votre entreprise \u00e0 domicile<\/a><\/li><li><a href=\"https:\/\/creervotrebusiness.com\/index.php\/8-conseils-pour-reussir-rapidement-le-lancement-de-son-entreprise-a-domicile\/\">8 conseils pour r\u00e9ussir rapidement le lancement de son entreprise \u00e0 domicile<\/a><\/li><li><a href=\"https:\/\/creervotrebusiness.com\/index.php\/8-conseils-pour-reussir-votre-projet-dentreprise-a-domicile\/\">8 Conseils pour r\u00e9ussir votre projet d\u2019entreprise \u00e0 domicile<\/a><\/li><li><a href=\"https:\/\/creervotrebusiness.com\/index.php\/9-conseils-dexperts-sur-les-entreprises-a-domicile-peu-connus-de-la-masse\/\">9 Conseils d\u2019experts sur les entreprises \u00e0 domicile peu connus de la masse.<\/a><\/li><li><a href=\"https:\/\/creervotrebusiness.com\/index.php\/9-precieux-conseils-pour-les-proprietaires-dentreprise-a-domicile\/\">9 pr\u00e9cieux conseils pour les propri\u00e9taires d\u2019entreprise \u00e0 domicile.<\/a><\/li><li><a href=\"https:\/\/creervotrebusiness.com\/index.php\/appliquez-ces-conseils-pour-votre-entreprise-a-domicile\/\">Appliquez ces conseils pour votre entreprise \u00e0 domicile<\/a><\/li><li><a href=\"https:\/\/creervotrebusiness.com\/index.php\/apprenez-comment-atteindre-le-succes-avec-votre-entreprise-a-domicile\/\">Apprenez comment atteindre le succ\u00e8s avec votre entreprise \u00e0 domicile.<\/a><\/li><li><a href=\"https:\/\/creervotrebusiness.com\/index.php\/apprenez-comment-mieux-gerer-votre-entreprise-a-domicile\/\">Apprenez comment mieux g\u00e9rer votre entreprise \u00e0 domicile<\/a><\/li><li><a href=\"https:\/\/creervotrebusiness.com\/index.php\/batir-une-entreprise-a-domicile-efficace-et-efficiente-avec-ces-excellents-conseils\/\">B\u00e2tir une entreprise \u00e0 domicile efficace et efficiente avec ces excellents conseil<\/a>s<\/li><li><a href=\"https:\/\/creervotrebusiness.com\/index.php\/ce-que-vous-devez-savoir-au-sujet-des-entreprises-a-domicile\/\">Ce que vous devez savoir au sujet des entreprises \u00e0 domicile.<\/a><\/li><li><a href=\"https:\/\/creervotrebusiness.com\/index.php\/comment-faire-pour-creer-une-entreprise-a-domicile-prospere\/\">Comment faire pour cr\u00e9er une entreprise \u00e0 domicile prosp\u00e8re.<\/a><\/li><li><a href=\"https:\/\/creervotrebusiness.com\/index.php\/du-reve-a-la-realite-9-conseils-pratiques-pour-reussir-son-entreprise-a-domicile\/\">Du r\u00eave \u00e0 la r\u00e9alit\u00e9 : 9 Conseils pratiques pour r\u00e9ussir son entreprise \u00e0 domicile.<\/a><\/li><li><a href=\"https:\/\/creervotrebusiness.com\/index.php\/essayez-ces-conseils-pour-une-entreprise-a-domicile-reussie\/\">Essayez ces conseils pour une entreprise \u00e0 domicile r\u00e9ussie.<\/a><\/li><li><a href=\"https:\/\/creervotrebusiness.com\/index.php\/etes-vous-la-recherche-dinformations-sur-lentrepreneuriat-a-domicile-alors-lisez-ces-precieux-conseils\/\">\u00cates-vous la recherche d\u2019informations sur l\u2019entrepreneuriat \u00e0 domicile ? Alors, lisez ces pr\u00e9cieux conseils !<\/a><\/li><li><a href=\"https:\/\/creervotrebusiness.com\/index.php\/gagner-de-largent-sans-mettre-un-pied-a-lexterieur-8-conseils-pour-reussir-son-entreprise-a-domicile\/\">Gagner de l\u2019argent sans mettre un pied \u00e0 l\u2019ext\u00e9rieur : 8 Conseils pour r\u00e9ussir son entreprise \u00e0 domicile<\/a><\/li><li><a href=\"https:\/\/creervotrebusiness.com\/index.php\/gerer-son-entreprise-a-domicile\/\">G\u00e9rer son entreprise \u00e0 Domicile<\/a><\/li><li><a href=\"https:\/\/creervotrebusiness.com\/index.php\/gerer-une-grande-entreprise-a-partir-de-chez-soi\/\">G\u00e9rer une grande entreprise \u00e0 partir de chez soi<\/a><\/li><li><a href=\"https:\/\/creervotrebusiness.com\/index.php\/laissez-votre-entreprise-a-domicile-prendre-son-essor\/\">Laissez votre entreprise \u00e0 domicile prendre son essor<\/a><\/li><li><a href=\"https:\/\/creervotrebusiness.com\/index.php\/les-principes-de-base-dans-la-gestion-dune-entreprise-a-domicile-reussie\/\">Les principes de base dans la gestion d\u2019une entreprise \u00e0 domicile r\u00e9ussie.<\/a><\/li><li><a href=\"https:\/\/creervotrebusiness.com\/index.php\/lisez-ceci-pour-avoir-dexcellents-conseils-au-sujet-des-entreprises-a-domicile\/\">Lisez ceci pour avoir d\u2019excellents conseils au sujet des entreprises \u00e0 domicile<\/a><\/li><li><a href=\"https:\/\/creervotrebusiness.com\/index.php\/observez-votre-entreprise-a-domicile-prendre-de-lampleur-grace-a-ces-conseils\/\">Observez votre entreprise \u00e0 domicile prendre de l\u2019ampleur gr\u00e2ce \u00e0 ces conseils.<\/a><\/li><li><a href=\"https:\/\/creervotrebusiness.com\/index.php\/realisez-ce-que-vous-voulez-8-conseils-pour-que-votre-projet-dentreprise-a-domicile-marche\/\">R\u00e9alisez ce que vous voulez : 8 Conseils pour que votre projet d\u2019entreprise \u00e0 domicile marche.<\/a><\/li><\/ul>\n<\/div>\n<\/div>\n","protected":false},"excerpt":{"rendered":"<p>Il peut falloir un certain temps pour une entreprise \u00e0 domicile pour r\u00e9ussir. Votre r\u00e9ussited\u00e9pendra de la quantit\u00e9 de temps et du montant d\u2019efforts que vous \u00eates pr\u00eat \u00e0 investirdans votre entreprise. L\u2019aventure peut sembler difficile au d\u00e9but, mais continuer&#8230; <a href=\"https:\/\/creervotrebusiness.com\/index.php\/essayez-ces-conseils-pour-une-entreprise-a-domicile-reussie\/\" class=\"readmore\">Read more<span class=\"screen-reader-text\">Essayez ces conseils pour une entreprise \u00e0 domicile r\u00e9ussie.<\/span><span class=\"fa fa-angle-double-right\" aria-hidden=\"true\"><\/span><\/a><\/p>\n","protected":false},"author":1,"featured_media":0,"parent":0,"menu_order":0,"comment_status":"closed","ping_status":"closed","template":"","meta":{"om_disable_all_campaigns":false,"_monsterinsights_skip_tracking":false,"_monsterinsights_sitenote_active":false,"_monsterinsights_sitenote_note":"","_monsterinsights_sitenote_category":0,"footnotes":""},"class_list":["post-300","page","type-page","status-publish","hentry"],"_links":{"self":[{"href":"https:\/\/creervotrebusiness.com\/index.php\/wp-json\/wp\/v2\/pages\/300","targetHints":{"allow":["GET"]}}],"collection":[{"href":"https:\/\/creervotrebusiness.com\/index.php\/wp-json\/wp\/v2\/pages"}],"about":[{"href":"https:\/\/creervotrebusiness.com\/index.php\/wp-json\/wp\/v2\/types\/page"}],"author":[{"embeddable":true,"href":"https:\/\/creervotrebusiness.com\/index.php\/wp-json\/wp\/v2\/users\/1"}],"replies":[{"embeddable":true,"href":"https:\/\/creervotrebusiness.com\/index.php\/wp-json\/wp\/v2\/comments?post=300"}],"version-history":[{"count":2,"href":"https:\/\/creervotrebusiness.com\/index.php\/wp-json\/wp\/v2\/pages\/300\/revisions"}],"predecessor-version":[{"id":340,"href":"https:\/\/creervotrebusiness.com\/index.php\/wp-json\/wp\/v2\/pages\/300\/revisions\/340"}],"wp:attachment":[{"href":"https:\/\/creervotrebusiness.com\/index.php\/wp-json\/wp\/v2\/media?parent=300"}],"curies":[{"name":"wp","href":"https:\/\/api.w.org\/{rel}","templated":true}]}}