{"id":298,"date":"2022-11-17T12:57:13","date_gmt":"2022-11-17T12:57:13","guid":{"rendered":"https:\/\/creervotrebusiness.com\/?page_id=298"},"modified":"2022-11-17T20:48:31","modified_gmt":"2022-11-17T20:48:31","slug":"du-reve-a-la-realite-9-conseils-pratiques-pour-reussir-son-entreprise-a-domicile","status":"publish","type":"page","link":"https:\/\/creervotrebusiness.com\/index.php\/du-reve-a-la-realite-9-conseils-pratiques-pour-reussir-son-entreprise-a-domicile\/","title":{"rendered":"Du r\u00eave \u00e0 la r\u00e9alit\u00e9 : 9 Conseils pratiques pour r\u00e9ussir son entreprise \u00e0 domicile."},"content":{"rendered":"\n<p><br>Lancer sa propre entreprise \u00e0 domicile est \u00e0 la fois \u00e9prouvant et excitant. Par o\u00f9 pouvezvous commencer ? Comment r\u00e9ussir \u00e0 faire fonctionner ce projet ? Il y a beaucoup de<br>questions auxquelles il faut r\u00e9pondre. Heureusement, avec l\u2019article suivant \u00e0 votre<br>disposition, une certaine direction est \u00e0 port\u00e9e de main.<\/p>\n\n\n\n<ol class=\"wp-block-list\"><li>Gardez satisfaits les clients que vous avez d\u00e9j\u00e0. Il est beaucoup plus facile de<br>continuer \u00e0 vendre \u00e0 des clients qui vous font d\u00e9j\u00e0 confiance que d\u2019essayer d\u2019en attirer<br>de nouveaux. Garder vos clients satisfaits pour les inciter \u00e0 faire appel \u00e0 vous encore et<br>encore.<\/li><li>Il est essentiel de conna\u00eetre le co\u00fbt de production pour tous les produits que<br>vous vendez. Si vous envisagez de vendre vos produits au gros, il faut voir combien ces<br>derniers vous coutent-ils \u00e0 produire et ensuite multiplier ce chiffre par deux. M\u00eame chose<br>pour ce qui est de la vente au d\u00e9tail, il faut multiplier le prix de gros par deux. Vos prix<br>doivent convenir \u00e0 la fois \u00e0 votre rentabilit\u00e9 ainsi qu\u2019\u00e0 votre client.<\/li><li>Il est important de prendre des pauses lors de l\u2019ex\u00e9cution d\u2019une entreprise \u00e0<br>domicile, mais ne laissez pas ces pauses vous distraire pendant longtemps. Ne<br>d\u00e9marrez pas d\u2019autre projet qui pourrait vous demander beaucoup de temps et \u00e9viter de<br>parler au t\u00e9l\u00e9phone pendant de longues p\u00e9riodes de temps. Prenez le temps de recharger<br>vos batteries en prenant une marche ou en sirotant une tasse de th\u00e9.<\/li><li>S\u00e9parer votre temps personnel du temps de travail en planifiant vos heures<br>de travail et en s\u2019y tenant. D\u00e9finissez une heure de \u00ab fermeture \u00bb pour votre<br>entreprise \u00e0 domicile et assurez-vous de pr\u00e9voir suffisamment de temps pour vos<br>proches et pour vos amis ainsi que pour vous m\u00eame.<\/li><li>\u00c9tudiez soigneusement le profil de toute personne que vous envisagez<br>d\u2019embaucher pour aider \u00e0 g\u00e9rer votre entreprise \u00e0 domicile. Les gens que vous<br>embauchez doivent \u00eatre fiables et comp\u00e9tents \u00e0 l\u2019image du produit que vous allez vendre<br>ou sinon votre entreprise peut \u00e9chouer.<\/li><li>Vous aurez besoin de mettre en place un CP distinct pour votre entreprise \u00e0<br>domicile. Ne publiez jamais votre adresse personnelle en ligne. Ceci est particuli\u00e8rement<br>important si vous avez une vie de famille \u00e0 votre adresse.<\/li><li>C\u2019est bon, les affaires tournent ? Alors, contactez toutes les personnes que vous<br>connaissez pour leur dire que vous \u00eates pr\u00eat \u00e0 prendre en charge leurs commandes et<br>incitez-les au moyen de rabais ou autres cadeaux pour aider votre entreprise \u00e0 d\u00e9coller.<br>Demandez aussi \u00e0 ces personnes de parler de vous \u00e0 leurs proches. Le bouche-\u00e0-oreille<br>peut aider \u00e0 faire prosp\u00e9rer votre entreprise en un clin d\u2019\u0153il.<\/li><li>Il faut chercher \u00e0 participer \u00e0 des forums d\u2019entreprises \u00e0 domicile en ligne.<br>Cela vous permettra de r\u00e9seauter, d\u2019apprendre et de partager votre expertise. Vous<br>pourrez y rencontrer la personne qui pourrait vous aider \u00e0 construire vos profits !<\/li><li>Pensez \u00e0 ce que vous esp\u00e9rez atteindre avec votre entreprise, et \u00e9tablissez<br>un plan d\u2019affaires complet. M\u00eame si ce plan peut changer consid\u00e9rablement au fil du<br>temps, voire \u00eatre compl\u00e8tement ignor\u00e9, un business plan bien \u00e9crit offre des conseils<br>pr\u00e9cieux et donne un sens et une direction \u00e0 votre entreprise. Vous avez besoin de revoir<br>votre plan d\u2019affaires et le mettre \u00e0 jour \u00e0 chaque nouvelle occasion.<br>Comme il a \u00e9t\u00e9 mentionn\u00e9 plus haut dans cet article, une entreprise \u00e0 domicile peut \u00eatre<br>\u00e0 la fois attrayante et intimidante. Nous esp\u00e9rons que vous avez glan\u00e9 quelques bonnes<br>informations et quelques bons conseils prodigu\u00e9s dans cet article. Mettez ces derniers en<br>action, et observez votre entreprise \u00e0 domicile prendre de l\u2019ampleur.<\/li><\/ol>\n\n\n\n<div class=\"wp-block-columns is-layout-flex wp-container-core-columns-is-layout-1 wp-block-columns-is-layout-flex\">\n<div class=\"wp-block-column is-layout-flow wp-block-column-is-layout-flow\"><\/div>\n\n\n\n<div class=\"wp-block-column is-layout-flow wp-block-column-is-layout-flow\">\n<ul class=\"has-small-font-size wp-block-list\"><li><a href=\"https:\/\/creervotrebusiness.com\/index.php\/7-conseils-pour-gerer-efficacement-votre-entreprise-a-domicile\/\">7 conseils pour g\u00e9rer efficacement votre entreprise \u00e0 domicile.<\/a><\/li><li><a href=\"https:\/\/creervotrebusiness.com\/index.php\/8-astuces-que-vous-devez-connaitre-pour-gerer-efficacement-votre-petite-entreprise-a-domicile\/\">8 Astuces que vous devez connaitre pour g\u00e9rer efficacement votre petite entreprise \u00e0 domicile !<\/a><\/li><li><a href=\"https:\/\/creervotrebusiness.com\/index.php\/8-conseils-de-qualite-pour-faire-progresser-votre-entreprise-a-domicile\/\">8 Conseils de qualit\u00e9 pour faire progresser votre entreprise \u00e0 domicile<\/a><\/li><li><a href=\"https:\/\/creervotrebusiness.com\/index.php\/8-conseils-pour-reussir-rapidement-le-lancement-de-son-entreprise-a-domicile\/\">8 conseils pour r\u00e9ussir rapidement le lancement de son entreprise \u00e0 domicile<\/a><\/li><li><a href=\"https:\/\/creervotrebusiness.com\/index.php\/8-conseils-pour-reussir-votre-projet-dentreprise-a-domicile\/\">8 Conseils pour r\u00e9ussir votre projet d\u2019entreprise \u00e0 domicile<\/a><\/li><li><a href=\"https:\/\/creervotrebusiness.com\/index.php\/9-conseils-dexperts-sur-les-entreprises-a-domicile-peu-connus-de-la-masse\/\">9 Conseils d\u2019experts sur les entreprises \u00e0 domicile peu connus de la masse.<\/a><\/li><li><a href=\"https:\/\/creervotrebusiness.com\/index.php\/9-precieux-conseils-pour-les-proprietaires-dentreprise-a-domicile\/\">9 pr\u00e9cieux conseils pour les propri\u00e9taires d\u2019entreprise \u00e0 domicile.<\/a><\/li><li><a href=\"https:\/\/creervotrebusiness.com\/index.php\/appliquez-ces-conseils-pour-votre-entreprise-a-domicile\/\">Appliquez ces conseils pour votre entreprise \u00e0 domicile<\/a><\/li><li><a href=\"https:\/\/creervotrebusiness.com\/index.php\/apprenez-comment-atteindre-le-succes-avec-votre-entreprise-a-domicile\/\">Apprenez comment atteindre le succ\u00e8s avec votre entreprise \u00e0 domicile.<\/a><\/li><li><a href=\"https:\/\/creervotrebusiness.com\/index.php\/apprenez-comment-mieux-gerer-votre-entreprise-a-domicile\/\">Apprenez comment mieux g\u00e9rer votre entreprise \u00e0 domicile<\/a><\/li><li><a href=\"https:\/\/creervotrebusiness.com\/index.php\/batir-une-entreprise-a-domicile-efficace-et-efficiente-avec-ces-excellents-conseils\/\">B\u00e2tir une entreprise \u00e0 domicile efficace et efficiente avec ces excellents conseil<\/a>s<\/li><li><a href=\"https:\/\/creervotrebusiness.com\/index.php\/ce-que-vous-devez-savoir-au-sujet-des-entreprises-a-domicile\/\">Ce que vous devez savoir au sujet des entreprises \u00e0 domicile.<\/a><\/li><li><a href=\"https:\/\/creervotrebusiness.com\/index.php\/comment-faire-pour-creer-une-entreprise-a-domicile-prospere\/\">Comment faire pour cr\u00e9er une entreprise \u00e0 domicile prosp\u00e8re.<\/a><\/li><li><a href=\"https:\/\/creervotrebusiness.com\/index.php\/du-reve-a-la-realite-9-conseils-pratiques-pour-reussir-son-entreprise-a-domicile\/\">Du r\u00eave \u00e0 la r\u00e9alit\u00e9 : 9 Conseils pratiques pour r\u00e9ussir son entreprise \u00e0 domicile.<\/a><\/li><li><a href=\"https:\/\/creervotrebusiness.com\/index.php\/essayez-ces-conseils-pour-une-entreprise-a-domicile-reussie\/\">Essayez ces conseils pour une entreprise \u00e0 domicile r\u00e9ussie.<\/a><\/li><li><a href=\"https:\/\/creervotrebusiness.com\/index.php\/etes-vous-la-recherche-dinformations-sur-lentrepreneuriat-a-domicile-alors-lisez-ces-precieux-conseils\/\">\u00cates-vous la recherche d\u2019informations sur l\u2019entrepreneuriat \u00e0 domicile ? Alors, lisez ces pr\u00e9cieux conseils !<\/a><\/li><li><a href=\"https:\/\/creervotrebusiness.com\/index.php\/gagner-de-largent-sans-mettre-un-pied-a-lexterieur-8-conseils-pour-reussir-son-entreprise-a-domicile\/\">Gagner de l\u2019argent sans mettre un pied \u00e0 l\u2019ext\u00e9rieur : 8 Conseils pour r\u00e9ussir son entreprise \u00e0 domicile<\/a><\/li><li><a href=\"https:\/\/creervotrebusiness.com\/index.php\/gerer-son-entreprise-a-domicile\/\">G\u00e9rer son entreprise \u00e0 Domicile<\/a><\/li><li><a href=\"https:\/\/creervotrebusiness.com\/index.php\/gerer-une-grande-entreprise-a-partir-de-chez-soi\/\">G\u00e9rer une grande entreprise \u00e0 partir de chez soi<\/a><\/li><li><a href=\"https:\/\/creervotrebusiness.com\/index.php\/laissez-votre-entreprise-a-domicile-prendre-son-essor\/\">Laissez votre entreprise \u00e0 domicile prendre son essor<\/a><\/li><li><a href=\"https:\/\/creervotrebusiness.com\/index.php\/les-principes-de-base-dans-la-gestion-dune-entreprise-a-domicile-reussie\/\">Les principes de base dans la gestion d\u2019une entreprise \u00e0 domicile r\u00e9ussie.<\/a><\/li><li><a href=\"https:\/\/creervotrebusiness.com\/index.php\/lisez-ceci-pour-avoir-dexcellents-conseils-au-sujet-des-entreprises-a-domicile\/\">Lisez ceci pour avoir d\u2019excellents conseils au sujet des entreprises \u00e0 domicile<\/a><\/li><li><a href=\"https:\/\/creervotrebusiness.com\/index.php\/observez-votre-entreprise-a-domicile-prendre-de-lampleur-grace-a-ces-conseils\/\">Observez votre entreprise \u00e0 domicile prendre de l\u2019ampleur gr\u00e2ce \u00e0 ces conseils.<\/a><\/li><li><a href=\"https:\/\/creervotrebusiness.com\/index.php\/realisez-ce-que-vous-voulez-8-conseils-pour-que-votre-projet-dentreprise-a-domicile-marche\/\">R\u00e9alisez ce que vous voulez : 8 Conseils pour que votre projet d\u2019entreprise \u00e0 domicile marche.<\/a><\/li><\/ul>\n<\/div>\n<\/div>\n","protected":false},"excerpt":{"rendered":"<p>Lancer sa propre entreprise \u00e0 domicile est \u00e0 la fois \u00e9prouvant et excitant. Par o\u00f9 pouvezvous commencer ? Comment r\u00e9ussir \u00e0 faire fonctionner ce projet ? Il y a beaucoup dequestions auxquelles il faut r\u00e9pondre. Heureusement, avec l\u2019article suivant \u00e0&#8230; <a href=\"https:\/\/creervotrebusiness.com\/index.php\/du-reve-a-la-realite-9-conseils-pratiques-pour-reussir-son-entreprise-a-domicile\/\" class=\"readmore\">Read more<span class=\"screen-reader-text\">Du r\u00eave \u00e0 la r\u00e9alit\u00e9 : 9 Conseils pratiques pour r\u00e9ussir son entreprise \u00e0 domicile.<\/span><span class=\"fa fa-angle-double-right\" aria-hidden=\"true\"><\/span><\/a><\/p>\n","protected":false},"author":1,"featured_media":0,"parent":0,"menu_order":0,"comment_status":"closed","ping_status":"closed","template":"","meta":{"om_disable_all_campaigns":false,"_monsterinsights_skip_tracking":false,"_monsterinsights_sitenote_active":false,"_monsterinsights_sitenote_note":"","_monsterinsights_sitenote_category":0,"footnotes":""},"class_list":["post-298","page","type-page","status-publish","hentry"],"_links":{"self":[{"href":"https:\/\/creervotrebusiness.com\/index.php\/wp-json\/wp\/v2\/pages\/298","targetHints":{"allow":["GET"]}}],"collection":[{"href":"https:\/\/creervotrebusiness.com\/index.php\/wp-json\/wp\/v2\/pages"}],"about":[{"href":"https:\/\/creervotrebusiness.com\/index.php\/wp-json\/wp\/v2\/types\/page"}],"author":[{"embeddable":true,"href":"https:\/\/creervotrebusiness.com\/index.php\/wp-json\/wp\/v2\/users\/1"}],"replies":[{"embeddable":true,"href":"https:\/\/creervotrebusiness.com\/index.php\/wp-json\/wp\/v2\/comments?post=298"}],"version-history":[{"count":2,"href":"https:\/\/creervotrebusiness.com\/index.php\/wp-json\/wp\/v2\/pages\/298\/revisions"}],"predecessor-version":[{"id":339,"href":"https:\/\/creervotrebusiness.com\/index.php\/wp-json\/wp\/v2\/pages\/298\/revisions\/339"}],"wp:attachment":[{"href":"https:\/\/creervotrebusiness.com\/index.php\/wp-json\/wp\/v2\/media?parent=298"}],"curies":[{"name":"wp","href":"https:\/\/api.w.org\/{rel}","templated":true}]}}