{"id":294,"date":"2022-11-17T12:53:45","date_gmt":"2022-11-17T12:53:45","guid":{"rendered":"https:\/\/creervotrebusiness.com\/?page_id=294"},"modified":"2022-11-17T20:43:59","modified_gmt":"2022-11-17T20:43:59","slug":"ce-que-vous-devez-savoir-au-sujet-des-entreprises-a-domicile","status":"publish","type":"page","link":"https:\/\/creervotrebusiness.com\/index.php\/ce-que-vous-devez-savoir-au-sujet-des-entreprises-a-domicile\/","title":{"rendered":"Ce que vous devez savoir au sujet des entreprises \u00e0 domicile."},"content":{"rendered":"\n<p><br>Si un \u00e9tranger vous approch\u00e9 dans la rue et vous disait que vous pourriez quitter votre<br>emploi et d\u00e9marrer une entreprise \u00e0 partir de votre maison, penserez-vous qu\u2019il ment ?<br>En r\u00e9alit\u00e9, la plupart des gens qui disent que vous pouvez travailler \u00e0 domicile sont juste<br>en train d\u2019essayer de vous vendre quelque chose. Bien s\u00fbr que cela est possible, mais<br>vous n\u2019esp\u00e9rez pas r\u00e9ussir tout de suite avec une strat\u00e9gie pr\u00e9tendument infaillible. Cet<br>article fournit quelques excellents conseils qui peuvent vous aider \u00e0 d\u00e9marrer votre<br>entreprise \u00e0 domicile.<\/p>\n\n\n\n<ol class=\"wp-block-list\"><li>Assurez-vous que vous pouvez r\u00e9sumer votre entreprise avec quelques mots<br>de choix. Pour conserver l\u2019attention des clients, garder votre description claire et<br>concise. Cela vous aidera \u00e0 venir avec un slogan qui exprime l\u2019id\u00e9e principale de votre<br>entreprise.<\/li><li>Faites-en une priorit\u00e9 dans votre entreprise \u00e0 domicile de garder vos clients<br>actuels heureux et de r\u00e9pondre \u00e0 leurs besoins. Le temps qu\u2019il faut pour fid\u00e9liser les<br>clients actuels est beaucoup moins important que le temps qui est n\u00e9cessaire pour en<br>obtenir de nouveaux. Les clients heureux sont plus susceptibles de revenir.<\/li><li>Le lancement d\u2019une entreprise \u00e0 domicile peut \u00eatre un moment tr\u00e8s excitant,<br>mais avant il vous faut beaucoup travailler. Tout d\u2019abord, vous devez trouver le bon<br>cr\u00e9neau. Votre cr\u00e9neau peut \u00eatre tout ce que vous voulez, mais il serait judicieux d\u2019en<br>choisir un avec lequel vous \u00eates d\u00e9j\u00e0 familier. Vous devez faire des recherches autant<br>que possible pour \u00e9viter ainsi de mettre tous vos \u0153ufs dans le m\u00eame panier. Pensez<br>aussi \u00e0 entrer en r\u00e9seau avec d\u2019autres propri\u00e9taires d\u2019entreprises \u00e0 domicile qui<br>r\u00e9ussissent.<\/li><li>Faites au pr\u00e9alable une recherche sur toute personne que vous envisagez<br>d\u2019embaucher pour vous aider \u00e0 g\u00e9rer votre entreprise \u00e0 domicile. Assurez-vous<br>que les gens que vous recrutez sont fiables, et sont bien qualifi\u00e9s pour r\u00e9pondre aux<br>exigences du poste, ou vous risquez de perdre tout ce que vous fait jusqu\u2019ici.<\/li><li>Afin d\u2019obtenir un plus grand retour d\u2019imp\u00f4ts, vous devriez suivre<br>attentivement toutes vos d\u00e9penses d\u2019affaires. Cela implique tout le carburant utilis\u00e9<br>pour les voyages d\u2019affaires ainsi que vos services Internet. Lorsque vous \u00eates<br>autoentrepreneur, il y a beaucoup de d\u00e9penses d\u2019entreprise qui deviennent d\u00e9ductibles<br>d\u2019imp\u00f4t. Ces d\u00e9penses s\u2019accumulent rapidement, il est donc inutile de donner l\u2019argent<br>que vous avez gagn\u00e9 au gouvernement.<\/li><li>Si vous \u00eates dou\u00e9 artistiquement, vous pouvez construire une entreprise<br>autour de la conception graphique qui op\u00e8rera essentiellement avec les<br>entreprises locales. La conception pour les entreprises est tr\u00e8s rentable, surtout si<br>vous avez les bonnes comp\u00e9tences. \u00c0 cet \u00e9gard, vous poss\u00e9dez une longueur d\u2019avance<br>sur les grands concurrents, car en r\u00e8gle g\u00e9n\u00e9rale les petites entreprises locales pr\u00e9f\u00e8rent<br>traiter avec un graphiste ind\u00e9pendant plut\u00f4t qu\u2019avec une grande boite de communication<br>qui ne leur accordera pas autant d\u2019attention.<\/li><li>L\u2019investissement initial n\u00e9cessaire pour d\u00e9marrer votre entreprise \u00e0 domicile<br>doit \u00eatre bien calcul\u00e9 \u00e0 l\u2019avance. Vos co\u00fbts peuvent \u00eatre inf\u00e9rieurs \u00e0 une entreprise<br>traditionnelle, mais ils demeurent relativement importants. Savoir combien il vous en<br>co\u00fbtera pour garder votre entreprise en cours d\u2019ex\u00e9cution est primordial, car elle vous<br>permettra de savoir combien vous allez d\u00e9penser sur le long terme.<br>Comme vous venez d\u2019apprendre, il y a beaucoup de gens qui essaient de vous vendre<br>des escroqueries. Cependant, comme vous avez appris tout au long de cet article, il y a<br>aussi de nombreux conseils et tactiques que vous pouvez utiliser dans le but de faire<br>cro\u00eetre votre entreprise \u00e0 domicile dans le bon sens. Si vous \u00eates pr\u00eat \u00e0 vous mettre au<br>travail, vous pouvez certainement r\u00e9ussir.<\/li><\/ol>\n\n\n\n<div class=\"wp-block-columns is-layout-flex wp-container-core-columns-is-layout-1 wp-block-columns-is-layout-flex\">\n<div class=\"wp-block-column is-layout-flow wp-block-column-is-layout-flow\"><\/div>\n\n\n\n<div class=\"wp-block-column is-layout-flow wp-block-column-is-layout-flow\">\n<ul class=\"has-small-font-size wp-block-list\"><li><a href=\"https:\/\/creervotrebusiness.com\/index.php\/7-conseils-pour-gerer-efficacement-votre-entreprise-a-domicile\/\">7 conseils pour g\u00e9rer efficacement votre entreprise \u00e0 domicile.<\/a><\/li><li><a href=\"https:\/\/creervotrebusiness.com\/index.php\/8-astuces-que-vous-devez-connaitre-pour-gerer-efficacement-votre-petite-entreprise-a-domicile\/\">8 Astuces que vous devez connaitre pour g\u00e9rer efficacement votre petite entreprise \u00e0 domicile !<\/a><\/li><li><a href=\"https:\/\/creervotrebusiness.com\/index.php\/8-conseils-de-qualite-pour-faire-progresser-votre-entreprise-a-domicile\/\">8 Conseils de qualit\u00e9 pour faire progresser votre entreprise \u00e0 domicile<\/a><\/li><li><a href=\"https:\/\/creervotrebusiness.com\/index.php\/8-conseils-pour-reussir-rapidement-le-lancement-de-son-entreprise-a-domicile\/\">8 conseils pour r\u00e9ussir rapidement le lancement de son entreprise \u00e0 domicile<\/a><\/li><li><a href=\"https:\/\/creervotrebusiness.com\/index.php\/8-conseils-pour-reussir-votre-projet-dentreprise-a-domicile\/\">8 Conseils pour r\u00e9ussir votre projet d\u2019entreprise \u00e0 domicile<\/a><\/li><li><a href=\"https:\/\/creervotrebusiness.com\/index.php\/9-conseils-dexperts-sur-les-entreprises-a-domicile-peu-connus-de-la-masse\/\">9 Conseils d\u2019experts sur les entreprises \u00e0 domicile peu connus de la masse.<\/a><\/li><li><a href=\"https:\/\/creervotrebusiness.com\/index.php\/9-precieux-conseils-pour-les-proprietaires-dentreprise-a-domicile\/\">9 pr\u00e9cieux conseils pour les propri\u00e9taires d\u2019entreprise \u00e0 domicile.<\/a><\/li><li><a href=\"https:\/\/creervotrebusiness.com\/index.php\/appliquez-ces-conseils-pour-votre-entreprise-a-domicile\/\">Appliquez ces conseils pour votre entreprise \u00e0 domicile<\/a><\/li><li><a href=\"https:\/\/creervotrebusiness.com\/index.php\/apprenez-comment-atteindre-le-succes-avec-votre-entreprise-a-domicile\/\">Apprenez comment atteindre le succ\u00e8s avec votre entreprise \u00e0 domicile.<\/a><\/li><li><a href=\"https:\/\/creervotrebusiness.com\/index.php\/apprenez-comment-mieux-gerer-votre-entreprise-a-domicile\/\">Apprenez comment mieux g\u00e9rer votre entreprise \u00e0 domicile<\/a><\/li><li><a href=\"https:\/\/creervotrebusiness.com\/index.php\/batir-une-entreprise-a-domicile-efficace-et-efficiente-avec-ces-excellents-conseils\/\">B\u00e2tir une entreprise \u00e0 domicile efficace et efficiente avec ces excellents conseil<\/a>s<\/li><li><a href=\"https:\/\/creervotrebusiness.com\/index.php\/ce-que-vous-devez-savoir-au-sujet-des-entreprises-a-domicile\/\">Ce que vous devez savoir au sujet des entreprises \u00e0 domicile.<\/a><\/li><li><a href=\"https:\/\/creervotrebusiness.com\/index.php\/comment-faire-pour-creer-une-entreprise-a-domicile-prospere\/\">Comment faire pour cr\u00e9er une entreprise \u00e0 domicile prosp\u00e8re.<\/a><\/li><li><a href=\"https:\/\/creervotrebusiness.com\/index.php\/du-reve-a-la-realite-9-conseils-pratiques-pour-reussir-son-entreprise-a-domicile\/\">Du r\u00eave \u00e0 la r\u00e9alit\u00e9 : 9 Conseils pratiques pour r\u00e9ussir son entreprise \u00e0 domicile.<\/a><\/li><li><a href=\"https:\/\/creervotrebusiness.com\/index.php\/essayez-ces-conseils-pour-une-entreprise-a-domicile-reussie\/\">Essayez ces conseils pour une entreprise \u00e0 domicile r\u00e9ussie.<\/a><\/li><li><a href=\"https:\/\/creervotrebusiness.com\/index.php\/etes-vous-la-recherche-dinformations-sur-lentrepreneuriat-a-domicile-alors-lisez-ces-precieux-conseils\/\">\u00cates-vous la recherche d\u2019informations sur l\u2019entrepreneuriat \u00e0 domicile ? Alors, lisez ces pr\u00e9cieux conseils !<\/a><\/li><li><a href=\"https:\/\/creervotrebusiness.com\/index.php\/gagner-de-largent-sans-mettre-un-pied-a-lexterieur-8-conseils-pour-reussir-son-entreprise-a-domicile\/\">Gagner de l\u2019argent sans mettre un pied \u00e0 l\u2019ext\u00e9rieur : 8 Conseils pour r\u00e9ussir son entreprise \u00e0 domicile<\/a><\/li><li><a href=\"https:\/\/creervotrebusiness.com\/index.php\/gerer-son-entreprise-a-domicile\/\">G\u00e9rer son entreprise \u00e0 Domicile<\/a><\/li><li><a href=\"https:\/\/creervotrebusiness.com\/index.php\/gerer-une-grande-entreprise-a-partir-de-chez-soi\/\">G\u00e9rer une grande entreprise \u00e0 partir de chez soi<\/a><\/li><li><a href=\"https:\/\/creervotrebusiness.com\/index.php\/laissez-votre-entreprise-a-domicile-prendre-son-essor\/\">Laissez votre entreprise \u00e0 domicile prendre son essor<\/a><\/li><li><a href=\"https:\/\/creervotrebusiness.com\/index.php\/les-principes-de-base-dans-la-gestion-dune-entreprise-a-domicile-reussie\/\">Les principes de base dans la gestion d\u2019une entreprise \u00e0 domicile r\u00e9ussie.<\/a><\/li><li><a href=\"https:\/\/creervotrebusiness.com\/index.php\/lisez-ceci-pour-avoir-dexcellents-conseils-au-sujet-des-entreprises-a-domicile\/\">Lisez ceci pour avoir d\u2019excellents conseils au sujet des entreprises \u00e0 domicile<\/a><\/li><li><a href=\"https:\/\/creervotrebusiness.com\/index.php\/observez-votre-entreprise-a-domicile-prendre-de-lampleur-grace-a-ces-conseils\/\">Observez votre entreprise \u00e0 domicile prendre de l\u2019ampleur gr\u00e2ce \u00e0 ces conseils.<\/a><\/li><li><a href=\"https:\/\/creervotrebusiness.com\/index.php\/realisez-ce-que-vous-voulez-8-conseils-pour-que-votre-projet-dentreprise-a-domicile-marche\/\">R\u00e9alisez ce que vous voulez : 8 Conseils pour que votre projet d\u2019entreprise \u00e0 domicile marche.<\/a><\/li><\/ul>\n<\/div>\n<\/div>\n","protected":false},"excerpt":{"rendered":"<p>Si un \u00e9tranger vous approch\u00e9 dans la rue et vous disait que vous pourriez quitter votreemploi et d\u00e9marrer une entreprise \u00e0 partir de votre maison, penserez-vous qu\u2019il ment ?En r\u00e9alit\u00e9, la plupart des gens qui disent que vous pouvez travailler&#8230; <a href=\"https:\/\/creervotrebusiness.com\/index.php\/ce-que-vous-devez-savoir-au-sujet-des-entreprises-a-domicile\/\" class=\"readmore\">Read more<span class=\"screen-reader-text\">Ce que vous devez savoir au sujet des entreprises \u00e0 domicile.<\/span><span class=\"fa fa-angle-double-right\" aria-hidden=\"true\"><\/span><\/a><\/p>\n","protected":false},"author":1,"featured_media":0,"parent":0,"menu_order":0,"comment_status":"closed","ping_status":"closed","template":"","meta":{"om_disable_all_campaigns":false,"_monsterinsights_skip_tracking":false,"_monsterinsights_sitenote_active":false,"_monsterinsights_sitenote_note":"","_monsterinsights_sitenote_category":0,"footnotes":""},"class_list":["post-294","page","type-page","status-publish","hentry"],"_links":{"self":[{"href":"https:\/\/creervotrebusiness.com\/index.php\/wp-json\/wp\/v2\/pages\/294","targetHints":{"allow":["GET"]}}],"collection":[{"href":"https:\/\/creervotrebusiness.com\/index.php\/wp-json\/wp\/v2\/pages"}],"about":[{"href":"https:\/\/creervotrebusiness.com\/index.php\/wp-json\/wp\/v2\/types\/page"}],"author":[{"embeddable":true,"href":"https:\/\/creervotrebusiness.com\/index.php\/wp-json\/wp\/v2\/users\/1"}],"replies":[{"embeddable":true,"href":"https:\/\/creervotrebusiness.com\/index.php\/wp-json\/wp\/v2\/comments?post=294"}],"version-history":[{"count":2,"href":"https:\/\/creervotrebusiness.com\/index.php\/wp-json\/wp\/v2\/pages\/294\/revisions"}],"predecessor-version":[{"id":334,"href":"https:\/\/creervotrebusiness.com\/index.php\/wp-json\/wp\/v2\/pages\/294\/revisions\/334"}],"wp:attachment":[{"href":"https:\/\/creervotrebusiness.com\/index.php\/wp-json\/wp\/v2\/media?parent=294"}],"curies":[{"name":"wp","href":"https:\/\/api.w.org\/{rel}","templated":true}]}}