{"id":292,"date":"2022-11-17T12:52:31","date_gmt":"2022-11-17T12:52:31","guid":{"rendered":"https:\/\/creervotrebusiness.com\/?page_id=292"},"modified":"2022-11-17T20:45:43","modified_gmt":"2022-11-17T20:45:43","slug":"batir-une-entreprise-a-domicile-efficace-et-efficiente-avec-ces-excellents-conseils","status":"publish","type":"page","link":"https:\/\/creervotrebusiness.com\/index.php\/batir-une-entreprise-a-domicile-efficace-et-efficiente-avec-ces-excellents-conseils\/","title":{"rendered":"B\u00e2tir une entreprise \u00e0 domicile efficace et efficiente avec ces excellents conseils"},"content":{"rendered":"\n<p><br>Tout le monde est int\u00e9ress\u00e9 par la possibilit\u00e9 de g\u00e9rer une entreprise \u00e0 domicile, mais ce<br>n\u2019est pas tout le monde qui compte investir son temps et ces ressources pour apprendre<br>comment bien le faire. Si vous ne faites pas partie de cette derni\u00e8re cat\u00e9gorie et que<br>vous vous sentez perdu, vous \u00eates alors tomb\u00e9 sur le bon article. Poursuivez votre<br>lecture pour apprendre \u00e0 cr\u00e9er une entreprise prosp\u00e8re que vous dirigerez \u00e0 partir de<br>chez vous.<\/p>\n\n\n\n<ol class=\"wp-block-list\"><li>Si vous \u00eates quelqu\u2019un qui invite souvent ses clients \u00e0 des d\u00eeners d\u2019affaires \u00e0<br>l\u2019ext\u00e9rieur ou qui est toujours pr\u00eat \u00e0 mettre le paquet pour les s\u00e9duire,<br>rappelez-vous que vous pouvez d\u00e9duire ces frais de vos revenus imposables.<br>Assurez-vous que ces frais sont employ\u00e9s pour inviter des clients actuels ou potentiels de<br>l\u2019entreprise afin que vos d\u00e9ductions soient l\u00e9gitimes.<\/li><li>Participer \u00e0 des discussions de groupes qui traitent d\u2019entrepreneuriat \u00e0<br>domicile est une excellente fa\u00e7on d\u2019en apprendre davantage sur la gestion d\u2019une<br>entreprise \u00e0 domicile. Une petite recherche vous mettra sur la bonne voie et vous<br>trouverez sur la toile beaucoup de sites qui vous fourniront de nombreuses informations<br>utiles. Les blogs peuvent \u00e9galement \u00eatre une ressource suppl\u00e9mentaire que vous<br>pourriez trouver utile.<\/li><li>Vous devez vous d\u00e9vouer un minimum \u00e0 ce que vous faites afin d\u2019attendre le<br>succ\u00e8s. Si vous allez g\u00e9rer votre entreprise \u00e0 partir de votre maison, pensez \u00e0 am\u00e9nager<br>une chambre qui sera votre espace de travail. Certains pays ont des lois sp\u00e9cifiques<br>concernant les bureaux \u00e0 domicile, alors soyez s\u00fbr d\u2019\u00eatre bien inform\u00e9 avant de prendre<br>des d\u00e9cisions. Par ailleurs, avoir un bureau \u00e0 l\u2019ext\u00e9rieur vous aidera \u00e0 garder votre vie<br>professionnelle et votre vie familiale bien s\u00e9par\u00e9es.<\/li><li>Vous devez am\u00e9nager votre bureau \u00e0 domicile et l\u2019organiser de mani\u00e8re<br>appropri\u00e9e avant de commencer votre entreprise. Il peut sembler b\u00e9nin, mais si<br>vous n\u2019\u00eates pas assez \u00e0 l\u2019aise avec votre espace de travail et ne disposez pas de tout ce<br>dont vous avez besoin, vous ne serez probablement pas aussi productif que vous le<br>voudrez.<\/li><li>Lorsque vous cherchez \u00e0 recruter du personnel, prenez le temps de bien<br>\u00e9tudier les profils de vos candidats. Un personnel incomp\u00e9tent peut transformer une<br>entreprise florissante en un fiasco, alors assurez-vous d\u2019embaucher des personnes fiables<br>avec les comp\u00e9tences n\u00e9cessaires pour aider votre entreprise \u00e0 cro\u00eetre.<\/li><li>Int\u00e9grer les communaut\u00e9s en ligne qui parlent de l\u2019entrepreneuriat \u00e0<br>domicile. Faire cela vous donnera l\u2019occasion de discuter avec d\u2019autres personnes dans<br>votre position. Car eux aussi dirigent des entreprises \u00e0 domicile, il leur sera plus facile de<br>comprendre votre situation et seront tr\u00e8s bien plac\u00e9s pour vous prodiguer des conseils et<br>pour partager avec vous des informations d\u2019une valeur inestimable.<\/li><li>Demandez \u00e0 vos clients de parler de vos services \u00e0 leurs proches en \u00e9change<br>d\u2019une faveur ou d\u2019une r\u00e9duction. Le bouche-\u00e0-bouche est un excellent moyen pour<br>communiquer vos valeurs et pour vous faire de la publicit\u00e9, car les recommandations des<br>amis sont plus fiables que les d\u00e9pliants. Cela encouragera tous vos clients actuels \u00e0<br>rester fid\u00e8les \u00e0 votre entreprise.<\/li><li>Les cartes de visite sont un outil important pour votre succ\u00e8s. Vous pouvez en<br>effet trouver de tr\u00e8s beaux mod\u00e8les de cartes de visite d\u2019une allure tr\u00e8s professionnelle<br>en regardant \u00e0 travers quelques diff\u00e9rentes entreprises en ligne, et ce pour un co\u00fbt tr\u00e8s<br>faible, voire nul. Assurez-vous d\u2019inclure les informations cl\u00e9s comme votre nom, votre<br>pr\u00e9nom, votre num\u00e9ro de t\u00e9l\u00e9phone et le nom de votre entreprise. Vous devez<br>\u00e9galement inscrire votre adresse e-mail et votre site web. En fournissant plusieurs<br>m\u00e9thodes de contact, cela rend la t\u00e2che plus facile \u00e0 vos clients pour vous joindre.<br>En prenant en consid\u00e9ration l\u2019information propos\u00e9e dans cet article, vous devriez \u00eatre<br>pr\u00eat \u00e0 commencer le processus de lancement de votre entreprise \u00e0 domicile. Vous ne<br>b\u00e9n\u00e9ficierez de cet article que si vous appliquez ces informations. Utilisez celles-ci<br>correctement, et votre entreprise devrait \u00eatre couronn\u00e9e de succ\u00e8s en peu de temps.<\/li><\/ol>\n\n\n\n<div class=\"wp-block-columns is-layout-flex wp-container-core-columns-is-layout-1 wp-block-columns-is-layout-flex\">\n<div class=\"wp-block-column is-layout-flow wp-block-column-is-layout-flow\"><\/div>\n\n\n\n<div class=\"wp-block-column is-layout-flow wp-block-column-is-layout-flow\">\n<ul class=\"has-small-font-size wp-block-list\"><li><a href=\"https:\/\/creervotrebusiness.com\/index.php\/7-conseils-pour-gerer-efficacement-votre-entreprise-a-domicile\/\">7 conseils pour g\u00e9rer efficacement votre entreprise \u00e0 domicile.<\/a><\/li><li><a href=\"https:\/\/creervotrebusiness.com\/index.php\/8-astuces-que-vous-devez-connaitre-pour-gerer-efficacement-votre-petite-entreprise-a-domicile\/\">8 Astuces que vous devez connaitre pour g\u00e9rer efficacement votre petite entreprise \u00e0 domicile !<\/a><\/li><li><a href=\"https:\/\/creervotrebusiness.com\/index.php\/8-conseils-de-qualite-pour-faire-progresser-votre-entreprise-a-domicile\/\">8 Conseils de qualit\u00e9 pour faire progresser votre entreprise \u00e0 domicile<\/a><\/li><li><a href=\"https:\/\/creervotrebusiness.com\/index.php\/8-conseils-pour-reussir-rapidement-le-lancement-de-son-entreprise-a-domicile\/\">8 conseils pour r\u00e9ussir rapidement le lancement de son entreprise \u00e0 domicile<\/a><\/li><li><a href=\"https:\/\/creervotrebusiness.com\/index.php\/8-conseils-pour-reussir-votre-projet-dentreprise-a-domicile\/\">8 Conseils pour r\u00e9ussir votre projet d\u2019entreprise \u00e0 domicile<\/a><\/li><li><a href=\"https:\/\/creervotrebusiness.com\/index.php\/9-conseils-dexperts-sur-les-entreprises-a-domicile-peu-connus-de-la-masse\/\">9 Conseils d\u2019experts sur les entreprises \u00e0 domicile peu connus de la masse.<\/a><\/li><li><a href=\"https:\/\/creervotrebusiness.com\/index.php\/9-precieux-conseils-pour-les-proprietaires-dentreprise-a-domicile\/\">9 pr\u00e9cieux conseils pour les propri\u00e9taires d\u2019entreprise \u00e0 domicile.<\/a><\/li><li><a href=\"https:\/\/creervotrebusiness.com\/index.php\/appliquez-ces-conseils-pour-votre-entreprise-a-domicile\/\">Appliquez ces conseils pour votre entreprise \u00e0 domicile<\/a><\/li><li><a href=\"https:\/\/creervotrebusiness.com\/index.php\/apprenez-comment-atteindre-le-succes-avec-votre-entreprise-a-domicile\/\">Apprenez comment atteindre le succ\u00e8s avec votre entreprise \u00e0 domicile.<\/a><\/li><li><a href=\"https:\/\/creervotrebusiness.com\/index.php\/apprenez-comment-mieux-gerer-votre-entreprise-a-domicile\/\">Apprenez comment mieux g\u00e9rer votre entreprise \u00e0 domicile<\/a><\/li><li><a href=\"https:\/\/creervotrebusiness.com\/index.php\/batir-une-entreprise-a-domicile-efficace-et-efficiente-avec-ces-excellents-conseils\/\">B\u00e2tir une entreprise \u00e0 domicile efficace et efficiente avec ces excellents conseil<\/a>s<\/li><li><a href=\"https:\/\/creervotrebusiness.com\/index.php\/ce-que-vous-devez-savoir-au-sujet-des-entreprises-a-domicile\/\">Ce que vous devez savoir au sujet des entreprises \u00e0 domicile.<\/a><\/li><li><a href=\"https:\/\/creervotrebusiness.com\/index.php\/comment-faire-pour-creer-une-entreprise-a-domicile-prospere\/\">Comment faire pour cr\u00e9er une entreprise \u00e0 domicile prosp\u00e8re.<\/a><\/li><li><a href=\"https:\/\/creervotrebusiness.com\/index.php\/du-reve-a-la-realite-9-conseils-pratiques-pour-reussir-son-entreprise-a-domicile\/\">Du r\u00eave \u00e0 la r\u00e9alit\u00e9 : 9 Conseils pratiques pour r\u00e9ussir son entreprise \u00e0 domicile.<\/a><\/li><li><a href=\"https:\/\/creervotrebusiness.com\/index.php\/essayez-ces-conseils-pour-une-entreprise-a-domicile-reussie\/\">Essayez ces conseils pour une entreprise \u00e0 domicile r\u00e9ussie.<\/a><\/li><li><a href=\"https:\/\/creervotrebusiness.com\/index.php\/etes-vous-la-recherche-dinformations-sur-lentrepreneuriat-a-domicile-alors-lisez-ces-precieux-conseils\/\">\u00cates-vous la recherche d\u2019informations sur l\u2019entrepreneuriat \u00e0 domicile ? Alors, lisez ces pr\u00e9cieux conseils !<\/a><\/li><li><a href=\"https:\/\/creervotrebusiness.com\/index.php\/gagner-de-largent-sans-mettre-un-pied-a-lexterieur-8-conseils-pour-reussir-son-entreprise-a-domicile\/\">Gagner de l\u2019argent sans mettre un pied \u00e0 l\u2019ext\u00e9rieur : 8 Conseils pour r\u00e9ussir son entreprise \u00e0 domicile<\/a><\/li><li><a href=\"https:\/\/creervotrebusiness.com\/index.php\/gerer-son-entreprise-a-domicile\/\">G\u00e9rer son entreprise \u00e0 Domicile<\/a><\/li><li><a href=\"https:\/\/creervotrebusiness.com\/index.php\/gerer-une-grande-entreprise-a-partir-de-chez-soi\/\">G\u00e9rer une grande entreprise \u00e0 partir de chez soi<\/a><\/li><li><a href=\"https:\/\/creervotrebusiness.com\/index.php\/laissez-votre-entreprise-a-domicile-prendre-son-essor\/\">Laissez votre entreprise \u00e0 domicile prendre son essor<\/a><\/li><li><a href=\"https:\/\/creervotrebusiness.com\/index.php\/les-principes-de-base-dans-la-gestion-dune-entreprise-a-domicile-reussie\/\">Les principes de base dans la gestion d\u2019une entreprise \u00e0 domicile r\u00e9ussie.<\/a><\/li><li><a href=\"https:\/\/creervotrebusiness.com\/index.php\/lisez-ceci-pour-avoir-dexcellents-conseils-au-sujet-des-entreprises-a-domicile\/\">Lisez ceci pour avoir d\u2019excellents conseils au sujet des entreprises \u00e0 domicile<\/a><\/li><li><a href=\"https:\/\/creervotrebusiness.com\/index.php\/observez-votre-entreprise-a-domicile-prendre-de-lampleur-grace-a-ces-conseils\/\">Observez votre entreprise \u00e0 domicile prendre de l\u2019ampleur gr\u00e2ce \u00e0 ces conseils.<\/a><\/li><li><a href=\"https:\/\/creervotrebusiness.com\/index.php\/realisez-ce-que-vous-voulez-8-conseils-pour-que-votre-projet-dentreprise-a-domicile-marche\/\">R\u00e9alisez ce que vous voulez : 8 Conseils pour que votre projet d\u2019entreprise \u00e0 domicile marche.<\/a><\/li><\/ul>\n<\/div>\n<\/div>\n","protected":false},"excerpt":{"rendered":"<p>Tout le monde est int\u00e9ress\u00e9 par la possibilit\u00e9 de g\u00e9rer une entreprise \u00e0 domicile, mais cen\u2019est pas tout le monde qui compte investir son temps et ces ressources pour apprendrecomment bien le faire. Si vous ne faites pas partie de&#8230; <a href=\"https:\/\/creervotrebusiness.com\/index.php\/batir-une-entreprise-a-domicile-efficace-et-efficiente-avec-ces-excellents-conseils\/\" class=\"readmore\">Read more<span class=\"screen-reader-text\">B\u00e2tir une entreprise \u00e0 domicile efficace et efficiente avec ces excellents conseils<\/span><span class=\"fa fa-angle-double-right\" aria-hidden=\"true\"><\/span><\/a><\/p>\n","protected":false},"author":1,"featured_media":0,"parent":0,"menu_order":0,"comment_status":"closed","ping_status":"closed","template":"","meta":{"om_disable_all_campaigns":false,"_monsterinsights_skip_tracking":false,"_monsterinsights_sitenote_active":false,"_monsterinsights_sitenote_note":"","_monsterinsights_sitenote_category":0,"footnotes":""},"class_list":["post-292","page","type-page","status-publish","hentry"],"_links":{"self":[{"href":"https:\/\/creervotrebusiness.com\/index.php\/wp-json\/wp\/v2\/pages\/292","targetHints":{"allow":["GET"]}}],"collection":[{"href":"https:\/\/creervotrebusiness.com\/index.php\/wp-json\/wp\/v2\/pages"}],"about":[{"href":"https:\/\/creervotrebusiness.com\/index.php\/wp-json\/wp\/v2\/types\/page"}],"author":[{"embeddable":true,"href":"https:\/\/creervotrebusiness.com\/index.php\/wp-json\/wp\/v2\/users\/1"}],"replies":[{"embeddable":true,"href":"https:\/\/creervotrebusiness.com\/index.php\/wp-json\/wp\/v2\/comments?post=292"}],"version-history":[{"count":2,"href":"https:\/\/creervotrebusiness.com\/index.php\/wp-json\/wp\/v2\/pages\/292\/revisions"}],"predecessor-version":[{"id":336,"href":"https:\/\/creervotrebusiness.com\/index.php\/wp-json\/wp\/v2\/pages\/292\/revisions\/336"}],"wp:attachment":[{"href":"https:\/\/creervotrebusiness.com\/index.php\/wp-json\/wp\/v2\/media?parent=292"}],"curies":[{"name":"wp","href":"https:\/\/api.w.org\/{rel}","templated":true}]}}