{"id":290,"date":"2022-11-17T12:51:09","date_gmt":"2022-11-17T12:51:09","guid":{"rendered":"https:\/\/creervotrebusiness.com\/?page_id=290"},"modified":"2022-11-17T20:47:35","modified_gmt":"2022-11-17T20:47:35","slug":"apprenez-comment-mieux-gerer-votre-entreprise-a-domicile","status":"publish","type":"page","link":"https:\/\/creervotrebusiness.com\/index.php\/apprenez-comment-mieux-gerer-votre-entreprise-a-domicile\/","title":{"rendered":"Apprenez comment mieux g\u00e9rer votre entreprise \u00e0 domicile"},"content":{"rendered":"\n<p><br>Beaucoup de gens ont r\u00eav\u00e9 d\u2019ouvrir leur propre entreprise un jour. Si vous souhaitez<br>commencer \u00e0 avoir du succ\u00e8s, alors vous devez apprendre tout ce que vous pouvez pour<br>\u00e9viter les pi\u00e8ges courants auxquels les propri\u00e9taires d\u2019entreprise \u00e0 domicile sont<br>confront\u00e9s. Faites usage de ces conseils pour avoir une entreprise \u00e0 domicile prosp\u00e8re et<br>fleurie.<\/p>\n\n\n\n<ol class=\"wp-block-list\"><li>Si vous devez conduire pour votre entreprise \u00e0 domicile, garder une trace de<br>vos kilom\u00e8tres parcourus, car ils sont d\u00e9ductibles des imp\u00f4ts sur le revenu. Ces<br>frais de d\u00e9placement, m\u00eame si ces derniers sont de courtes distances, sont consid\u00e9r\u00e9s<br>comme d\u00e9ductibles \u00e0 100 %. Cependant, vous devez prouver que ces trajets ont<br>\u00e9t\u00e9 essentiels pour le bien de votre entreprise.<\/li><li>Votre entreprise \u00e0 domicile n\u00e9cessite une ligne t\u00e9l\u00e9phonique diff\u00e9rente de<br>celle qu\u2019utilise votre famille. Utiliser la m\u00eame ligne t\u00e9l\u00e9phonique pour les deux parties<br>n\u2019est pas tr\u00e8s recommand\u00e9 pour votre professionnalisme. Vos appels d\u2019affaires peuvent<br>\u00eatre pris par les membres de votre famille, qui ne savent, en principe, rien de vos<br>affaires. En outre, vous devriez avoir un message sur votre r\u00e9pondeur qui est sp\u00e9cifique<br>\u00e0 votre entreprise.<\/li><li>Vous r\u00e9ussirez si vous \u00eates motiv\u00e9. Certaines r\u00e9gions ont des r\u00e8glements<br>sp\u00e9cifiques pour les locaux utilis\u00e9s \u00e0 des fins commerciales. Selon les lois de votre<br>r\u00e9gion, vous devrez peut-\u00eatre envisager de s\u00e9parer le b\u00e2timent de votre bureau de votre<br>maison, afin de ne pas avoir \u00e0 amener des clients dans votre r\u00e9sidence personnelle. Il<br>peut aussi \u00eatre une excellente id\u00e9e pour garder sa vie priv\u00e9e s\u00e9par\u00e9e de sa vie<br>professionnelle !<\/li><li>Une grande astuce que vous pouvez utiliser pour votre projet est d\u2019avoir une<br>bo\u00eete postale. \u00c9vitez d\u2019utiliser votre adresse de domicile quand vous communiquez vos<br>contacts en ligne. En faisant cela, vous pr\u00e9serverez votre anonymat et celui de votre<br>famille.<\/li><li>Toutes les entreprises ont besoin d\u2019une br\u00e8ve description, souvent appel\u00e9e<br>une plaquette commerciale. Celle-ci vous permet de fournir une pr\u00e9sentation de votre<br>entreprise ainsi que ses objectifs. R\u00e9digez un \u00e9nonc\u00e9 concis qui d\u00e9crit en quelques<br>phrases votre entreprise et vos futurs objectifs pros.<\/li><li>Peu importe l\u2019\u00e9tat de vos finances au d\u00e9but du lancement de votre entreprise<br>\u00e0 domicile, vous devrez concocter un business plan complet et bien pens\u00e9 pour<br>cette derni\u00e8re. Vous pouvez modifier votre plan d\u2019affaires, au besoin, ou m\u00eame<br>totalement l\u2019ignorer plus tard. Utilisez-le comme une liste de toutes t\u00e2ches \u00e0 faire et<br>comme un phare pour vous guider vers votre objectif final. Vous devez parfois revoir<br>votre plan d\u2019affaires et le mettre \u00e0 jour si n\u00e9cessaire.<\/li><li>Il est extr\u00eamement important d\u2019identifier votre march\u00e9 cible avant de<br>commencer votre entreprise. M\u00eame si vous \u00eates un expert sur le produit lui-m\u00eame,<br>vous avez besoin de savoir tout sur les gens qui l\u2019ach\u00e8tent ou qui seraient susceptibles<br>de l\u2019acheter afin que vous puissiez choisir les meilleurs plans marketing pour r\u00e9ussir.<br>Concevez votre site selon la fa\u00e7on dont le public cible pr\u00e9f\u00e8re interagir avec les sites en<br>ligne.<\/li><li>Tenez-vous loin des distractions dans la maison. D\u2019abord, faites une liste<br>exhaustive de toutes les distractions possibles et ensuite faites preuve de cr\u00e9ativit\u00e9 pour<br>y faire face.<br>\u00catre le patron d\u2019une entreprise \u00e0 domicile est un r\u00eave pour beaucoup de gens. Pour<br>r\u00e9ussir, vous avez besoin de bons conseils. Vous serez plus en mesure de r\u00e9aliser le<br>v\u00f4tre lorsque vous saurez utiliser convenablement les conseils pr\u00e9sent\u00e9s ici.<\/li><\/ol>\n\n\n\n<div class=\"wp-block-columns is-layout-flex wp-container-core-columns-is-layout-1 wp-block-columns-is-layout-flex\">\n<div class=\"wp-block-column is-layout-flow wp-block-column-is-layout-flow\"><\/div>\n\n\n\n<div class=\"wp-block-column is-layout-flow wp-block-column-is-layout-flow\">\n<ul class=\"has-small-font-size wp-block-list\"><li><a href=\"https:\/\/creervotrebusiness.com\/index.php\/7-conseils-pour-gerer-efficacement-votre-entreprise-a-domicile\/\">7 conseils pour g\u00e9rer efficacement votre entreprise \u00e0 domicile.<\/a><\/li><li><a href=\"https:\/\/creervotrebusiness.com\/index.php\/8-astuces-que-vous-devez-connaitre-pour-gerer-efficacement-votre-petite-entreprise-a-domicile\/\">8 Astuces que vous devez connaitre pour g\u00e9rer efficacement votre petite entreprise \u00e0 domicile !<\/a><\/li><li><a href=\"https:\/\/creervotrebusiness.com\/index.php\/8-conseils-de-qualite-pour-faire-progresser-votre-entreprise-a-domicile\/\">8 Conseils de qualit\u00e9 pour faire progresser votre entreprise \u00e0 domicile<\/a><\/li><li><a href=\"https:\/\/creervotrebusiness.com\/index.php\/8-conseils-pour-reussir-rapidement-le-lancement-de-son-entreprise-a-domicile\/\">8 conseils pour r\u00e9ussir rapidement le lancement de son entreprise \u00e0 domicile<\/a><\/li><li><a href=\"https:\/\/creervotrebusiness.com\/index.php\/8-conseils-pour-reussir-votre-projet-dentreprise-a-domicile\/\">8 Conseils pour r\u00e9ussir votre projet d\u2019entreprise \u00e0 domicile<\/a><\/li><li><a href=\"https:\/\/creervotrebusiness.com\/index.php\/9-conseils-dexperts-sur-les-entreprises-a-domicile-peu-connus-de-la-masse\/\">9 Conseils d\u2019experts sur les entreprises \u00e0 domicile peu connus de la masse.<\/a><\/li><li><a href=\"https:\/\/creervotrebusiness.com\/index.php\/9-precieux-conseils-pour-les-proprietaires-dentreprise-a-domicile\/\">9 pr\u00e9cieux conseils pour les propri\u00e9taires d\u2019entreprise \u00e0 domicile.<\/a><\/li><li><a href=\"https:\/\/creervotrebusiness.com\/index.php\/appliquez-ces-conseils-pour-votre-entreprise-a-domicile\/\">Appliquez ces conseils pour votre entreprise \u00e0 domicile<\/a><\/li><li><a href=\"https:\/\/creervotrebusiness.com\/index.php\/apprenez-comment-atteindre-le-succes-avec-votre-entreprise-a-domicile\/\">Apprenez comment atteindre le succ\u00e8s avec votre entreprise \u00e0 domicile.<\/a><\/li><li><a href=\"https:\/\/creervotrebusiness.com\/index.php\/apprenez-comment-mieux-gerer-votre-entreprise-a-domicile\/\">Apprenez comment mieux g\u00e9rer votre entreprise \u00e0 domicile<\/a><\/li><li><a href=\"https:\/\/creervotrebusiness.com\/index.php\/batir-une-entreprise-a-domicile-efficace-et-efficiente-avec-ces-excellents-conseils\/\">B\u00e2tir une entreprise \u00e0 domicile efficace et efficiente avec ces excellents conseil<\/a>s<\/li><li><a href=\"https:\/\/creervotrebusiness.com\/index.php\/ce-que-vous-devez-savoir-au-sujet-des-entreprises-a-domicile\/\">Ce que vous devez savoir au sujet des entreprises \u00e0 domicile.<\/a><\/li><li><a href=\"https:\/\/creervotrebusiness.com\/index.php\/comment-faire-pour-creer-une-entreprise-a-domicile-prospere\/\">Comment faire pour cr\u00e9er une entreprise \u00e0 domicile prosp\u00e8re.<\/a><\/li><li><a href=\"https:\/\/creervotrebusiness.com\/index.php\/du-reve-a-la-realite-9-conseils-pratiques-pour-reussir-son-entreprise-a-domicile\/\">Du r\u00eave \u00e0 la r\u00e9alit\u00e9 : 9 Conseils pratiques pour r\u00e9ussir son entreprise \u00e0 domicile.<\/a><\/li><li><a href=\"https:\/\/creervotrebusiness.com\/index.php\/essayez-ces-conseils-pour-une-entreprise-a-domicile-reussie\/\">Essayez ces conseils pour une entreprise \u00e0 domicile r\u00e9ussie.<\/a><\/li><li><a href=\"https:\/\/creervotrebusiness.com\/index.php\/etes-vous-la-recherche-dinformations-sur-lentrepreneuriat-a-domicile-alors-lisez-ces-precieux-conseils\/\">\u00cates-vous la recherche d\u2019informations sur l\u2019entrepreneuriat \u00e0 domicile ? Alors, lisez ces pr\u00e9cieux conseils !<\/a><\/li><li><a href=\"https:\/\/creervotrebusiness.com\/index.php\/gagner-de-largent-sans-mettre-un-pied-a-lexterieur-8-conseils-pour-reussir-son-entreprise-a-domicile\/\">Gagner de l\u2019argent sans mettre un pied \u00e0 l\u2019ext\u00e9rieur : 8 Conseils pour r\u00e9ussir son entreprise \u00e0 domicile<\/a><\/li><li><a href=\"https:\/\/creervotrebusiness.com\/index.php\/gerer-son-entreprise-a-domicile\/\">G\u00e9rer son entreprise \u00e0 Domicile<\/a><\/li><li><a href=\"https:\/\/creervotrebusiness.com\/index.php\/gerer-une-grande-entreprise-a-partir-de-chez-soi\/\">G\u00e9rer une grande entreprise \u00e0 partir de chez soi<\/a><\/li><li><a href=\"https:\/\/creervotrebusiness.com\/index.php\/laissez-votre-entreprise-a-domicile-prendre-son-essor\/\">Laissez votre entreprise \u00e0 domicile prendre son essor<\/a><\/li><li><a href=\"https:\/\/creervotrebusiness.com\/index.php\/les-principes-de-base-dans-la-gestion-dune-entreprise-a-domicile-reussie\/\">Les principes de base dans la gestion d\u2019une entreprise \u00e0 domicile r\u00e9ussie.<\/a><\/li><li><a href=\"https:\/\/creervotrebusiness.com\/index.php\/lisez-ceci-pour-avoir-dexcellents-conseils-au-sujet-des-entreprises-a-domicile\/\">Lisez ceci pour avoir d\u2019excellents conseils au sujet des entreprises \u00e0 domicile<\/a><\/li><li><a href=\"https:\/\/creervotrebusiness.com\/index.php\/observez-votre-entreprise-a-domicile-prendre-de-lampleur-grace-a-ces-conseils\/\">Observez votre entreprise \u00e0 domicile prendre de l\u2019ampleur gr\u00e2ce \u00e0 ces conseils.<\/a><\/li><li><a href=\"https:\/\/creervotrebusiness.com\/index.php\/realisez-ce-que-vous-voulez-8-conseils-pour-que-votre-projet-dentreprise-a-domicile-marche\/\">R\u00e9alisez ce que vous voulez : 8 Conseils pour que votre projet d\u2019entreprise \u00e0 domicile marche.<\/a><\/li><\/ul>\n<\/div>\n<\/div>\n","protected":false},"excerpt":{"rendered":"<p>Beaucoup de gens ont r\u00eav\u00e9 d\u2019ouvrir leur propre entreprise un jour. Si vous souhaitezcommencer \u00e0 avoir du succ\u00e8s, alors vous devez apprendre tout ce que vous pouvez pour\u00e9viter les pi\u00e8ges courants auxquels les propri\u00e9taires d\u2019entreprise \u00e0 domicile sontconfront\u00e9s. Faites usage&#8230; <a href=\"https:\/\/creervotrebusiness.com\/index.php\/apprenez-comment-mieux-gerer-votre-entreprise-a-domicile\/\" class=\"readmore\">Read more<span class=\"screen-reader-text\">Apprenez comment mieux g\u00e9rer votre entreprise \u00e0 domicile<\/span><span class=\"fa fa-angle-double-right\" aria-hidden=\"true\"><\/span><\/a><\/p>\n","protected":false},"author":1,"featured_media":0,"parent":0,"menu_order":0,"comment_status":"closed","ping_status":"closed","template":"","meta":{"om_disable_all_campaigns":false,"_monsterinsights_skip_tracking":false,"_monsterinsights_sitenote_active":false,"_monsterinsights_sitenote_note":"","_monsterinsights_sitenote_category":0,"footnotes":""},"class_list":["post-290","page","type-page","status-publish","hentry"],"_links":{"self":[{"href":"https:\/\/creervotrebusiness.com\/index.php\/wp-json\/wp\/v2\/pages\/290","targetHints":{"allow":["GET"]}}],"collection":[{"href":"https:\/\/creervotrebusiness.com\/index.php\/wp-json\/wp\/v2\/pages"}],"about":[{"href":"https:\/\/creervotrebusiness.com\/index.php\/wp-json\/wp\/v2\/types\/page"}],"author":[{"embeddable":true,"href":"https:\/\/creervotrebusiness.com\/index.php\/wp-json\/wp\/v2\/users\/1"}],"replies":[{"embeddable":true,"href":"https:\/\/creervotrebusiness.com\/index.php\/wp-json\/wp\/v2\/comments?post=290"}],"version-history":[{"count":2,"href":"https:\/\/creervotrebusiness.com\/index.php\/wp-json\/wp\/v2\/pages\/290\/revisions"}],"predecessor-version":[{"id":338,"href":"https:\/\/creervotrebusiness.com\/index.php\/wp-json\/wp\/v2\/pages\/290\/revisions\/338"}],"wp:attachment":[{"href":"https:\/\/creervotrebusiness.com\/index.php\/wp-json\/wp\/v2\/media?parent=290"}],"curies":[{"name":"wp","href":"https:\/\/api.w.org\/{rel}","templated":true}]}}