{"id":288,"date":"2022-11-17T12:50:10","date_gmt":"2022-11-17T12:50:10","guid":{"rendered":"https:\/\/creervotrebusiness.com\/?page_id=288"},"modified":"2022-11-17T20:42:12","modified_gmt":"2022-11-17T20:42:12","slug":"apprenez-comment-atteindre-le-succes-avec-votre-entreprise-a-domicile","status":"publish","type":"page","link":"https:\/\/creervotrebusiness.com\/index.php\/apprenez-comment-atteindre-le-succes-avec-votre-entreprise-a-domicile\/","title":{"rendered":"Apprenez comment atteindre le succ\u00e8s avec votre entreprise \u00e0 domicile."},"content":{"rendered":"\n<p><br>M\u00eame si vous avez \u00e9t\u00e9 impliqu\u00e9 dans la gestion d\u2019entreprises \u00e0 domicile depuis des<br>ann\u00e9es, vous pouvez toujours apprendre des choses qui vous permettront d\u2019am\u00e9liorer<br>votre efficacit\u00e9. Cet article va partager avec vous beaucoup d\u2019id\u00e9es diff\u00e9rentes li\u00e9es \u00e0<br>tous les aspects de la gestion r\u00e9ussie d\u2019une entreprise \u00e0 domicile.<\/p>\n\n\n\n<ol class=\"wp-block-list\"><li>En ce qui concerne les besoins de vos clients, assurez-vous d\u2019aller au-del\u00e0 du<br>possible pour les satisfaire. Donnez aux clients des choses gratuites quand ils<br>ach\u00e8tent vos produits, et faites-leur savoir que vous appr\u00e9ciez leur confiance en les<br>remerciant pour leurs commandes. Les gens aiment recevoir des articles gratuits, comme<br>ils aiment aussi se sentir sp\u00e9ciaux. Montrez-leur qu\u2019ils sont un \u00e9l\u00e9ment important de<br>votre succ\u00e8s !<\/li><li>Il y a beaucoup de forums et de groupes en ligne qui peuvent vous fournir<br>des informations sur le lancement d\u2019entreprises \u00e0 domicile. Il suffit d\u2019une petite<br>recherche sur Internet pour trouver l\u2019ensemble des grands forums dont vous pouvez faire<br>partie. Il y a beaucoup d\u2019articles et de blogs en ligne que vous pouvez trouver utiles.<\/li><li>Ouvrez une bo\u00eete postale et utilisez-la pour recevoir votre courrier<br>professionnel. \u00c9vitez de publier en ligne votre adresse de domicile. Vous devez<br>prot\u00e9ger votre identit\u00e9 et l\u2019identit\u00e9 de votre famille.<\/li><li>Lorsque vous travaillez \u00e0 la maison, essayez de toujours rester au top de<br>votre forme. Il est normal de vouloir r\u00e9ussir \u00e0 tout prix et d\u2019avoir beaucoup<br>d\u2019enthousiasme pour son entreprise, mais si vous vous n\u00e9gligez en faveur de votre<br>travail, cela peut nuire avec le temps \u00e0 votre sant\u00e9 physique et morale. Prenez une<br>douche r\u00e9guli\u00e8rement, ne grignotez pas trop, et ayez une routine d\u2019exercice.<\/li><li>Pour garder une visibilit\u00e9 sur votre entreprise, ouvrez un compte courant<br>d\u00e9di\u00e9 uniquement \u00e0 votre entreprise. Utilisez ce compte pour l\u2019ensemble des<br>transactions financi\u00e8res de votre entreprise y compris pour les b\u00e9n\u00e9fices r\u00e9alis\u00e9s via les<br>ventes. Cela vous garantira d\u2019avoir toujours un \u0153il sur ce qui se passe avec votre<br>entreprise. Il est \u00e9galement une bonne id\u00e9e de demander une carte de cr\u00e9dit sp\u00e9cifique<br>pour votre entreprise.<\/li><li>Des fonds d\u2019urgence sont n\u00e9cessaires pour votre entreprise pour le cas o\u00f9<br>vous avez \u00e0 faire face \u00e0 des frais impr\u00e9vus. Vous serez ainsi en mesure de pallier \u00e0<br>certaines surprises avec un fonds d\u2019urgence, ce qui assurera que votre entreprise<br>continue \u00e0 fonctionner correctement. Ne vous servez dans ce fonds que quand il est<br>absolument n\u00e9cessaire, ensuite assurez-vous de remettre l\u2019argent \u00e0 nouveau.<\/li><li>La seule fa\u00e7on d\u2019avoir une entreprise \u00e0 domicile r\u00e9ussie est d\u2019apprendre \u00e0<br>faire la promotion de soi. Vous devez \u00eatre capable de parler de votre entreprise \u00e0 tout<br>le monde. L\u2019objectif final est de r\u00e9ussir \u00e0 communiquer vos qualit\u00e9s ainsi que votre<br>exp\u00e9rience \u00e0 vos interlocuteurs afin qu\u2019ils puissent avoir une bonne id\u00e9e de votre<br>entreprise et ainsi devenir vos clients ou bien vous en apporter.<br>Il est essentiel de sortir des sentiers battus lors de l\u2019ex\u00e9cution d\u2019une entreprise \u00e0<br>domicile, et de pouvoir trouver des r\u00e9ponses aux questions que l\u2019on ne s\u2019est m\u00eame pas<br>encore pos\u00e9es. Pr\u00e9parez-vous \u00e0 tout ce qui pourrait arriver et vous limiterez les risques<br>de subir des difficult\u00e9s auxquelles vous n\u2019\u00eates pas pr\u00eat \u00e0 faire face. Ne cessez jamais<br>d\u2019apprendre, et votre entreprise s\u2019am\u00e9liorera avec vos connaissances.<\/li><\/ol>\n\n\n\n<div class=\"wp-block-columns is-layout-flex wp-container-core-columns-is-layout-1 wp-block-columns-is-layout-flex\">\n<div class=\"wp-block-column is-layout-flow wp-block-column-is-layout-flow\"><\/div>\n\n\n\n<div class=\"wp-block-column is-layout-flow wp-block-column-is-layout-flow\">\n<ul class=\"has-small-font-size wp-block-list\"><li><a href=\"https:\/\/creervotrebusiness.com\/index.php\/7-conseils-pour-gerer-efficacement-votre-entreprise-a-domicile\/\">7 conseils pour g\u00e9rer efficacement votre entreprise \u00e0 domicile.<\/a><\/li><li><a href=\"https:\/\/creervotrebusiness.com\/index.php\/8-astuces-que-vous-devez-connaitre-pour-gerer-efficacement-votre-petite-entreprise-a-domicile\/\">8 Astuces que vous devez connaitre pour g\u00e9rer efficacement votre petite entreprise \u00e0 domicile !<\/a><\/li><li><a href=\"https:\/\/creervotrebusiness.com\/index.php\/8-conseils-de-qualite-pour-faire-progresser-votre-entreprise-a-domicile\/\">8 Conseils de qualit\u00e9 pour faire progresser votre entreprise \u00e0 domicile<\/a><\/li><li><a href=\"https:\/\/creervotrebusiness.com\/index.php\/8-conseils-pour-reussir-rapidement-le-lancement-de-son-entreprise-a-domicile\/\">8 conseils pour r\u00e9ussir rapidement le lancement de son entreprise \u00e0 domicile<\/a><\/li><li><a href=\"https:\/\/creervotrebusiness.com\/index.php\/8-conseils-pour-reussir-votre-projet-dentreprise-a-domicile\/\">8 Conseils pour r\u00e9ussir votre projet d\u2019entreprise \u00e0 domicile<\/a><\/li><li><a href=\"https:\/\/creervotrebusiness.com\/index.php\/9-conseils-dexperts-sur-les-entreprises-a-domicile-peu-connus-de-la-masse\/\">9 Conseils d\u2019experts sur les entreprises \u00e0 domicile peu connus de la masse.<\/a><\/li><li><a href=\"https:\/\/creervotrebusiness.com\/index.php\/9-precieux-conseils-pour-les-proprietaires-dentreprise-a-domicile\/\">9 pr\u00e9cieux conseils pour les propri\u00e9taires d\u2019entreprise \u00e0 domicile.<\/a><\/li><li><a href=\"https:\/\/creervotrebusiness.com\/index.php\/appliquez-ces-conseils-pour-votre-entreprise-a-domicile\/\">Appliquez ces conseils pour votre entreprise \u00e0 domicile<\/a><\/li><li><a href=\"https:\/\/creervotrebusiness.com\/index.php\/apprenez-comment-atteindre-le-succes-avec-votre-entreprise-a-domicile\/\">Apprenez comment atteindre le succ\u00e8s avec votre entreprise \u00e0 domicile.<\/a><\/li><li><a href=\"https:\/\/creervotrebusiness.com\/index.php\/apprenez-comment-mieux-gerer-votre-entreprise-a-domicile\/\">Apprenez comment mieux g\u00e9rer votre entreprise \u00e0 domicile<\/a><\/li><li><a href=\"https:\/\/creervotrebusiness.com\/index.php\/batir-une-entreprise-a-domicile-efficace-et-efficiente-avec-ces-excellents-conseils\/\">B\u00e2tir une entreprise \u00e0 domicile efficace et efficiente avec ces excellents conseil<\/a>s<\/li><li><a href=\"https:\/\/creervotrebusiness.com\/index.php\/ce-que-vous-devez-savoir-au-sujet-des-entreprises-a-domicile\/\">Ce que vous devez savoir au sujet des entreprises \u00e0 domicile.<\/a><\/li><li><a href=\"https:\/\/creervotrebusiness.com\/index.php\/comment-faire-pour-creer-une-entreprise-a-domicile-prospere\/\">Comment faire pour cr\u00e9er une entreprise \u00e0 domicile prosp\u00e8re.<\/a><\/li><li><a href=\"https:\/\/creervotrebusiness.com\/index.php\/du-reve-a-la-realite-9-conseils-pratiques-pour-reussir-son-entreprise-a-domicile\/\">Du r\u00eave \u00e0 la r\u00e9alit\u00e9 : 9 Conseils pratiques pour r\u00e9ussir son entreprise \u00e0 domicile.<\/a><\/li><li><a href=\"https:\/\/creervotrebusiness.com\/index.php\/essayez-ces-conseils-pour-une-entreprise-a-domicile-reussie\/\">Essayez ces conseils pour une entreprise \u00e0 domicile r\u00e9ussie.<\/a><\/li><li><a href=\"https:\/\/creervotrebusiness.com\/index.php\/etes-vous-la-recherche-dinformations-sur-lentrepreneuriat-a-domicile-alors-lisez-ces-precieux-conseils\/\">\u00cates-vous la recherche d\u2019informations sur l\u2019entrepreneuriat \u00e0 domicile ? Alors, lisez ces pr\u00e9cieux conseils !<\/a><\/li><li><a href=\"https:\/\/creervotrebusiness.com\/index.php\/gagner-de-largent-sans-mettre-un-pied-a-lexterieur-8-conseils-pour-reussir-son-entreprise-a-domicile\/\">Gagner de l\u2019argent sans mettre un pied \u00e0 l\u2019ext\u00e9rieur : 8 Conseils pour r\u00e9ussir son entreprise \u00e0 domicile<\/a><\/li><li><a href=\"https:\/\/creervotrebusiness.com\/index.php\/gerer-son-entreprise-a-domicile\/\">G\u00e9rer son entreprise \u00e0 Domicile<\/a><\/li><li><a href=\"https:\/\/creervotrebusiness.com\/index.php\/gerer-une-grande-entreprise-a-partir-de-chez-soi\/\">G\u00e9rer une grande entreprise \u00e0 partir de chez soi<\/a><\/li><li><a href=\"https:\/\/creervotrebusiness.com\/index.php\/laissez-votre-entreprise-a-domicile-prendre-son-essor\/\">Laissez votre entreprise \u00e0 domicile prendre son essor<\/a><\/li><li><a href=\"https:\/\/creervotrebusiness.com\/index.php\/les-principes-de-base-dans-la-gestion-dune-entreprise-a-domicile-reussie\/\">Les principes de base dans la gestion d\u2019une entreprise \u00e0 domicile r\u00e9ussie.<\/a><\/li><li><a href=\"https:\/\/creervotrebusiness.com\/index.php\/lisez-ceci-pour-avoir-dexcellents-conseils-au-sujet-des-entreprises-a-domicile\/\">Lisez ceci pour avoir d\u2019excellents conseils au sujet des entreprises \u00e0 domicile<\/a><\/li><li><a href=\"https:\/\/creervotrebusiness.com\/index.php\/observez-votre-entreprise-a-domicile-prendre-de-lampleur-grace-a-ces-conseils\/\">Observez votre entreprise \u00e0 domicile prendre de l\u2019ampleur gr\u00e2ce \u00e0 ces conseils.<\/a><\/li><li><a href=\"https:\/\/creervotrebusiness.com\/index.php\/realisez-ce-que-vous-voulez-8-conseils-pour-que-votre-projet-dentreprise-a-domicile-marche\/\">R\u00e9alisez ce que vous voulez : 8 Conseils pour que votre projet d\u2019entreprise \u00e0 domicile marche.<\/a><\/li><\/ul>\n<\/div>\n<\/div>\n","protected":false},"excerpt":{"rendered":"<p>M\u00eame si vous avez \u00e9t\u00e9 impliqu\u00e9 dans la gestion d\u2019entreprises \u00e0 domicile depuis desann\u00e9es, vous pouvez toujours apprendre des choses qui vous permettront d\u2019am\u00e9liorervotre efficacit\u00e9. Cet article va partager avec vous beaucoup d\u2019id\u00e9es diff\u00e9rentes li\u00e9es \u00e0tous les aspects de la&#8230; <a href=\"https:\/\/creervotrebusiness.com\/index.php\/apprenez-comment-atteindre-le-succes-avec-votre-entreprise-a-domicile\/\" class=\"readmore\">Read more<span class=\"screen-reader-text\">Apprenez comment atteindre le succ\u00e8s avec votre entreprise \u00e0 domicile.<\/span><span class=\"fa fa-angle-double-right\" aria-hidden=\"true\"><\/span><\/a><\/p>\n","protected":false},"author":1,"featured_media":0,"parent":0,"menu_order":0,"comment_status":"closed","ping_status":"closed","template":"","meta":{"om_disable_all_campaigns":false,"_monsterinsights_skip_tracking":false,"_monsterinsights_sitenote_active":false,"_monsterinsights_sitenote_note":"","_monsterinsights_sitenote_category":0,"footnotes":""},"class_list":["post-288","page","type-page","status-publish","hentry"],"_links":{"self":[{"href":"https:\/\/creervotrebusiness.com\/index.php\/wp-json\/wp\/v2\/pages\/288","targetHints":{"allow":["GET"]}}],"collection":[{"href":"https:\/\/creervotrebusiness.com\/index.php\/wp-json\/wp\/v2\/pages"}],"about":[{"href":"https:\/\/creervotrebusiness.com\/index.php\/wp-json\/wp\/v2\/types\/page"}],"author":[{"embeddable":true,"href":"https:\/\/creervotrebusiness.com\/index.php\/wp-json\/wp\/v2\/users\/1"}],"replies":[{"embeddable":true,"href":"https:\/\/creervotrebusiness.com\/index.php\/wp-json\/wp\/v2\/comments?post=288"}],"version-history":[{"count":2,"href":"https:\/\/creervotrebusiness.com\/index.php\/wp-json\/wp\/v2\/pages\/288\/revisions"}],"predecessor-version":[{"id":332,"href":"https:\/\/creervotrebusiness.com\/index.php\/wp-json\/wp\/v2\/pages\/288\/revisions\/332"}],"wp:attachment":[{"href":"https:\/\/creervotrebusiness.com\/index.php\/wp-json\/wp\/v2\/media?parent=288"}],"curies":[{"name":"wp","href":"https:\/\/api.w.org\/{rel}","templated":true}]}}