{"id":284,"date":"2022-11-17T12:47:30","date_gmt":"2022-11-17T12:47:30","guid":{"rendered":"https:\/\/creervotrebusiness.com\/?page_id=284"},"modified":"2022-11-17T20:46:31","modified_gmt":"2022-11-17T20:46:31","slug":"9-precieux-conseils-pour-les-proprietaires-dentreprise-a-domicile","status":"publish","type":"page","link":"https:\/\/creervotrebusiness.com\/index.php\/9-precieux-conseils-pour-les-proprietaires-dentreprise-a-domicile\/","title":{"rendered":"9 pr\u00e9cieux conseils pour les propri\u00e9taires d\u2019entreprise \u00e0 domicile."},"content":{"rendered":"\n<p><br>Le fait de poss\u00e9der votre propre entreprise \u00e0 domicile vous fait r\u00eaver ? \u00cates-vous intimid\u00e9<br>par le d\u00e9vouement et l\u2019engagement que cela peut n\u00e9cessiter ? Vous pouvez trouver de<br>l\u2019aide pour la d\u00e9termination des bons horaires de travail et rester ainsi s\u00e9rieux au sujet<br>de votre entreprise \u00e0 domicile.<\/p>\n\n\n\n<ol class=\"wp-block-list\"><li>Pouvez-vous d\u00e9crire ce que votre entreprise \u00e0 domicile fait en l\u2019espace d\u2019un<br>tour d\u2019ascenseur ? Faites murir votre r\u00e9flexion afin de trouver une phrase d\u2019accroche<br>qui vous aidera \u00e0 impressionner vos clients potentiels. Cela vous donnera \u00e9galement un<br>moyen de d\u00e9terminer votre slogan tout en couvrant ce que votre entreprise peut faire<br>pour les autres.<\/li><li>Il est important d\u2019avoir un plan secondaire en cas de probl\u00e8mes. Mettez en<br>place des plans d\u2019urgence pour vous immuniser contre les catastrophes majeures,<br>comme l\u2019arr\u00eat de votre site Web ou un retard de livraison. Pr\u00e9voir le pire signifie que<br>vous serez capable de le traiter correctement s\u2019il venait \u00e0 se produire.<\/li><li>Une chose que vous pouvez faire pour g\u00e9n\u00e9rer un revenu de la maison est de<br>donner aux gens des le\u00e7ons sur des choses que vous \u00eates capable d\u2019enseigner.<br>Beaucoup de gens pr\u00e9f\u00e8rent les le\u00e7ons priv\u00e9es \u00e0 la configuration traditionnelle d\u2019une<br>\u00e9cole standard. Tout ce qui concerne les loisirs, comme la photographie, l\u2019art ou la<br>musique, peut \u00eatre enseign\u00e9 derri\u00e8re un \u00e9cran d\u2019ordinateur.<\/li><li>Vous devriez envisager d\u2019adh\u00e9rer \u00e0 un groupe de discussion sur le Web ou il<br>est question d\u2019entreprises \u00e0 domicile. Faire cela vous donnera l\u2019occasion de discuter<br>avec d\u2019autres personnes dans votre position. Vous pouvez ainsi comparer vos id\u00e9es et<br>avoir des suggestions d\u2019autres personnes qui travaillent \u00e0 domicile.<\/li><li>Mettez au point une liste des choses que vous souhaitez accomplir tous les<br>jours. Vous pouvez ne pas y arriver \u00e0 bout en fin de journ\u00e9e, mais vous serez en mesure<br>d\u2019accomplir plus de t\u00e2ches si vous gardez vos objectifs raisonnables. Lorsque vous<br>travaillez \u00e0 domicile, il est important de fixer des limites. De cette fa\u00e7on, votre famille<br>saura quand vous avez besoin de vous concentrer sur votre travail.<\/li><li>Assurez-vous que votre environnement de travail est s\u00fbr. Cela implique d\u2019avoir<br>un d\u00e9tecteur de fum\u00e9e et un extincteur dans votre zone de travail. En outre, l\u2019ordinateur<br>que vous utilisez doit r\u00e9pondre \u00e0 vos besoins de confort. La protection anti-incendie peut<br>r\u00e9duire les co\u00fbts de votre assurance, et une bonne ergonomie pour votre ordinateur peut<br>r\u00e9duire les risques des blessures dues aux mouvements r\u00e9p\u00e9titifs.<\/li><li>Soyez r\u00e9aliste et honn\u00eate avec vous sur ce que vous esp\u00e9rez r\u00e9aliser quand<br>vous songez \u00e0 d\u00e9marrer une entreprise \u00e0 domicile. Est-ce que vous voulez<br>commercialiser un produit de qualit\u00e9 qui int\u00e9ressera vraiment les gens ? \u00cates-vous une<br>personne honn\u00eate qui valorise l\u2019honn\u00eatet\u00e9 ?<\/li><li>Alors travailler en pyjama peut sembler agr\u00e9able au premier abord,<br>l\u2019interaction que vous aviez autrefois avec vos coll\u00e8gues et vos clients de tous<br>les jours \u00e0 votre emploi pr\u00e9c\u00e9dent risque de vous manquer. Assurez-vous de<br>sortir, d\u2019aller \u00e0 d\u2019autres endroits et de participer \u00e0 des sorties pour maintenir vos<br>interactions personnelles.<\/li><li>Il peut \u00eatre extr\u00eamement facile de devenir englouti par le travail lorsque vous<br>travaillez \u00e0 domicile. La cr\u00e9ation d\u2019un espace de travail, que vous occuperez<br>uniquement pour travailler et rien d\u2019autre, vous aidera \u00e0 rester concentr\u00e9 et veiller<br>\u00e9galement \u00e0 ce que vous mettez de c\u00f4t\u00e9 un peu de temps au quotidien pour vous<br>amuser en famille ou entre amis.<br>Cet article aura tent\u00e9 de vous expliquer comment faire fonctionner une entreprise \u00e0<br>domicile efficacement. Si vous consacrez assez de temps et d\u2019effort dans une entreprise<br>\u00e0 domicile, vous d\u00e9velopperez une r\u00e9putation professionnelle et vous aurez beaucoup de<br>travail et de revenus en contrepartie. Vous pouvez arriver au sommet de votre domaine<br>en tant que propri\u00e9taire d\u2019entreprise \u00e0 domicile !<\/li><\/ol>\n\n\n\n<div class=\"wp-block-columns is-layout-flex wp-container-core-columns-is-layout-1 wp-block-columns-is-layout-flex\">\n<div class=\"wp-block-column is-layout-flow wp-block-column-is-layout-flow\"><\/div>\n\n\n\n<div class=\"wp-block-column is-layout-flow wp-block-column-is-layout-flow\">\n<ul class=\"has-small-font-size wp-block-list\"><li><a href=\"https:\/\/creervotrebusiness.com\/index.php\/7-conseils-pour-gerer-efficacement-votre-entreprise-a-domicile\/\">7 conseils pour g\u00e9rer efficacement votre entreprise \u00e0 domicile.<\/a><\/li><li><a href=\"https:\/\/creervotrebusiness.com\/index.php\/8-astuces-que-vous-devez-connaitre-pour-gerer-efficacement-votre-petite-entreprise-a-domicile\/\">8 Astuces que vous devez connaitre pour g\u00e9rer efficacement votre petite entreprise \u00e0 domicile !<\/a><\/li><li><a href=\"https:\/\/creervotrebusiness.com\/index.php\/8-conseils-de-qualite-pour-faire-progresser-votre-entreprise-a-domicile\/\">8 Conseils de qualit\u00e9 pour faire progresser votre entreprise \u00e0 domicile<\/a><\/li><li><a href=\"https:\/\/creervotrebusiness.com\/index.php\/8-conseils-pour-reussir-rapidement-le-lancement-de-son-entreprise-a-domicile\/\">8 conseils pour r\u00e9ussir rapidement le lancement de son entreprise \u00e0 domicile<\/a><\/li><li><a href=\"https:\/\/creervotrebusiness.com\/index.php\/8-conseils-pour-reussir-votre-projet-dentreprise-a-domicile\/\">8 Conseils pour r\u00e9ussir votre projet d\u2019entreprise \u00e0 domicile<\/a><\/li><li><a href=\"https:\/\/creervotrebusiness.com\/index.php\/9-conseils-dexperts-sur-les-entreprises-a-domicile-peu-connus-de-la-masse\/\">9 Conseils d\u2019experts sur les entreprises \u00e0 domicile peu connus de la masse.<\/a><\/li><li><a href=\"https:\/\/creervotrebusiness.com\/index.php\/9-precieux-conseils-pour-les-proprietaires-dentreprise-a-domicile\/\">9 pr\u00e9cieux conseils pour les propri\u00e9taires d\u2019entreprise \u00e0 domicile.<\/a><\/li><li><a href=\"https:\/\/creervotrebusiness.com\/index.php\/appliquez-ces-conseils-pour-votre-entreprise-a-domicile\/\">Appliquez ces conseils pour votre entreprise \u00e0 domicile<\/a><\/li><li><a href=\"https:\/\/creervotrebusiness.com\/index.php\/apprenez-comment-atteindre-le-succes-avec-votre-entreprise-a-domicile\/\">Apprenez comment atteindre le succ\u00e8s avec votre entreprise \u00e0 domicile.<\/a><\/li><li><a href=\"https:\/\/creervotrebusiness.com\/index.php\/apprenez-comment-mieux-gerer-votre-entreprise-a-domicile\/\">Apprenez comment mieux g\u00e9rer votre entreprise \u00e0 domicile<\/a><\/li><li><a href=\"https:\/\/creervotrebusiness.com\/index.php\/batir-une-entreprise-a-domicile-efficace-et-efficiente-avec-ces-excellents-conseils\/\">B\u00e2tir une entreprise \u00e0 domicile efficace et efficiente avec ces excellents conseil<\/a>s<\/li><li><a href=\"https:\/\/creervotrebusiness.com\/index.php\/ce-que-vous-devez-savoir-au-sujet-des-entreprises-a-domicile\/\">Ce que vous devez savoir au sujet des entreprises \u00e0 domicile.<\/a><\/li><li><a href=\"https:\/\/creervotrebusiness.com\/index.php\/comment-faire-pour-creer-une-entreprise-a-domicile-prospere\/\">Comment faire pour cr\u00e9er une entreprise \u00e0 domicile prosp\u00e8re.<\/a><\/li><li><a href=\"https:\/\/creervotrebusiness.com\/index.php\/du-reve-a-la-realite-9-conseils-pratiques-pour-reussir-son-entreprise-a-domicile\/\">Du r\u00eave \u00e0 la r\u00e9alit\u00e9 : 9 Conseils pratiques pour r\u00e9ussir son entreprise \u00e0 domicile.<\/a><\/li><li><a href=\"https:\/\/creervotrebusiness.com\/index.php\/essayez-ces-conseils-pour-une-entreprise-a-domicile-reussie\/\">Essayez ces conseils pour une entreprise \u00e0 domicile r\u00e9ussie.<\/a><\/li><li><a href=\"https:\/\/creervotrebusiness.com\/index.php\/etes-vous-la-recherche-dinformations-sur-lentrepreneuriat-a-domicile-alors-lisez-ces-precieux-conseils\/\">\u00cates-vous la recherche d\u2019informations sur l\u2019entrepreneuriat \u00e0 domicile ? Alors, lisez ces pr\u00e9cieux conseils !<\/a><\/li><li><a href=\"https:\/\/creervotrebusiness.com\/index.php\/gagner-de-largent-sans-mettre-un-pied-a-lexterieur-8-conseils-pour-reussir-son-entreprise-a-domicile\/\">Gagner de l\u2019argent sans mettre un pied \u00e0 l\u2019ext\u00e9rieur : 8 Conseils pour r\u00e9ussir son entreprise \u00e0 domicile<\/a><\/li><li><a href=\"https:\/\/creervotrebusiness.com\/index.php\/gerer-son-entreprise-a-domicile\/\">G\u00e9rer son entreprise \u00e0 Domicile<\/a><\/li><li><a href=\"https:\/\/creervotrebusiness.com\/index.php\/gerer-une-grande-entreprise-a-partir-de-chez-soi\/\">G\u00e9rer une grande entreprise \u00e0 partir de chez soi<\/a><\/li><li><a href=\"https:\/\/creervotrebusiness.com\/index.php\/laissez-votre-entreprise-a-domicile-prendre-son-essor\/\">Laissez votre entreprise \u00e0 domicile prendre son essor<\/a><\/li><li><a href=\"https:\/\/creervotrebusiness.com\/index.php\/les-principes-de-base-dans-la-gestion-dune-entreprise-a-domicile-reussie\/\">Les principes de base dans la gestion d\u2019une entreprise \u00e0 domicile r\u00e9ussie.<\/a><\/li><li><a href=\"https:\/\/creervotrebusiness.com\/index.php\/lisez-ceci-pour-avoir-dexcellents-conseils-au-sujet-des-entreprises-a-domicile\/\">Lisez ceci pour avoir d\u2019excellents conseils au sujet des entreprises \u00e0 domicile<\/a><\/li><li><a href=\"https:\/\/creervotrebusiness.com\/index.php\/observez-votre-entreprise-a-domicile-prendre-de-lampleur-grace-a-ces-conseils\/\">Observez votre entreprise \u00e0 domicile prendre de l\u2019ampleur gr\u00e2ce \u00e0 ces conseils.<\/a><\/li><li><a href=\"https:\/\/creervotrebusiness.com\/index.php\/realisez-ce-que-vous-voulez-8-conseils-pour-que-votre-projet-dentreprise-a-domicile-marche\/\">R\u00e9alisez ce que vous voulez : 8 Conseils pour que votre projet d\u2019entreprise \u00e0 domicile marche.<\/a><\/li><\/ul>\n<\/div>\n<\/div>\n","protected":false},"excerpt":{"rendered":"<p>Le fait de poss\u00e9der votre propre entreprise \u00e0 domicile vous fait r\u00eaver ? \u00cates-vous intimid\u00e9par le d\u00e9vouement et l\u2019engagement que cela peut n\u00e9cessiter ? Vous pouvez trouver del\u2019aide pour la d\u00e9termination des bons horaires de travail et rester ainsi s\u00e9rieux&#8230; <a href=\"https:\/\/creervotrebusiness.com\/index.php\/9-precieux-conseils-pour-les-proprietaires-dentreprise-a-domicile\/\" class=\"readmore\">Read more<span class=\"screen-reader-text\">9 pr\u00e9cieux conseils pour les propri\u00e9taires d\u2019entreprise \u00e0 domicile.<\/span><span class=\"fa fa-angle-double-right\" aria-hidden=\"true\"><\/span><\/a><\/p>\n","protected":false},"author":1,"featured_media":0,"parent":0,"menu_order":0,"comment_status":"closed","ping_status":"closed","template":"","meta":{"om_disable_all_campaigns":false,"_monsterinsights_skip_tracking":false,"_monsterinsights_sitenote_active":false,"_monsterinsights_sitenote_note":"","_monsterinsights_sitenote_category":0,"footnotes":""},"class_list":["post-284","page","type-page","status-publish","hentry"],"_links":{"self":[{"href":"https:\/\/creervotrebusiness.com\/index.php\/wp-json\/wp\/v2\/pages\/284","targetHints":{"allow":["GET"]}}],"collection":[{"href":"https:\/\/creervotrebusiness.com\/index.php\/wp-json\/wp\/v2\/pages"}],"about":[{"href":"https:\/\/creervotrebusiness.com\/index.php\/wp-json\/wp\/v2\/types\/page"}],"author":[{"embeddable":true,"href":"https:\/\/creervotrebusiness.com\/index.php\/wp-json\/wp\/v2\/users\/1"}],"replies":[{"embeddable":true,"href":"https:\/\/creervotrebusiness.com\/index.php\/wp-json\/wp\/v2\/comments?post=284"}],"version-history":[{"count":2,"href":"https:\/\/creervotrebusiness.com\/index.php\/wp-json\/wp\/v2\/pages\/284\/revisions"}],"predecessor-version":[{"id":337,"href":"https:\/\/creervotrebusiness.com\/index.php\/wp-json\/wp\/v2\/pages\/284\/revisions\/337"}],"wp:attachment":[{"href":"https:\/\/creervotrebusiness.com\/index.php\/wp-json\/wp\/v2\/media?parent=284"}],"curies":[{"name":"wp","href":"https:\/\/api.w.org\/{rel}","templated":true}]}}