{"id":282,"date":"2022-11-17T12:45:22","date_gmt":"2022-11-17T12:45:22","guid":{"rendered":"https:\/\/creervotrebusiness.com\/?page_id=282"},"modified":"2022-11-17T20:40:11","modified_gmt":"2022-11-17T20:40:11","slug":"9-conseils-dexperts-sur-les-entreprises-a-domicile-peu-connus-de-la-masse","status":"publish","type":"page","link":"https:\/\/creervotrebusiness.com\/index.php\/9-conseils-dexperts-sur-les-entreprises-a-domicile-peu-connus-de-la-masse\/","title":{"rendered":"9 Conseils d\u2019experts sur les entreprises \u00e0 domicile peu connus de la masse."},"content":{"rendered":"\n<p><br>Beaucoup de gens ont l\u2019impression qu\u2019il est difficile de d\u00e9marrer une entreprise \u00e0<br>domicile. Ceux qui ne comprennent pas les avantages de la gestion d\u2019une entreprise \u00e0<br>domicile sont sceptiques quant au potentiel de revenu. Cet article pr\u00e9sente des conseils<br>sur la fa\u00e7on de r\u00e9ussir \u00e0 cr\u00e9er une entreprise \u00e0 domicile.<\/p>\n\n\n\n<ol class=\"wp-block-list\"><li>Planifiez vos heures de travail, et tenez-vous \u00e0 votre planning pour vous<br>assurer d\u2019obtenir \u00e9galement du temps personnel. D\u00e9cider \u00e0 quel moment, chaque<br>jour, vous cesserez de prendre des appels d\u2019affaires. Assurez-vous de pr\u00e9voir du temps<br>personnel, ainsi que du temps \u00e0 passer aupr\u00e8s de vos amis et de votre famille.<\/li><li>Si l\u2019un de vos produits n\u2019est pas disponible pour une raison quelconque,<br>diffuser ces informations sur votre site Web. Permettez \u00e0 vos clients de conna\u00eetre<br>l\u2019\u00e9tat de leur commande. Si vous \u00eates en rupture de stock, faites-leur savoir. Proposez \u00e0<br>vos clients d\u2019acheter un produit de substitution en \u00e9tant honn\u00eate lorsque les articles<br>voulus ne sont pas actuellement disponibles.<\/li><li>Une excellente fa\u00e7on de gagner de l\u2019argent \u00e0 partir de la maison est de<br>proposer des le\u00e7ons dans un domaine dans lequel vous \u00eates qualifi\u00e9. Ceux qui<br>proposent des le\u00e7ons \u00e0 domicile offrent aux clients la flexibilit\u00e9 qu\u2019une \u00e9cole standard ne<br>peut offrir. Vous pourriez, par exemple, enseigner l\u2019art ou de la musique \u00e0 la maison.<\/li><li>Participer \u00e0 des forums d\u2019entreprises \u00e0 domicile et aux groupes de discussion<br>en ligne. Ceci est excellent pour la mise en r\u00e9seau avec d\u2019autres personnes dans le<br>domaine entrepreneurial et peut vous aider aussi \u00e0 promouvoir vos produits et services.<br>Vous serez surpris quand les gens commenceront \u00e0 entrer en contact avec vous pour<br>faire du relationnel.<\/li><li>Avant de commencer la commercialisation et la vente des produits, vous<br>devez d\u00e9finir votre tarification qui sera bas\u00e9e sur les prix du march\u00e9. Checkez la<br>comp\u00e9tition et essayez d\u2019offrir des prix qui sont un peu plus comp\u00e9titifs. Il suffit de<br>mettre l\u2019accent sur la bonne qualit\u00e9, et de surtout d\u2019\u00e9viter de calomnier vos concurrents.<\/li><li>Vous devez avoir des objectifs quotidiens mis en place pour votre entreprise<br>\u00e0 domicile. Vous n\u2019accomplirez peut-\u00eatre pas toutes les t\u00e2ches pr\u00e9vues, mais si vous<br>\u00e9tablissez des objectifs r\u00e9alisables et raisonnables chaque jour, vous accomplirez plus. En<br>outre, fixer des limites dans votre maison, cela aidera votre famille \u00e0 respecter votre<br>temps de travail.<\/li><li>Vous devez avoir le plein contr\u00f4le sur la fa\u00e7on de pr\u00e9senter votre entreprise,<br>et sur l\u2019autopromotion afin de faire fonctionner votre entreprise \u00e0 domicile<br>correctement. Vous devez \u00eatre en mesure \u00e0 chanter les louanges de votre entreprise.<br>Vous devez aussi \u00eatre s\u00fbr que vos clients connaissent la vraie valeur de vos services. Une<br>autopromotion r\u00e9ussie est ce qui conduit \u00e0 de gros profits dans le monde des affaires.<\/li><li>Lors de l\u2019ex\u00e9cution d\u2019une entreprise \u00e0 domicile, vous devez avoir un site Web<br>\u00ab e-commerce \u00bb pour vendre vos produits ou vos services. Avoir une pr\u00e9sence en<br>ligne vous donne la possibilit\u00e9 de cibler un public plus large, ce qui peut conduire \u00e0 une<br>augmentation des ventes. Si vous avez besoin d\u2019un grand site Web rapidement, vous<br>voudrez peut-\u00eatre demander l\u2019aide d\u2019un designer Web professionnel.<\/li><li>Par ailleurs, l\u2019optimisation des moteurs de recherche peut \u00eatre utilis\u00e9e pour<br>augmenter la visibilit\u00e9 de votre entreprise \u00e0 domicile sur Internet. Le SEO est un<br>moyen tr\u00e8s efficace pour les entrepreneurs \u00e0 domicile qui souhaitent \u00e9tablir une pr\u00e9sence<br>en ligne plus importante et augmenter ainsi le nombre de visiteurs sur leur site. Si vous<br>voulez vous mettre au SEO, rappelez-vous que les moteurs de recherche tr\u00e8s populaires,<br>tels que Google, ont un tableau de bord pour pr\u00e9senter les donn\u00e9es qui les aideront \u00e0<br>vous trouver plus facilement. Il y a aussi des fa\u00e7ons pour formater correctement son site<br>Web, et tout d\u00e9veloppeur Web d\u00e9cent sera capable de mettre en \u0153uvre cette mise en<br>forme.<br>Avec ces conseils en t\u00eate, la cr\u00e9ation d\u2019une entreprise \u00e0 domicile est loin d\u2019\u00eatre<br>impossible. Avoir du succ\u00e8s demande de \u00e0 la fois de l\u2019engagement et du savoir-faire. En<br>utilisant les conseils ci-dessus, vous verrez les revenus de votre entreprise \u00e0 domicile<br>mont\u00e9s en fl\u00e8che.<\/li><\/ol>\n\n\n\n<div class=\"wp-block-columns is-layout-flex wp-container-core-columns-is-layout-1 wp-block-columns-is-layout-flex\">\n<div class=\"wp-block-column is-layout-flow wp-block-column-is-layout-flow\"><\/div>\n\n\n\n<div class=\"wp-block-column is-layout-flow wp-block-column-is-layout-flow\">\n<ul class=\"has-small-font-size wp-block-list\"><li><a href=\"https:\/\/creervotrebusiness.com\/index.php\/7-conseils-pour-gerer-efficacement-votre-entreprise-a-domicile\/\">7 conseils pour g\u00e9rer efficacement votre entreprise \u00e0 domicile.<\/a><\/li><li><a href=\"https:\/\/creervotrebusiness.com\/index.php\/8-astuces-que-vous-devez-connaitre-pour-gerer-efficacement-votre-petite-entreprise-a-domicile\/\">8 Astuces que vous devez connaitre pour g\u00e9rer efficacement votre petite entreprise \u00e0 domicile !<\/a><\/li><li><a href=\"https:\/\/creervotrebusiness.com\/index.php\/8-conseils-de-qualite-pour-faire-progresser-votre-entreprise-a-domicile\/\">8 Conseils de qualit\u00e9 pour faire progresser votre entreprise \u00e0 domicile<\/a><\/li><li><a href=\"https:\/\/creervotrebusiness.com\/index.php\/8-conseils-pour-reussir-rapidement-le-lancement-de-son-entreprise-a-domicile\/\">8 conseils pour r\u00e9ussir rapidement le lancement de son entreprise \u00e0 domicile<\/a><\/li><li><a href=\"https:\/\/creervotrebusiness.com\/index.php\/8-conseils-pour-reussir-votre-projet-dentreprise-a-domicile\/\">8 Conseils pour r\u00e9ussir votre projet d\u2019entreprise \u00e0 domicile<\/a><\/li><li><a href=\"https:\/\/creervotrebusiness.com\/index.php\/9-conseils-dexperts-sur-les-entreprises-a-domicile-peu-connus-de-la-masse\/\">9 Conseils d\u2019experts sur les entreprises \u00e0 domicile peu connus de la masse.<\/a><\/li><li><a href=\"https:\/\/creervotrebusiness.com\/index.php\/9-precieux-conseils-pour-les-proprietaires-dentreprise-a-domicile\/\">9 pr\u00e9cieux conseils pour les propri\u00e9taires d\u2019entreprise \u00e0 domicile.<\/a><\/li><li><a href=\"https:\/\/creervotrebusiness.com\/index.php\/appliquez-ces-conseils-pour-votre-entreprise-a-domicile\/\">Appliquez ces conseils pour votre entreprise \u00e0 domicile<\/a><\/li><li><a href=\"https:\/\/creervotrebusiness.com\/index.php\/apprenez-comment-atteindre-le-succes-avec-votre-entreprise-a-domicile\/\">Apprenez comment atteindre le succ\u00e8s avec votre entreprise \u00e0 domicile.<\/a><\/li><li><a href=\"https:\/\/creervotrebusiness.com\/index.php\/apprenez-comment-mieux-gerer-votre-entreprise-a-domicile\/\">Apprenez comment mieux g\u00e9rer votre entreprise \u00e0 domicile<\/a><\/li><li><a href=\"https:\/\/creervotrebusiness.com\/index.php\/batir-une-entreprise-a-domicile-efficace-et-efficiente-avec-ces-excellents-conseils\/\">B\u00e2tir une entreprise \u00e0 domicile efficace et efficiente avec ces excellents conseil<\/a>s<\/li><li><a href=\"https:\/\/creervotrebusiness.com\/index.php\/ce-que-vous-devez-savoir-au-sujet-des-entreprises-a-domicile\/\">Ce que vous devez savoir au sujet des entreprises \u00e0 domicile.<\/a><\/li><li><a href=\"https:\/\/creervotrebusiness.com\/index.php\/comment-faire-pour-creer-une-entreprise-a-domicile-prospere\/\">Comment faire pour cr\u00e9er une entreprise \u00e0 domicile prosp\u00e8re.<\/a><\/li><li><a href=\"https:\/\/creervotrebusiness.com\/index.php\/du-reve-a-la-realite-9-conseils-pratiques-pour-reussir-son-entreprise-a-domicile\/\">Du r\u00eave \u00e0 la r\u00e9alit\u00e9 : 9 Conseils pratiques pour r\u00e9ussir son entreprise \u00e0 domicile.<\/a><\/li><li><a href=\"https:\/\/creervotrebusiness.com\/index.php\/essayez-ces-conseils-pour-une-entreprise-a-domicile-reussie\/\">Essayez ces conseils pour une entreprise \u00e0 domicile r\u00e9ussie.<\/a><\/li><li><a href=\"https:\/\/creervotrebusiness.com\/index.php\/etes-vous-la-recherche-dinformations-sur-lentrepreneuriat-a-domicile-alors-lisez-ces-precieux-conseils\/\">\u00cates-vous la recherche d\u2019informations sur l\u2019entrepreneuriat \u00e0 domicile ? Alors, lisez ces pr\u00e9cieux conseils !<\/a><\/li><li><a href=\"https:\/\/creervotrebusiness.com\/index.php\/gagner-de-largent-sans-mettre-un-pied-a-lexterieur-8-conseils-pour-reussir-son-entreprise-a-domicile\/\">Gagner de l\u2019argent sans mettre un pied \u00e0 l\u2019ext\u00e9rieur : 8 Conseils pour r\u00e9ussir son entreprise \u00e0 domicile<\/a><\/li><li><a href=\"https:\/\/creervotrebusiness.com\/index.php\/gerer-son-entreprise-a-domicile\/\">G\u00e9rer son entreprise \u00e0 Domicile<\/a><\/li><li><a href=\"https:\/\/creervotrebusiness.com\/index.php\/gerer-une-grande-entreprise-a-partir-de-chez-soi\/\">G\u00e9rer une grande entreprise \u00e0 partir de chez soi<\/a><\/li><li><a href=\"https:\/\/creervotrebusiness.com\/index.php\/laissez-votre-entreprise-a-domicile-prendre-son-essor\/\">Laissez votre entreprise \u00e0 domicile prendre son essor<\/a><\/li><li><a href=\"https:\/\/creervotrebusiness.com\/index.php\/les-principes-de-base-dans-la-gestion-dune-entreprise-a-domicile-reussie\/\">Les principes de base dans la gestion d\u2019une entreprise \u00e0 domicile r\u00e9ussie.<\/a><\/li><li><a href=\"https:\/\/creervotrebusiness.com\/index.php\/lisez-ceci-pour-avoir-dexcellents-conseils-au-sujet-des-entreprises-a-domicile\/\">Lisez ceci pour avoir d\u2019excellents conseils au sujet des entreprises \u00e0 domicile<\/a><\/li><li><a href=\"https:\/\/creervotrebusiness.com\/index.php\/observez-votre-entreprise-a-domicile-prendre-de-lampleur-grace-a-ces-conseils\/\">Observez votre entreprise \u00e0 domicile prendre de l\u2019ampleur gr\u00e2ce \u00e0 ces conseils.<\/a><\/li><li><a href=\"https:\/\/creervotrebusiness.com\/index.php\/realisez-ce-que-vous-voulez-8-conseils-pour-que-votre-projet-dentreprise-a-domicile-marche\/\">R\u00e9alisez ce que vous voulez : 8 Conseils pour que votre projet d\u2019entreprise \u00e0 domicile marche.<\/a><\/li><\/ul>\n<\/div>\n<\/div>\n","protected":false},"excerpt":{"rendered":"<p>Beaucoup de gens ont l\u2019impression qu\u2019il est difficile de d\u00e9marrer une entreprise \u00e0domicile. Ceux qui ne comprennent pas les avantages de la gestion d\u2019une entreprise \u00e0domicile sont sceptiques quant au potentiel de revenu. Cet article pr\u00e9sente des conseilssur la fa\u00e7on&#8230; <a href=\"https:\/\/creervotrebusiness.com\/index.php\/9-conseils-dexperts-sur-les-entreprises-a-domicile-peu-connus-de-la-masse\/\" class=\"readmore\">Read more<span class=\"screen-reader-text\">9 Conseils d\u2019experts sur les entreprises \u00e0 domicile peu connus de la masse.<\/span><span class=\"fa fa-angle-double-right\" aria-hidden=\"true\"><\/span><\/a><\/p>\n","protected":false},"author":1,"featured_media":0,"parent":0,"menu_order":0,"comment_status":"closed","ping_status":"closed","template":"","meta":{"om_disable_all_campaigns":false,"_monsterinsights_skip_tracking":false,"_monsterinsights_sitenote_active":false,"_monsterinsights_sitenote_note":"","_monsterinsights_sitenote_category":0,"footnotes":""},"class_list":["post-282","page","type-page","status-publish","hentry"],"_links":{"self":[{"href":"https:\/\/creervotrebusiness.com\/index.php\/wp-json\/wp\/v2\/pages\/282","targetHints":{"allow":["GET"]}}],"collection":[{"href":"https:\/\/creervotrebusiness.com\/index.php\/wp-json\/wp\/v2\/pages"}],"about":[{"href":"https:\/\/creervotrebusiness.com\/index.php\/wp-json\/wp\/v2\/types\/page"}],"author":[{"embeddable":true,"href":"https:\/\/creervotrebusiness.com\/index.php\/wp-json\/wp\/v2\/users\/1"}],"replies":[{"embeddable":true,"href":"https:\/\/creervotrebusiness.com\/index.php\/wp-json\/wp\/v2\/comments?post=282"}],"version-history":[{"count":2,"href":"https:\/\/creervotrebusiness.com\/index.php\/wp-json\/wp\/v2\/pages\/282\/revisions"}],"predecessor-version":[{"id":330,"href":"https:\/\/creervotrebusiness.com\/index.php\/wp-json\/wp\/v2\/pages\/282\/revisions\/330"}],"wp:attachment":[{"href":"https:\/\/creervotrebusiness.com\/index.php\/wp-json\/wp\/v2\/media?parent=282"}],"curies":[{"name":"wp","href":"https:\/\/api.w.org\/{rel}","templated":true}]}}