{"id":276,"date":"2022-11-17T12:40:20","date_gmt":"2022-11-17T12:40:20","guid":{"rendered":"https:\/\/creervotrebusiness.com\/?page_id=276"},"modified":"2022-11-17T20:38:40","modified_gmt":"2022-11-17T20:38:40","slug":"8-conseils-pour-reussir-rapidement-le-lancement-de-son-entreprise-a-domicile","status":"publish","type":"page","link":"https:\/\/creervotrebusiness.com\/index.php\/8-conseils-pour-reussir-rapidement-le-lancement-de-son-entreprise-a-domicile\/","title":{"rendered":"8 conseils pour r\u00e9ussir rapidement le lancement de son entreprise \u00e0 domicile"},"content":{"rendered":"\n<p><br>Beaucoup de gens pensent que la cr\u00e9ation d\u2019une entreprise \u00e0 domicile n\u2019est pas facile.<br>Ceux qui ne comprennent pas les avantages de la gestion d\u2019une entreprise \u00e0 domicile<br>sont sceptiques quant au potentiel de revenu. Retrouvez dans cet article des informations<br>utiles sur la gestion d\u2019une entreprise \u00e0 domicile.<\/p>\n\n\n\n<ol class=\"wp-block-list\"><li>Si votre entreprise \u00e0 domicile n\u00e9cessite que vous conduisiez pendant vos<br>heures de travail, assurez-vous de suivre votre kilom\u00e9trage et de r\u00e9cup\u00e9rer les<br>re\u00e7us de carburant. Les frais de vos trajets effectu\u00e9s dans le cadre professionnel de<br>votre entreprise peuvent \u00eatre r\u00e9clam\u00e9s au moment de r\u00e9gler vos imp\u00f4ts. Vous devez \u00eatre<br>honn\u00eate \u00e0 ce sujet, car vous pouvez \u00eatre appel\u00e9 plus tard \u00e0 prouver que vos d\u00e9ductions<br>sont belles et bien vitales pour votre entreprise.<\/li><li>Vous devez toujours vous assurer de garder une ligne distincte pour vos<br>communications professionnelles. Vous cherchez \u00e0 \u00eatre professionnel afin de<br>construire votre base de client\u00e8les, par cons\u00e9quent vous devez avoir un num\u00e9ro d\u00e9di\u00e9 \u00e0<br>votre entreprise \u00e0 domicile.<\/li><li>Vos clients seront plus satisfaits si vous assurez la qualit\u00e9 de votre service<br>client\u00e8le. Pensez \u00e0 glisser un cadeau dans leurs achats, ou accompagnez-les d\u2019une note<br>de remerciement exprimant votre appr\u00e9ciation pour leur confiance. Les clients aiment se<br>sentir appr\u00e9ci\u00e9s et recevoir des produits gratuitement. Faites-leur savoir qu\u2019ils sont<br>importants pour votre entreprise.<\/li><li>N\u2019oubliez pas de faire des pauses lorsque vous travaillez \u00e0 domicile, mais ne vous<br>laissez pas non plus devenir trop pr\u00e9occup\u00e9 par ce qui se passe \u00e0 la maison. Aussi, \u00e9vitez<br>d\u2019utiliser le t\u00e9l\u00e9phone trop souvent pour des raisons personnelles, et \u00e9viter de<br>commencer tout projet de maison compliqu\u00e9 qui pourrait d\u00e9tourner votre attention de<br>votre travail. Gardez votre corps et votre esprit sains en prenant des pauses pour faire<br>d\u2019autres activit\u00e9s telles que de l\u2019exercice ou des promenades.<\/li><li>Ne vous attendez pas \u00e0 ce que votre entreprise \u00e0 domicile parvienne au<br>sommet par elle-m\u00eame et sans que vous preniez l\u2019initiative de la faire<br>fonctionner. Si vous allez g\u00e9rer votre entreprise \u00e0 partir de votre maison, pensez \u00e0<br>am\u00e9nager ou \u00e0 construire une chambre qui accueillera votre bureau. Certaines r\u00e9gions<br>ont des lois sp\u00e9cifiques concernant les entreprises \u00e0 domicile, alors renseignez-vous<br>avant d\u2019\u00e9tablir quoi que ce soit. Cela fonctionne vraiment mieux dans le long terme,<br>parce que vous pouvez garder une vision plus claire entre votre monde d\u2019entrepreneur et<br>votre vie de famille.<\/li><li>Avoir un espace d\u00e9di\u00e9 au travail est une partie importante de toute entreprise<br>\u00e0 domicile. Bien qu\u2019il puisse sembler b\u00e9nin, la plupart des gens trouvent qu\u2019il est difficile<br>de se concentrer au travail s\u2019ils ne se sentent pas \u00e0 l\u2019aise avec leur espace de travail ou<br>qu\u2019ils ne disposent pas des fournitures appropri\u00e9es.<\/li><li>Si vous ne savez pas dans quel domaine d\u2019activit\u00e9 vous voulez vous lancer,<br>pensez \u00e0 ce qui pourrait vous manquer, vous, dans votre vie quotidienne. Ainsi<br>avant de pouvoir choisir efficacement le produit id\u00e9al, vous devez d\u2019abord identifier un<br>besoin non satisfait. Plus vous avez l\u2019impression qu\u2019un certain produit pourrait vous \u00eatre<br>utile, plus il y a de chances que d\u2019autres personnes ressentent le m\u00eame besoin.<\/li><li>Les groupes de discussion disponibles en ligne regorgent de professionnels<br>qui g\u00e8rent des entreprises \u00e0 domicile. Ces forums sont excellents pour<br>l\u2019enrichissement de votre portefeuille client, et ils peuvent vous aider \u00e0 construire une<br>renomm\u00e9e. Vous pouvez y rencontrer la personne qui donnera le coup de pouce \u00e0 vos<br>affaires !<br>L\u2019utilisation de ces conseils peut vous aider \u00e0 r\u00e9ussir dans la cr\u00e9ation d\u2019une entreprise \u00e0<br>domicile. L\u2019apprentissage et la documentation constante sont la cl\u00e9 de la r\u00e9ussite. Ces<br>conseils devraient vous aider \u00e0 g\u00e9n\u00e9rer du profit directement \u00e0 partir de votre maison.<\/li><\/ol>\n\n\n\n<div class=\"wp-block-columns is-layout-flex wp-container-core-columns-is-layout-1 wp-block-columns-is-layout-flex\">\n<div class=\"wp-block-column is-layout-flow wp-block-column-is-layout-flow\"><\/div>\n\n\n\n<div class=\"wp-block-column is-layout-flow wp-block-column-is-layout-flow\">\n<ul class=\"has-small-font-size wp-block-list\"><li><a href=\"https:\/\/creervotrebusiness.com\/index.php\/7-conseils-pour-gerer-efficacement-votre-entreprise-a-domicile\/\">7 conseils pour g\u00e9rer efficacement votre entreprise \u00e0 domicile.<\/a><\/li><li><a href=\"https:\/\/creervotrebusiness.com\/index.php\/8-astuces-que-vous-devez-connaitre-pour-gerer-efficacement-votre-petite-entreprise-a-domicile\/\">8 Astuces que vous devez connaitre pour g\u00e9rer efficacement votre petite entreprise \u00e0 domicile !<\/a><\/li><li><a href=\"https:\/\/creervotrebusiness.com\/index.php\/8-conseils-de-qualite-pour-faire-progresser-votre-entreprise-a-domicile\/\">8 Conseils de qualit\u00e9 pour faire progresser votre entreprise \u00e0 domicile<\/a><\/li><li><a href=\"https:\/\/creervotrebusiness.com\/index.php\/8-conseils-pour-reussir-rapidement-le-lancement-de-son-entreprise-a-domicile\/\">8 conseils pour r\u00e9ussir rapidement le lancement de son entreprise \u00e0 domicile<\/a><\/li><li><a href=\"https:\/\/creervotrebusiness.com\/index.php\/8-conseils-pour-reussir-votre-projet-dentreprise-a-domicile\/\">8 Conseils pour r\u00e9ussir votre projet d\u2019entreprise \u00e0 domicile<\/a><\/li><li><a href=\"https:\/\/creervotrebusiness.com\/index.php\/9-conseils-dexperts-sur-les-entreprises-a-domicile-peu-connus-de-la-masse\/\">9 Conseils d\u2019experts sur les entreprises \u00e0 domicile peu connus de la masse.<\/a><\/li><li><a href=\"https:\/\/creervotrebusiness.com\/index.php\/9-precieux-conseils-pour-les-proprietaires-dentreprise-a-domicile\/\">9 pr\u00e9cieux conseils pour les propri\u00e9taires d\u2019entreprise \u00e0 domicile.<\/a><\/li><li><a href=\"https:\/\/creervotrebusiness.com\/index.php\/appliquez-ces-conseils-pour-votre-entreprise-a-domicile\/\">Appliquez ces conseils pour votre entreprise \u00e0 domicile<\/a><\/li><li><a href=\"https:\/\/creervotrebusiness.com\/index.php\/apprenez-comment-atteindre-le-succes-avec-votre-entreprise-a-domicile\/\">Apprenez comment atteindre le succ\u00e8s avec votre entreprise \u00e0 domicile.<\/a><\/li><li><a href=\"https:\/\/creervotrebusiness.com\/index.php\/apprenez-comment-mieux-gerer-votre-entreprise-a-domicile\/\">Apprenez comment mieux g\u00e9rer votre entreprise \u00e0 domicile<\/a><\/li><li><a href=\"https:\/\/creervotrebusiness.com\/index.php\/batir-une-entreprise-a-domicile-efficace-et-efficiente-avec-ces-excellents-conseils\/\">B\u00e2tir une entreprise \u00e0 domicile efficace et efficiente avec ces excellents conseil<\/a>s<\/li><li><a href=\"https:\/\/creervotrebusiness.com\/index.php\/ce-que-vous-devez-savoir-au-sujet-des-entreprises-a-domicile\/\">Ce que vous devez savoir au sujet des entreprises \u00e0 domicile.<\/a><\/li><li><a href=\"https:\/\/creervotrebusiness.com\/index.php\/comment-faire-pour-creer-une-entreprise-a-domicile-prospere\/\">Comment faire pour cr\u00e9er une entreprise \u00e0 domicile prosp\u00e8re.<\/a><\/li><li><a href=\"https:\/\/creervotrebusiness.com\/index.php\/du-reve-a-la-realite-9-conseils-pratiques-pour-reussir-son-entreprise-a-domicile\/\">Du r\u00eave \u00e0 la r\u00e9alit\u00e9 : 9 Conseils pratiques pour r\u00e9ussir son entreprise \u00e0 domicile.<\/a><\/li><li><a href=\"https:\/\/creervotrebusiness.com\/index.php\/essayez-ces-conseils-pour-une-entreprise-a-domicile-reussie\/\">Essayez ces conseils pour une entreprise \u00e0 domicile r\u00e9ussie.<\/a><\/li><li><a href=\"https:\/\/creervotrebusiness.com\/index.php\/etes-vous-la-recherche-dinformations-sur-lentrepreneuriat-a-domicile-alors-lisez-ces-precieux-conseils\/\">\u00cates-vous la recherche d\u2019informations sur l\u2019entrepreneuriat \u00e0 domicile ? Alors, lisez ces pr\u00e9cieux conseils !<\/a><\/li><li><a href=\"https:\/\/creervotrebusiness.com\/index.php\/gagner-de-largent-sans-mettre-un-pied-a-lexterieur-8-conseils-pour-reussir-son-entreprise-a-domicile\/\">Gagner de l\u2019argent sans mettre un pied \u00e0 l\u2019ext\u00e9rieur : 8 Conseils pour r\u00e9ussir son entreprise \u00e0 domicile<\/a><\/li><li><a href=\"https:\/\/creervotrebusiness.com\/index.php\/gerer-son-entreprise-a-domicile\/\">G\u00e9rer son entreprise \u00e0 Domicile<\/a><\/li><li><a href=\"https:\/\/creervotrebusiness.com\/index.php\/gerer-une-grande-entreprise-a-partir-de-chez-soi\/\">G\u00e9rer une grande entreprise \u00e0 partir de chez soi<\/a><\/li><li><a href=\"https:\/\/creervotrebusiness.com\/index.php\/laissez-votre-entreprise-a-domicile-prendre-son-essor\/\">Laissez votre entreprise \u00e0 domicile prendre son essor<\/a><\/li><li><a href=\"https:\/\/creervotrebusiness.com\/index.php\/les-principes-de-base-dans-la-gestion-dune-entreprise-a-domicile-reussie\/\">Les principes de base dans la gestion d\u2019une entreprise \u00e0 domicile r\u00e9ussie.<\/a><\/li><li><a href=\"https:\/\/creervotrebusiness.com\/index.php\/lisez-ceci-pour-avoir-dexcellents-conseils-au-sujet-des-entreprises-a-domicile\/\">Lisez ceci pour avoir d\u2019excellents conseils au sujet des entreprises \u00e0 domicile<\/a><\/li><li><a href=\"https:\/\/creervotrebusiness.com\/index.php\/observez-votre-entreprise-a-domicile-prendre-de-lampleur-grace-a-ces-conseils\/\">Observez votre entreprise \u00e0 domicile prendre de l\u2019ampleur gr\u00e2ce \u00e0 ces conseils.<\/a><\/li><li><a href=\"https:\/\/creervotrebusiness.com\/index.php\/realisez-ce-que-vous-voulez-8-conseils-pour-que-votre-projet-dentreprise-a-domicile-marche\/\">R\u00e9alisez ce que vous voulez : 8 Conseils pour que votre projet d\u2019entreprise \u00e0 domicile marche.<\/a><\/li><\/ul>\n<\/div>\n<\/div>\n","protected":false},"excerpt":{"rendered":"<p>Beaucoup de gens pensent que la cr\u00e9ation d\u2019une entreprise \u00e0 domicile n\u2019est pas facile.Ceux qui ne comprennent pas les avantages de la gestion d\u2019une entreprise \u00e0 domicilesont sceptiques quant au potentiel de revenu. Retrouvez dans cet article des informationsutiles sur&#8230; <a href=\"https:\/\/creervotrebusiness.com\/index.php\/8-conseils-pour-reussir-rapidement-le-lancement-de-son-entreprise-a-domicile\/\" class=\"readmore\">Read more<span class=\"screen-reader-text\">8 conseils pour r\u00e9ussir rapidement le lancement de son entreprise \u00e0 domicile<\/span><span class=\"fa fa-angle-double-right\" aria-hidden=\"true\"><\/span><\/a><\/p>\n","protected":false},"author":1,"featured_media":0,"parent":0,"menu_order":0,"comment_status":"closed","ping_status":"closed","template":"","meta":{"om_disable_all_campaigns":false,"_monsterinsights_skip_tracking":false,"_monsterinsights_sitenote_active":false,"_monsterinsights_sitenote_note":"","_monsterinsights_sitenote_category":0,"footnotes":""},"class_list":["post-276","page","type-page","status-publish","hentry"],"_links":{"self":[{"href":"https:\/\/creervotrebusiness.com\/index.php\/wp-json\/wp\/v2\/pages\/276","targetHints":{"allow":["GET"]}}],"collection":[{"href":"https:\/\/creervotrebusiness.com\/index.php\/wp-json\/wp\/v2\/pages"}],"about":[{"href":"https:\/\/creervotrebusiness.com\/index.php\/wp-json\/wp\/v2\/types\/page"}],"author":[{"embeddable":true,"href":"https:\/\/creervotrebusiness.com\/index.php\/wp-json\/wp\/v2\/users\/1"}],"replies":[{"embeddable":true,"href":"https:\/\/creervotrebusiness.com\/index.php\/wp-json\/wp\/v2\/comments?post=276"}],"version-history":[{"count":2,"href":"https:\/\/creervotrebusiness.com\/index.php\/wp-json\/wp\/v2\/pages\/276\/revisions"}],"predecessor-version":[{"id":328,"href":"https:\/\/creervotrebusiness.com\/index.php\/wp-json\/wp\/v2\/pages\/276\/revisions\/328"}],"wp:attachment":[{"href":"https:\/\/creervotrebusiness.com\/index.php\/wp-json\/wp\/v2\/media?parent=276"}],"curies":[{"name":"wp","href":"https:\/\/api.w.org\/{rel}","templated":true}]}}