{"id":260,"date":"2022-11-17T12:25:44","date_gmt":"2022-11-17T12:25:44","guid":{"rendered":"https:\/\/creervotrebusiness.com\/?page_id=260"},"modified":"2022-11-17T20:38:00","modified_gmt":"2022-11-17T20:38:00","slug":"8-conseils-de-qualite-pour-faire-progresser-votre-entreprise-a-domicile","status":"publish","type":"page","link":"https:\/\/creervotrebusiness.com\/index.php\/8-conseils-de-qualite-pour-faire-progresser-votre-entreprise-a-domicile\/","title":{"rendered":"8 Conseils de qualit\u00e9 pour faire progresser votre entreprise \u00e0 domicile"},"content":{"rendered":"\n<p><br>Vous rappelez-vous quand votre entreprise venait juste de d\u00e9marrer ? Vous pensiez sans<br>doute que vous \u00e9tiez suffisamment pr\u00e9par\u00e9 pour les nombreux d\u00e9fis \u00e0 relever. Mais \u00e7a<br>c\u2019\u00e9tait avant et maintenant vous devez voir devant, vous avez besoin d\u2019un nouveau coup<br>de pouce. Profitez de cet article pour raviver votre enthousiasme.<\/p>\n\n\n\n<ol class=\"wp-block-list\"><li>Si votre entreprise n\u00e9cessite beaucoup de d\u00e9placement, assurez-vous de<br>tenir des registres pour vos bons d\u2019essence et pour votre kilom\u00e9trage. Les frais<br>de voyage, quelle que soit leur distance ou de leur fr\u00e9quence, sont totalement<br>d\u00e9ductibles. Soyez s\u00fbr de pouvoir prouver cela et vous serez en mesure d\u2019\u00e9conomiser<br>beaucoup d\u2019argent au cours de l\u2019ann\u00e9e.<\/li><li>Si l\u2019un de vos produits n\u2019est pas disponible pour une raison quelconque,<br>diffusez ces informations et faites-le savoir \u00e0 travers votre site Web. Il est<br>extr\u00eamement troublant pour les clients d\u2019apprendre que la livraison de leur commande va<br>\u00eatre retard\u00e9e pour une p\u00e9riode prolong\u00e9e. Proposez de couvrir les frais de port pour<br>exp\u00e9dier le produit quand il sera de nouveau disponible, ou proposer une alternative afin<br>de garder vos clients heureux.<\/li><li>Une bonne id\u00e9e d\u2019entreprise \u00e0 domicile est d\u2019offrir une formation ou des<br>le\u00e7ons pour quelque chose avec laquelle vous \u00eates plut\u00f4t habile. Les gens<br>pr\u00e9f\u00e8rent souvent prendre des le\u00e7ons d\u2019une personne qui peut \u00eatre dispos\u00e9e \u00e0 s\u2019entendre<br>sur leurs horaires plut\u00f4t que d\u2019avoir \u00e0 respecter les horaires d\u2019une \u00e9cole traditionnelle.<br>Des domaines comme la musique, l\u2019art, les sujets acad\u00e9miques et les passe-temps<br>peuvent \u00eatre facilement enseign\u00e9s derri\u00e8re un ordinateur.<\/li><li>Cr\u00e9er un compte courant \u00e0 utiliser uniquement pour vos transactions<br>commerciales. Prenez l\u2019habitude d\u2019envoyer tout \u00e0 ce compte. Une fois que vous serez<br>organis\u00e9 de la sorte, vous aurez un moyen pratique d\u2019examiner les finances de votre<br>entreprise, et ce \u00e0 tout moment. Regardez aussi si vous pouvez obtenir une carte de<br>cr\u00e9dit \u00e0 utiliser sp\u00e9cifiquement pour les transactions commerciales, comme pour la<br>commande de fournitures.<\/li><li>\u00c9tablissez un business plan pour votre entreprise \u00e0 domicile. M\u00eame les petites<br>entreprises devraient prendre le temps de r\u00e9diger correctement un plan. Avoir un plan en<br>place vous aidera \u00e0 rester serein quand votre entreprise commencera \u00e0 prendre de<br>l\u2019ampleur.<\/li><li>Faites le point pour savoir comment atteindre vos clients cibles. Vous avez<br>besoin de cibler un public qui sera int\u00e9ress\u00e9 par vos produits. Cela vous aidera \u00e0 faire<br>plus de ventes. Solliciter l\u2019avis des amis, de la famille et des clients actuels. Vous pouvez<br>obtenir des r\u00e9f\u00e9rences pr\u00e9cieuses de ces gens aussi. Lisez les derni\u00e8res nouvelles au<br>sujet de votre secteur d\u2019activit\u00e9 et participez aux foires commerciales. Ces derniers<br>repr\u00e9sentent un excellent moyen de faire du r\u00e9seautage avec les autres.<\/li><li>Profitez des d\u00e9ductions fiscales pour optimiser les b\u00e9n\u00e9fices de votre<br>entreprise \u00e0 domicile. Lorsque vous demandez toutes les d\u00e9ductions auxquelles vous<br>avez l\u00e9galement droit, cela vous permettra d\u2019\u00e9conomiser beaucoup d\u2019argent quand<br>viendra le temps de payer vos imp\u00f4ts.<br>Vous voulez avoir le m\u00eame niveau d\u2019enthousiasme que vous aviez lorsque votre<br>entreprise a \u00e9t\u00e9 cr\u00e9\u00e9e. Au fil des ans, l\u2019information a \u00e9t\u00e9 perdue et maintenant vous avez<br>besoin de connaissances nouvelles et passionnantes pour donner \u00e0 votre entreprise un<br>nouveau souffle. Appliquez les conseils de cet article, et vous serez sur le bon chemin<br>pour une entreprise r\u00e9ussie.<\/li><\/ol>\n\n\n\n<div class=\"wp-block-columns is-layout-flex wp-container-core-columns-is-layout-1 wp-block-columns-is-layout-flex\">\n<div class=\"wp-block-column is-layout-flow wp-block-column-is-layout-flow\"><\/div>\n\n\n\n<div class=\"wp-block-column is-layout-flow wp-block-column-is-layout-flow\">\n<ul class=\"has-small-font-size wp-block-list\"><li><a href=\"https:\/\/creervotrebusiness.com\/index.php\/7-conseils-pour-gerer-efficacement-votre-entreprise-a-domicile\/\">7 conseils pour g\u00e9rer efficacement votre entreprise \u00e0 domicile.<\/a><\/li><li><a href=\"https:\/\/creervotrebusiness.com\/index.php\/8-astuces-que-vous-devez-connaitre-pour-gerer-efficacement-votre-petite-entreprise-a-domicile\/\">8 Astuces que vous devez connaitre pour g\u00e9rer efficacement votre petite entreprise \u00e0 domicile !<\/a><\/li><li><a href=\"https:\/\/creervotrebusiness.com\/index.php\/8-conseils-de-qualite-pour-faire-progresser-votre-entreprise-a-domicile\/\">8 Conseils de qualit\u00e9 pour faire progresser votre entreprise \u00e0 domicile<\/a><\/li><li><a href=\"https:\/\/creervotrebusiness.com\/index.php\/8-conseils-pour-reussir-rapidement-le-lancement-de-son-entreprise-a-domicile\/\">8 conseils pour r\u00e9ussir rapidement le lancement de son entreprise \u00e0 domicile<\/a><\/li><li><a href=\"https:\/\/creervotrebusiness.com\/index.php\/8-conseils-pour-reussir-votre-projet-dentreprise-a-domicile\/\">8 Conseils pour r\u00e9ussir votre projet d\u2019entreprise \u00e0 domicile<\/a><\/li><li><a href=\"https:\/\/creervotrebusiness.com\/index.php\/9-conseils-dexperts-sur-les-entreprises-a-domicile-peu-connus-de-la-masse\/\">9 Conseils d\u2019experts sur les entreprises \u00e0 domicile peu connus de la masse.<\/a><\/li><li><a href=\"https:\/\/creervotrebusiness.com\/index.php\/9-precieux-conseils-pour-les-proprietaires-dentreprise-a-domicile\/\">9 pr\u00e9cieux conseils pour les propri\u00e9taires d\u2019entreprise \u00e0 domicile.<\/a><\/li><li><a href=\"https:\/\/creervotrebusiness.com\/index.php\/appliquez-ces-conseils-pour-votre-entreprise-a-domicile\/\">Appliquez ces conseils pour votre entreprise \u00e0 domicile<\/a><\/li><li><a href=\"https:\/\/creervotrebusiness.com\/index.php\/apprenez-comment-atteindre-le-succes-avec-votre-entreprise-a-domicile\/\">Apprenez comment atteindre le succ\u00e8s avec votre entreprise \u00e0 domicile.<\/a><\/li><li><a href=\"https:\/\/creervotrebusiness.com\/index.php\/apprenez-comment-mieux-gerer-votre-entreprise-a-domicile\/\">Apprenez comment mieux g\u00e9rer votre entreprise \u00e0 domicile<\/a><\/li><li><a href=\"https:\/\/creervotrebusiness.com\/index.php\/batir-une-entreprise-a-domicile-efficace-et-efficiente-avec-ces-excellents-conseils\/\">B\u00e2tir une entreprise \u00e0 domicile efficace et efficiente avec ces excellents conseil<\/a>s<\/li><li><a href=\"https:\/\/creervotrebusiness.com\/index.php\/ce-que-vous-devez-savoir-au-sujet-des-entreprises-a-domicile\/\">Ce que vous devez savoir au sujet des entreprises \u00e0 domicile.<\/a><\/li><li><a href=\"https:\/\/creervotrebusiness.com\/index.php\/comment-faire-pour-creer-une-entreprise-a-domicile-prospere\/\">Comment faire pour cr\u00e9er une entreprise \u00e0 domicile prosp\u00e8re.<\/a><\/li><li><a href=\"https:\/\/creervotrebusiness.com\/index.php\/du-reve-a-la-realite-9-conseils-pratiques-pour-reussir-son-entreprise-a-domicile\/\">Du r\u00eave \u00e0 la r\u00e9alit\u00e9 : 9 Conseils pratiques pour r\u00e9ussir son entreprise \u00e0 domicile.<\/a><\/li><li><a href=\"https:\/\/creervotrebusiness.com\/index.php\/essayez-ces-conseils-pour-une-entreprise-a-domicile-reussie\/\">Essayez ces conseils pour une entreprise \u00e0 domicile r\u00e9ussie.<\/a><\/li><li><a href=\"https:\/\/creervotrebusiness.com\/index.php\/etes-vous-la-recherche-dinformations-sur-lentrepreneuriat-a-domicile-alors-lisez-ces-precieux-conseils\/\">\u00cates-vous la recherche d\u2019informations sur l\u2019entrepreneuriat \u00e0 domicile ? Alors, lisez ces pr\u00e9cieux conseils !<\/a><\/li><li><a href=\"https:\/\/creervotrebusiness.com\/index.php\/gagner-de-largent-sans-mettre-un-pied-a-lexterieur-8-conseils-pour-reussir-son-entreprise-a-domicile\/\">Gagner de l\u2019argent sans mettre un pied \u00e0 l\u2019ext\u00e9rieur : 8 Conseils pour r\u00e9ussir son entreprise \u00e0 domicile<\/a><\/li><li><a href=\"https:\/\/creervotrebusiness.com\/index.php\/gerer-son-entreprise-a-domicile\/\">G\u00e9rer son entreprise \u00e0 Domicile<\/a><\/li><li><a href=\"https:\/\/creervotrebusiness.com\/index.php\/gerer-une-grande-entreprise-a-partir-de-chez-soi\/\">G\u00e9rer une grande entreprise \u00e0 partir de chez soi<\/a><\/li><li><a href=\"https:\/\/creervotrebusiness.com\/index.php\/laissez-votre-entreprise-a-domicile-prendre-son-essor\/\">Laissez votre entreprise \u00e0 domicile prendre son essor<\/a><\/li><li><a href=\"https:\/\/creervotrebusiness.com\/index.php\/les-principes-de-base-dans-la-gestion-dune-entreprise-a-domicile-reussie\/\">Les principes de base dans la gestion d\u2019une entreprise \u00e0 domicile r\u00e9ussie.<\/a><\/li><li><a href=\"https:\/\/creervotrebusiness.com\/index.php\/lisez-ceci-pour-avoir-dexcellents-conseils-au-sujet-des-entreprises-a-domicile\/\">Lisez ceci pour avoir d\u2019excellents conseils au sujet des entreprises \u00e0 domicile<\/a><\/li><li><a href=\"https:\/\/creervotrebusiness.com\/index.php\/observez-votre-entreprise-a-domicile-prendre-de-lampleur-grace-a-ces-conseils\/\">Observez votre entreprise \u00e0 domicile prendre de l\u2019ampleur gr\u00e2ce \u00e0 ces conseils.<\/a><\/li><li><a href=\"https:\/\/creervotrebusiness.com\/index.php\/realisez-ce-que-vous-voulez-8-conseils-pour-que-votre-projet-dentreprise-a-domicile-marche\/\">R\u00e9alisez ce que vous voulez : 8 Conseils pour que votre projet d\u2019entreprise \u00e0 domicile marche.<\/a><\/li><\/ul>\n<\/div>\n<\/div>\n","protected":false},"excerpt":{"rendered":"<p>Vous rappelez-vous quand votre entreprise venait juste de d\u00e9marrer ? Vous pensiez sansdoute que vous \u00e9tiez suffisamment pr\u00e9par\u00e9 pour les nombreux d\u00e9fis \u00e0 relever. Mais \u00e7ac\u2019\u00e9tait avant et maintenant vous devez voir devant, vous avez besoin d\u2019un nouveau coupde pouce&#8230;. <a href=\"https:\/\/creervotrebusiness.com\/index.php\/8-conseils-de-qualite-pour-faire-progresser-votre-entreprise-a-domicile\/\" class=\"readmore\">Read more<span class=\"screen-reader-text\">8 Conseils de qualit\u00e9 pour faire progresser votre entreprise \u00e0 domicile<\/span><span class=\"fa fa-angle-double-right\" aria-hidden=\"true\"><\/span><\/a><\/p>\n","protected":false},"author":1,"featured_media":0,"parent":0,"menu_order":0,"comment_status":"closed","ping_status":"closed","template":"","meta":{"om_disable_all_campaigns":false,"_monsterinsights_skip_tracking":false,"_monsterinsights_sitenote_active":false,"_monsterinsights_sitenote_note":"","_monsterinsights_sitenote_category":0,"footnotes":""},"class_list":["post-260","page","type-page","status-publish","hentry"],"_links":{"self":[{"href":"https:\/\/creervotrebusiness.com\/index.php\/wp-json\/wp\/v2\/pages\/260","targetHints":{"allow":["GET"]}}],"collection":[{"href":"https:\/\/creervotrebusiness.com\/index.php\/wp-json\/wp\/v2\/pages"}],"about":[{"href":"https:\/\/creervotrebusiness.com\/index.php\/wp-json\/wp\/v2\/types\/page"}],"author":[{"embeddable":true,"href":"https:\/\/creervotrebusiness.com\/index.php\/wp-json\/wp\/v2\/users\/1"}],"replies":[{"embeddable":true,"href":"https:\/\/creervotrebusiness.com\/index.php\/wp-json\/wp\/v2\/comments?post=260"}],"version-history":[{"count":2,"href":"https:\/\/creervotrebusiness.com\/index.php\/wp-json\/wp\/v2\/pages\/260\/revisions"}],"predecessor-version":[{"id":327,"href":"https:\/\/creervotrebusiness.com\/index.php\/wp-json\/wp\/v2\/pages\/260\/revisions\/327"}],"wp:attachment":[{"href":"https:\/\/creervotrebusiness.com\/index.php\/wp-json\/wp\/v2\/media?parent=260"}],"curies":[{"name":"wp","href":"https:\/\/api.w.org\/{rel}","templated":true}]}}