{"id":258,"date":"2022-11-17T12:24:21","date_gmt":"2022-11-17T12:24:21","guid":{"rendered":"https:\/\/creervotrebusiness.com\/?page_id=258"},"modified":"2022-11-21T13:12:44","modified_gmt":"2022-11-21T13:12:44","slug":"8-astuces-que-vous-devez-connaitre-pour-gerer-efficacement-votre-petite-entreprise-a-domicile","status":"publish","type":"page","link":"https:\/\/creervotrebusiness.com\/index.php\/8-astuces-que-vous-devez-connaitre-pour-gerer-efficacement-votre-petite-entreprise-a-domicile\/","title":{"rendered":"8 Astuces que vous devez connaitre pour g\u00e9rer efficacement votre petite entreprise \u00e0 domicile !"},"content":{"rendered":"\n<p><br>Certaines personnes pensent qu\u2019il est difficile de faire fonctionner une entreprise \u00e0<br>domicile, mais ceci est franchement loin d\u2019\u00eatre vrai. Il faudra un peu de patience et de<br>d\u00e9termination certes, mais dire qu\u2019il est difficile est faux. On a tous besoin parfois d\u2019un<br>bon paquet d\u2019information pour commencer. Vous devrez jeter un coup d\u2019\u0153il sur cet<br>article si vous voulez en savoir plus sur les entreprises \u00e0 domicile.<\/p>\n\n\n\n<ol class=\"wp-block-list\"><li>\u00c9laborer un planning de travail afin de s\u00e9parer votre temps personnel de<br>votre temps de travail. D\u00e9terminer une heure de fin pour chaque journ\u00e9e de travail. Il<br>est important de mettre de c\u00f4t\u00e9 du temps pour soi, sa famille et ses amis.<\/li><li>Une plaquette commerciale est une br\u00e8ve description de votre entreprise et<br>de ce qu\u2019elle fait. Une description de vos objectifs et ce que l\u2019entreprise peut fournir au<br>client comme produit ou service doit \u00eatre incluse dans la plaquette commerciale. Vous<br>devez dire aussi pourquoi votre entreprise est unique et y d\u00e9crire vos objectifs.<\/li><li>Une newsletter que vous pouvez utiliser pour votre entreprise est quelque<br>chose que vous devez d\u00e9velopper. T\u00e2chez cependant de ne pas spammer vos<br>abonn\u00e9s. Vous pouvez utiliser votre liste de diffusion pour informer vos lecteurs du<br>nouveau produit de l\u2019entreprise ou des offres sp\u00e9ciales que vous proposez. D\u2019autres<br>propri\u00e9taires d\u2019entreprises utilisent la newsletter comme un outil de marketing. En outre,<br>r\u00e9servez un endroit sur votre site o\u00f9 les gens peuvent s\u2019abonner \u00e0 votre liste.<\/li><li>Les affiliations peuvent vous aider \u00e0 vendre votre produit. Vous pouvez vousm\u00eame avec d\u2019autres propri\u00e9taires d\u2019entreprise vous entraider en \u00e9changeant des liens<br>d\u2019affiliation entre vous. Trouvez et adh\u00e9rez \u00e0 des programmes d\u2019affiliation existants pour<br>essayer de promouvoir les produits qui sont compl\u00e9mentaires aux v\u00f4tres. De cette fa\u00e7on,<br>vous pouvez augmenter vos revenus sans \u00e9largir votre inventaire et d\u00e9penser plus<br>d\u2019effort.<\/li><li>\u00c9pargnez un peu d\u2019argent pour les cas d\u2019urgence. Ainsi, vous serez pr\u00eat \u00e0<br>affronter toutes les intemp\u00e9ries qui risquent de survenir. Cependant, veillez \u00e0 ne pas<br>utiliser vos fonds d\u2019urgence \u00e0 moins qu\u2019il ne soit vraiment indispensable. Dans ce cas,<br>reconstituer le fonds d\u00e8s que vous le pouvez.<\/li><li>Afin de rendre votre entreprise rentable le plus vite possible, vous pouvez<br>parler de votre exp\u00e9rience d\u2019autoentrepreneur \u00e0 domicile \u00e0 temps r\u00e9el en ligne.<br>Vous pouvez \u00e9crire des articles, commencer un blog, ou participer \u00e0 un forum. Toutes ces<br>m\u00e9thodes sont d\u2019excellents moyens pour faire connaitre votre entreprise, et en plus de<br>cela, ils augmenteront vos profits et le nombre de vos clients.<\/li><li>Il est une bonne id\u00e9e de consulter un avocat sp\u00e9cialis\u00e9 dans les affaires avant<br>de commencer votre entreprise \u00e0 domicile. Il y a des r\u00e9gions avec leurs propres<br>r\u00e8glements concernant les entreprises \u00e0 domicile. Un avocat d\u2019affaires peut vous aider \u00e0<br>voir si vous suivez ces lois afin de ne pas avec de diff\u00e9rends avec la loi.<\/li><li>L\u2019un des plus atout que votre entreprise \u00e0 domicile peut avoir est un site Web<br>fonctionnel que vous pouvez utiliser pour vendre vos produits ou services. Car<br>c\u2019est un excellent moyen pour vous de pouvoir \u00e9largir votre public cible et voir ainsi<br>augmenter le montant de vos ventes. Si votre budget le permet, les concepteurs de sites<br>Web professionnels peuvent produire des sites Web de qualit\u00e9 pour vous, et vous<br>\u00e9pargner ainsi cette corv\u00e9e.<br>Comme mentionn\u00e9 plus haut, commencer une entreprise \u00e0 domicile n\u2019est pas forc\u00e9ment<br>une plaie. Votre entreprise a besoin d\u2019efforts, mais il est loin d\u2019\u00eatre impossible de cr\u00e9er<br>son entreprise \u00e0 domicile. Avec la bonne information, comme les conseils fournis dans<br>cet article, vous pouvez commencer une entreprise \u00e0 domicile avec facilit\u00e9 et \u00eatre sur<br>votre chemin de faire de l\u2019argent.<\/li><\/ol>\n\n\n\n<div class=\"wp-block-columns is-layout-flex wp-container-core-columns-is-layout-1 wp-block-columns-is-layout-flex\">\n<div class=\"wp-block-column is-layout-flow wp-block-column-is-layout-flow\"><\/div>\n\n\n\n<div class=\"wp-block-column is-layout-flow wp-block-column-is-layout-flow\">\n<ul class=\"has-small-font-size wp-block-list\"><li><a href=\"https:\/\/creervotrebusiness.com\/index.php\/7-conseils-pour-gerer-efficacement-votre-entreprise-a-domicile\/\">7 conseils pour g\u00e9rer efficacement votre entreprise \u00e0 domicile.<\/a><\/li><li><a href=\"https:\/\/creervotrebusiness.com\/index.php\/8-astuces-que-vous-devez-connaitre-pour-gerer-efficacement-votre-petite-entreprise-a-domicile\/\">8 Astuces que vous devez connaitre pour g\u00e9rer efficacement votre petite entreprise \u00e0 domicile !<\/a><\/li><li><a href=\"https:\/\/creervotrebusiness.com\/index.php\/8-conseils-de-qualite-pour-faire-progresser-votre-entreprise-a-domicile\/\">8 Conseils de qualit\u00e9 pour faire progresser votre entreprise \u00e0 domicile<\/a><\/li><li><a href=\"https:\/\/creervotrebusiness.com\/index.php\/8-conseils-pour-reussir-rapidement-le-lancement-de-son-entreprise-a-domicile\/\">8 conseils pour r\u00e9ussir rapidement le lancement de son entreprise \u00e0 domicile<\/a><\/li><li><a href=\"https:\/\/creervotrebusiness.com\/index.php\/8-conseils-pour-reussir-votre-projet-dentreprise-a-domicile\/\">8 Conseils pour r\u00e9ussir votre projet d\u2019entreprise \u00e0 domicile<\/a><\/li><li><a href=\"https:\/\/creervotrebusiness.com\/index.php\/9-conseils-dexperts-sur-les-entreprises-a-domicile-peu-connus-de-la-masse\/\">9 Conseils d\u2019experts sur les entreprises \u00e0 domicile peu connus de la masse.<\/a><\/li><li><a href=\"https:\/\/creervotrebusiness.com\/index.php\/9-precieux-conseils-pour-les-proprietaires-dentreprise-a-domicile\/\">9 pr\u00e9cieux conseils pour les propri\u00e9taires d\u2019entreprise \u00e0 domicile.<\/a><\/li><li><a href=\"https:\/\/creervotrebusiness.com\/index.php\/appliquez-ces-conseils-pour-votre-entreprise-a-domicile\/\">Appliquez ces conseils pour votre entreprise \u00e0 domicile<\/a><\/li><li><a href=\"https:\/\/creervotrebusiness.com\/index.php\/apprenez-comment-atteindre-le-succes-avec-votre-entreprise-a-domicile\/\">Apprenez comment atteindre le succ\u00e8s avec votre entreprise \u00e0 domicile.<\/a><\/li><li><a href=\"https:\/\/creervotrebusiness.com\/index.php\/apprenez-comment-mieux-gerer-votre-entreprise-a-domicile\/\">Apprenez comment mieux g\u00e9rer votre entreprise \u00e0 domicile<\/a><\/li><li><a href=\"https:\/\/creervotrebusiness.com\/index.php\/batir-une-entreprise-a-domicile-efficace-et-efficiente-avec-ces-excellents-conseils\/\">B\u00e2tir une entreprise \u00e0 domicile efficace et efficiente avec ces excellents conseil<\/a>s<\/li><li><a href=\"https:\/\/creervotrebusiness.com\/index.php\/ce-que-vous-devez-savoir-au-sujet-des-entreprises-a-domicile\/\">Ce que vous devez savoir au sujet des entreprises \u00e0 domicile.<\/a><\/li><li><a href=\"https:\/\/creervotrebusiness.com\/index.php\/comment-faire-pour-creer-une-entreprise-a-domicile-prospere\/\">Comment faire pour cr\u00e9er une entreprise \u00e0 domicile prosp\u00e8re.<\/a><\/li><li><a href=\"https:\/\/creervotrebusiness.com\/index.php\/du-reve-a-la-realite-9-conseils-pratiques-pour-reussir-son-entreprise-a-domicile\/\">Du r\u00eave \u00e0 la r\u00e9alit\u00e9 : 9 Conseils pratiques pour r\u00e9ussir son entreprise \u00e0 domicile.<\/a><\/li><li><a href=\"https:\/\/creervotrebusiness.com\/index.php\/essayez-ces-conseils-pour-une-entreprise-a-domicile-reussie\/\">Essayez ces conseils pour une entreprise \u00e0 domicile r\u00e9ussie.<\/a><\/li><li><a href=\"https:\/\/creervotrebusiness.com\/index.php\/etes-vous-la-recherche-dinformations-sur-lentrepreneuriat-a-domicile-alors-lisez-ces-precieux-conseils\/\">\u00cates-vous la recherche d\u2019informations sur l\u2019entrepreneuriat \u00e0 domicile ? Alors, lisez ces pr\u00e9cieux conseils !<\/a><\/li><li><a href=\"https:\/\/creervotrebusiness.com\/index.php\/gagner-de-largent-sans-mettre-un-pied-a-lexterieur-8-conseils-pour-reussir-son-entreprise-a-domicile\/\">Gagner de l\u2019argent sans mettre un pied \u00e0 l\u2019ext\u00e9rieur : 8 Conseils pour r\u00e9ussir son entreprise \u00e0 domicile<\/a><\/li><li><a href=\"https:\/\/creervotrebusiness.com\/index.php\/gerer-son-entreprise-a-domicile\/\">G\u00e9rer son entreprise \u00e0 Domicile<\/a><\/li><li><a href=\"https:\/\/creervotrebusiness.com\/index.php\/gerer-une-grande-entreprise-a-partir-de-chez-soi\/\">G\u00e9rer une grande entreprise \u00e0 partir de chez soi<\/a><\/li><li><a href=\"https:\/\/creervotrebusiness.com\/index.php\/laissez-votre-entreprise-a-domicile-prendre-son-essor\/\">Laissez votre entreprise \u00e0 domicile prendre son essor<\/a><\/li><li><a href=\"https:\/\/creervotrebusiness.com\/index.php\/les-principes-de-base-dans-la-gestion-dune-entreprise-a-domicile-reussie\/\">Les principes de base dans la gestion d\u2019une entreprise \u00e0 domicile r\u00e9ussie.<\/a><\/li><li><a href=\"https:\/\/creervotrebusiness.com\/index.php\/lisez-ceci-pour-avoir-dexcellents-conseils-au-sujet-des-entreprises-a-domicile\/\">Lisez ceci pour avoir d\u2019excellents conseils au sujet des entreprises \u00e0 domicile<\/a><\/li><li><a href=\"https:\/\/creervotrebusiness.com\/index.php\/observez-votre-entreprise-a-domicile-prendre-de-lampleur-grace-a-ces-conseils\/\">Observez votre entreprise \u00e0 domicile prendre de l\u2019ampleur gr\u00e2ce \u00e0 ces conseils.<\/a><\/li><li><a href=\"https:\/\/creervotrebusiness.com\/index.php\/realisez-ce-que-vous-voulez-8-conseils-pour-que-votre-projet-dentreprise-a-domicile-marche\/\">R\u00e9alisez ce que vous voulez : 8 Conseils pour que votre projet d\u2019entreprise \u00e0 domicile marche.<\/a><\/li><li><a href=\"https:\/\/creervotrebusiness.com\/index.php\/voulez-vous-un-coup-de-main-avec-votre-entreprise-a-domicile\/\">Voulez-vous un coup de main avec votre entreprise \u00e0 domicile ?<\/a><\/li><li><a href=\"https:\/\/creervotrebusiness.com\/index.php\/vous-devez-apprendre-ceci-pour-ameliorer-votre-entreprise-a-domicile\/\">Vous devez apprendre ceci pour am\u00e9liorer votre entreprise \u00e0 domicile.<\/a><\/li><\/ul>\n<\/div>\n<\/div>\n","protected":false},"excerpt":{"rendered":"<p>Certaines personnes pensent qu\u2019il est difficile de faire fonctionner une entreprise \u00e0domicile, mais ceci est franchement loin d\u2019\u00eatre vrai. Il faudra un peu de patience et ded\u00e9termination certes, mais dire qu\u2019il est difficile est faux. On a tous besoin parfois&#8230; <a href=\"https:\/\/creervotrebusiness.com\/index.php\/8-astuces-que-vous-devez-connaitre-pour-gerer-efficacement-votre-petite-entreprise-a-domicile\/\" class=\"readmore\">Read more<span class=\"screen-reader-text\">8 Astuces que vous devez connaitre pour g\u00e9rer efficacement votre petite entreprise \u00e0 domicile !<\/span><span class=\"fa fa-angle-double-right\" aria-hidden=\"true\"><\/span><\/a><\/p>\n","protected":false},"author":1,"featured_media":0,"parent":0,"menu_order":0,"comment_status":"closed","ping_status":"closed","template":"","meta":{"om_disable_all_campaigns":false,"_monsterinsights_skip_tracking":false,"_monsterinsights_sitenote_active":false,"_monsterinsights_sitenote_note":"","_monsterinsights_sitenote_category":0,"footnotes":""},"class_list":["post-258","page","type-page","status-publish","hentry"],"_links":{"self":[{"href":"https:\/\/creervotrebusiness.com\/index.php\/wp-json\/wp\/v2\/pages\/258","targetHints":{"allow":["GET"]}}],"collection":[{"href":"https:\/\/creervotrebusiness.com\/index.php\/wp-json\/wp\/v2\/pages"}],"about":[{"href":"https:\/\/creervotrebusiness.com\/index.php\/wp-json\/wp\/v2\/types\/page"}],"author":[{"embeddable":true,"href":"https:\/\/creervotrebusiness.com\/index.php\/wp-json\/wp\/v2\/users\/1"}],"replies":[{"embeddable":true,"href":"https:\/\/creervotrebusiness.com\/index.php\/wp-json\/wp\/v2\/comments?post=258"}],"version-history":[{"count":3,"href":"https:\/\/creervotrebusiness.com\/index.php\/wp-json\/wp\/v2\/pages\/258\/revisions"}],"predecessor-version":[{"id":361,"href":"https:\/\/creervotrebusiness.com\/index.php\/wp-json\/wp\/v2\/pages\/258\/revisions\/361"}],"wp:attachment":[{"href":"https:\/\/creervotrebusiness.com\/index.php\/wp-json\/wp\/v2\/media?parent=258"}],"curies":[{"name":"wp","href":"https:\/\/api.w.org\/{rel}","templated":true}]}}