{"id":254,"date":"2022-11-17T12:21:49","date_gmt":"2022-11-17T12:21:49","guid":{"rendered":"https:\/\/creervotrebusiness.com\/?page_id=254"},"modified":"2022-11-21T13:12:01","modified_gmt":"2022-11-21T13:12:01","slug":"7-conseils-pour-gerer-efficacement-votre-entreprise-a-domicile","status":"publish","type":"page","link":"https:\/\/creervotrebusiness.com\/index.php\/7-conseils-pour-gerer-efficacement-votre-entreprise-a-domicile\/","title":{"rendered":"7 conseils pour g\u00e9rer efficacement votre entreprise \u00e0 domicile."},"content":{"rendered":"\n<p>7 conseils pour g\u00e9rer efficacement votre entreprise \u00e0 domicile.<\/p>\n\n\n\n<p>Construire des entreprises \u00e0 domicile est souvent gratifiant, mais il faut dire que ce n\u2019est pas toujours facile. Les r\u00e9compenses d\u00e9pendront de la quantit\u00e9 de temps que vous investissez. Et il faut beaucoup de temps pour que l\u2019entreprise devienne stable. Au d\u00e9but, vous aurez besoin de rester au-dessus de tout pour la faire fonctionner correctement. En outre, et comme pour toute autre entreprise, il faut faire des efforts pour que les affaires d\u00e9collent.<\/p>\n\n\n\n<ol class=\"wp-block-list\"><li>Pour que vos clients se sentent privil\u00e9gi\u00e9s, vous pouvez leur offrir un service personnalis\u00e9. Vous voudrez peut-\u00eatre inclure un remerciement manuscrit et individualis\u00e9 lorsque vous exp\u00e9diez les articles. Vous pouvez \u00e9galement envisager d\u2019inclure un article gratuit avec leur commande. Les clients aiment savoir qu\u2019ils sont appr\u00e9ci\u00e9s, et ils raffolent des cadeaux. Plus ils se sentent appr\u00e9ci\u00e9s, plus il serait probable qu\u2019ils choisissent de d\u00e9penser leur argent durement gagn\u00e9 avec vous.<\/li><li>Avez-vous un bureau avec les fournitures n\u00e9cessaires dans lequel vous vous sentez \u00e0 l\u2019aise ? Cela peut sembler futile, mais avoir un bureau \u00e0 domicile qui soit bien organis\u00e9 assure une grande partie de votre productivit\u00e9 et vous conf\u00e8re un cadre de travail agr\u00e9able. Vous travaillerez plus longtemps si vous trouvez votre espace de travail accueillant.<\/li><li>Les forums de discussion sur les entreprises \u00e0 domicile peuvent vous aider avec votre projet. Vous aurez l\u2019occasion de discuter avec d\u2019autres propri\u00e9taires d\u2019entreprises \u00e0 domicile et ainsi en apprendre beaucoup de leurs exp\u00e9riences. Vous ne savez pas comment surviendra votre prochaine vente ni ce que vous apportera votre relationnel.<\/li><li>Il est primordial d\u2019avoir un espace d\u00e9di\u00e9 au travail lors de l\u2019ex\u00e9cution d\u2019une entreprise \u00e0 domicile. Vous pouvez utiliser un petit espace si vous le souhaitez, peu importe, l\u2019essentiel c\u2019est de vous assurez-vous que votre bureau soit calme, organis\u00e9 et inspirant. La taille n\u2019a pas d\u2019importance, aussi longtemps que vous vous sentez productif dans cet espace.<\/li><li>Mettez sur papier une liste des choses que vous souhaitez accomplir tous les jours. Certaines choses peuvent \u00eatre plus difficiles \u00e0 r\u00e9aliser que d\u2019autres, mais dans l\u2019ensemble, les objectifs raisonnables peuvent \u00eatre atteints avec l\u2019effort et le temps. Fixez des limites si vous travaillez hors de votre maison pour que votre famille respecte votre travail et son planning.<\/li><li>Gardez une trace de tout l\u2019argent que vous d\u00e9pensez sur votre entreprise, et vous aurez la possibilit\u00e9 de r\u00e9cup\u00e9rer de l\u2019argent au moment des imp\u00f4ts. Incluez des choses, comme le service Internet et le kilom\u00e9trage, qui sont li\u00e9es \u00e0 vos affaires. La plupart des d\u00e9penses d\u2019exploitation de votre entreprise sont d\u00e9ductibles d\u2019imp\u00f4t pour les propri\u00e9taires d\u2019entreprise. Assurez-vous de garder une trace de toutes les d\u00e9penses, peu importe leur taille, car ils s\u2019accumulent rapidement.<\/li><li>Lors du d\u00e9marrage d\u2019une entreprise \u00e0 domicile, vous devez prendre en compte la somme d\u2019argent dont vous disposez pour les co\u00fbts de d\u00e9marrage. Bien que les co\u00fbts d\u2019exploitation d\u2019une entreprise \u00e0 domicile peuvent \u00eatre sensiblement inf\u00e9rieurs \u00e0 d\u2019autres types d\u2019entreprises, il en co\u00fbte toujours de l\u2019argent pour avoir une entreprise de cette nature. Vous pouvez \u00e9viter de perdre beaucoup d\u2019argent si vous pr\u00e9voyez les co\u00fbts de fonctionnement de votre entreprise.<\/li><\/ol>\n\n\n\n<p>Alors que votre projet d\u2019entreprise \u00e0 domicile peut sembler prendre plus de temps qu\u2019il en faut, dites-vous que les entreprises \u00e0 domicile les plus r\u00e9ussies ont commenc\u00e9 de la m\u00eame fa\u00e7on. Il est impossible de devenir riche en un jour ; si c\u2019\u00e9tait le cas, tout le monde serait riche. En investissant beaucoup de travail et d\u2019effort, vous allez construire une solide fondation, qui veillera \u00e0 ce que votre entreprise ait une base solide pour la suite.<\/p>\n\n\n\n<p>Guido S. &#8211; coach DP<\/p>\n\n\n\n<div class=\"wp-block-columns is-layout-flex wp-container-core-columns-is-layout-1 wp-block-columns-is-layout-flex\">\n<div class=\"wp-block-column is-layout-flow wp-block-column-is-layout-flow\"><\/div>\n\n\n\n<div class=\"wp-block-column is-layout-flow wp-block-column-is-layout-flow\">\n<ul class=\"has-small-font-size wp-block-list\"><li><a href=\"https:\/\/creervotrebusiness.com\/index.php\/7-conseils-pour-gerer-efficacement-votre-entreprise-a-domicile\/\">7 conseils pour g\u00e9rer efficacement votre entreprise \u00e0 domicile.<\/a><\/li><li><a href=\"https:\/\/creervotrebusiness.com\/index.php\/8-astuces-que-vous-devez-connaitre-pour-gerer-efficacement-votre-petite-entreprise-a-domicile\/\">8 Astuces que vous devez connaitre pour g\u00e9rer efficacement votre petite entreprise \u00e0 domicile !<\/a><\/li><li><a href=\"https:\/\/creervotrebusiness.com\/index.php\/8-conseils-de-qualite-pour-faire-progresser-votre-entreprise-a-domicile\/\">8 Conseils de qualit\u00e9 pour faire progresser votre entreprise \u00e0 domicile<\/a><\/li><li><a href=\"https:\/\/creervotrebusiness.com\/index.php\/8-conseils-pour-reussir-rapidement-le-lancement-de-son-entreprise-a-domicile\/\">8 conseils pour r\u00e9ussir rapidement le lancement de son entreprise \u00e0 domicile<\/a><\/li><li><a href=\"https:\/\/creervotrebusiness.com\/index.php\/8-conseils-pour-reussir-votre-projet-dentreprise-a-domicile\/\">8 Conseils pour r\u00e9ussir votre projet d\u2019entreprise \u00e0 domicile<\/a><\/li><li><a href=\"https:\/\/creervotrebusiness.com\/index.php\/9-conseils-dexperts-sur-les-entreprises-a-domicile-peu-connus-de-la-masse\/\">9 Conseils d\u2019experts sur les entreprises \u00e0 domicile peu connus de la masse.<\/a><\/li><li><a href=\"https:\/\/creervotrebusiness.com\/index.php\/9-precieux-conseils-pour-les-proprietaires-dentreprise-a-domicile\/\">9 pr\u00e9cieux conseils pour les propri\u00e9taires d\u2019entreprise \u00e0 domicile.<\/a><\/li><li><a href=\"https:\/\/creervotrebusiness.com\/index.php\/appliquez-ces-conseils-pour-votre-entreprise-a-domicile\/\">Appliquez ces conseils pour votre entreprise \u00e0 domicile<\/a><\/li><li><a href=\"https:\/\/creervotrebusiness.com\/index.php\/apprenez-comment-atteindre-le-succes-avec-votre-entreprise-a-domicile\/\">Apprenez comment atteindre le succ\u00e8s avec votre entreprise \u00e0 domicile.<\/a><\/li><li><a href=\"https:\/\/creervotrebusiness.com\/index.php\/apprenez-comment-mieux-gerer-votre-entreprise-a-domicile\/\">Apprenez comment mieux g\u00e9rer votre entreprise \u00e0 domicile<\/a><\/li><li><a href=\"https:\/\/creervotrebusiness.com\/index.php\/batir-une-entreprise-a-domicile-efficace-et-efficiente-avec-ces-excellents-conseils\/\">B\u00e2tir une entreprise \u00e0 domicile efficace et efficiente avec ces excellents conseil<\/a>s<\/li><li><a href=\"https:\/\/creervotrebusiness.com\/index.php\/ce-que-vous-devez-savoir-au-sujet-des-entreprises-a-domicile\/\">Ce que vous devez savoir au sujet des entreprises \u00e0 domicile.<\/a><\/li><li><a href=\"https:\/\/creervotrebusiness.com\/index.php\/comment-faire-pour-creer-une-entreprise-a-domicile-prospere\/\">Comment faire pour cr\u00e9er une entreprise \u00e0 domicile prosp\u00e8re.<\/a><\/li><li><a href=\"https:\/\/creervotrebusiness.com\/index.php\/du-reve-a-la-realite-9-conseils-pratiques-pour-reussir-son-entreprise-a-domicile\/\">Du r\u00eave \u00e0 la r\u00e9alit\u00e9 : 9 Conseils pratiques pour r\u00e9ussir son entreprise \u00e0 domicile.<\/a><\/li><li><a href=\"https:\/\/creervotrebusiness.com\/index.php\/essayez-ces-conseils-pour-une-entreprise-a-domicile-reussie\/\">Essayez ces conseils pour une entreprise \u00e0 domicile r\u00e9ussie.<\/a><\/li><li><a href=\"https:\/\/creervotrebusiness.com\/index.php\/etes-vous-la-recherche-dinformations-sur-lentrepreneuriat-a-domicile-alors-lisez-ces-precieux-conseils\/\">\u00cates-vous la recherche d\u2019informations sur l\u2019entrepreneuriat \u00e0 domicile ? Alors, lisez ces pr\u00e9cieux conseils !<\/a><\/li><li><a href=\"https:\/\/creervotrebusiness.com\/index.php\/gagner-de-largent-sans-mettre-un-pied-a-lexterieur-8-conseils-pour-reussir-son-entreprise-a-domicile\/\">Gagner de l\u2019argent sans mettre un pied \u00e0 l\u2019ext\u00e9rieur : 8 Conseils pour r\u00e9ussir son entreprise \u00e0 domicile<\/a><\/li><li><a href=\"https:\/\/creervotrebusiness.com\/index.php\/gerer-son-entreprise-a-domicile\/\">G\u00e9rer son entreprise \u00e0 Domicile<\/a><\/li><li><a href=\"https:\/\/creervotrebusiness.com\/index.php\/gerer-une-grande-entreprise-a-partir-de-chez-soi\/\">G\u00e9rer une grande entreprise \u00e0 partir de chez soi<\/a><\/li><li><a href=\"https:\/\/creervotrebusiness.com\/index.php\/laissez-votre-entreprise-a-domicile-prendre-son-essor\/\">Laissez votre entreprise \u00e0 domicile prendre son essor<\/a><\/li><li><a href=\"https:\/\/creervotrebusiness.com\/index.php\/les-principes-de-base-dans-la-gestion-dune-entreprise-a-domicile-reussie\/\">Les principes de base dans la gestion d\u2019une entreprise \u00e0 domicile r\u00e9ussie.<\/a><\/li><li><a href=\"https:\/\/creervotrebusiness.com\/index.php\/lisez-ceci-pour-avoir-dexcellents-conseils-au-sujet-des-entreprises-a-domicile\/\">Lisez ceci pour avoir d\u2019excellents conseils au sujet des entreprises \u00e0 domicile<\/a><\/li><li><a href=\"https:\/\/creervotrebusiness.com\/index.php\/observez-votre-entreprise-a-domicile-prendre-de-lampleur-grace-a-ces-conseils\/\">Observez votre entreprise \u00e0 domicile prendre de l\u2019ampleur gr\u00e2ce \u00e0 ces conseils.<\/a><\/li><li><a href=\"https:\/\/creervotrebusiness.com\/index.php\/realisez-ce-que-vous-voulez-8-conseils-pour-que-votre-projet-dentreprise-a-domicile-marche\/\">R\u00e9alisez ce que vous voulez : 8 Conseils pour que votre projet d\u2019entreprise \u00e0 domicile marche.<\/a><\/li><li><a href=\"https:\/\/creervotrebusiness.com\/index.php\/voulez-vous-un-coup-de-main-avec-votre-entreprise-a-domicile\/\">Voulez-vous un coup de main avec votre entreprise \u00e0 domicile ?<\/a><\/li><li><a href=\"https:\/\/creervotrebusiness.com\/index.php\/vous-devez-apprendre-ceci-pour-ameliorer-votre-entreprise-a-domicile\/\">Vous devez apprendre ceci pour am\u00e9liorer votre entreprise \u00e0 domicile.<\/a><\/li><\/ul>\n<\/div>\n<\/div>\n","protected":false},"excerpt":{"rendered":"<p>7 conseils pour g\u00e9rer efficacement votre entreprise \u00e0 domicile. Construire des entreprises \u00e0 domicile est souvent gratifiant, mais il faut dire que ce n\u2019est pas toujours facile. Les r\u00e9compenses d\u00e9pendront de la quantit\u00e9 de temps que vous investissez. Et il&#8230; <a href=\"https:\/\/creervotrebusiness.com\/index.php\/7-conseils-pour-gerer-efficacement-votre-entreprise-a-domicile\/\" class=\"readmore\">Read more<span class=\"screen-reader-text\">7 conseils pour g\u00e9rer efficacement votre entreprise \u00e0 domicile.<\/span><span class=\"fa fa-angle-double-right\" aria-hidden=\"true\"><\/span><\/a><\/p>\n","protected":false},"author":1,"featured_media":0,"parent":0,"menu_order":0,"comment_status":"closed","ping_status":"closed","template":"","meta":{"om_disable_all_campaigns":false,"_monsterinsights_skip_tracking":false,"_monsterinsights_sitenote_active":false,"_monsterinsights_sitenote_note":"","_monsterinsights_sitenote_category":0,"footnotes":""},"class_list":["post-254","page","type-page","status-publish","hentry"],"_links":{"self":[{"href":"https:\/\/creervotrebusiness.com\/index.php\/wp-json\/wp\/v2\/pages\/254","targetHints":{"allow":["GET"]}}],"collection":[{"href":"https:\/\/creervotrebusiness.com\/index.php\/wp-json\/wp\/v2\/pages"}],"about":[{"href":"https:\/\/creervotrebusiness.com\/index.php\/wp-json\/wp\/v2\/types\/page"}],"author":[{"embeddable":true,"href":"https:\/\/creervotrebusiness.com\/index.php\/wp-json\/wp\/v2\/users\/1"}],"replies":[{"embeddable":true,"href":"https:\/\/creervotrebusiness.com\/index.php\/wp-json\/wp\/v2\/comments?post=254"}],"version-history":[{"count":4,"href":"https:\/\/creervotrebusiness.com\/index.php\/wp-json\/wp\/v2\/pages\/254\/revisions"}],"predecessor-version":[{"id":360,"href":"https:\/\/creervotrebusiness.com\/index.php\/wp-json\/wp\/v2\/pages\/254\/revisions\/360"}],"wp:attachment":[{"href":"https:\/\/creervotrebusiness.com\/index.php\/wp-json\/wp\/v2\/media?parent=254"}],"curies":[{"name":"wp","href":"https:\/\/api.w.org\/{rel}","templated":true}]}}