{"id":174,"date":"2022-10-25T12:52:18","date_gmt":"2022-10-25T12:52:18","guid":{"rendered":"https:\/\/creervotrebusiness.com\/?page_id=174"},"modified":"2022-10-25T13:42:28","modified_gmt":"2022-10-25T13:42:28","slug":"vpn-virtual-private-network-reseau-prive-virtuel","status":"publish","type":"page","link":"https:\/\/creervotrebusiness.com\/index.php\/vpn-virtual-private-network-reseau-prive-virtuel\/","title":{"rendered":"VPN &#8211; Virtual Private Network -R\u00e9seau priv\u00e9 virtuel"},"content":{"rendered":"\n<div class=\"wp-block-columns is-layout-flex wp-container-core-columns-is-layout-1 wp-block-columns-is-layout-flex\">\n<div class=\"wp-block-column is-layout-flow wp-block-column-is-layout-flow\"><div class=\"wp-block-image\">\n<figure class=\"aligncenter size-large\"><img loading=\"lazy\" decoding=\"async\" width=\"1024\" height=\"1024\" src=\"https:\/\/creervotrebusiness.com\/wp-content\/uploads\/2022\/10\/Achetez-un-VPN-et-obtenez-1024x1024.png\" alt=\"\" class=\"wp-image-179\" srcset=\"https:\/\/creervotrebusiness.com\/wp-content\/uploads\/2022\/10\/Achetez-un-VPN-et-obtenez-1024x1024.png 1024w, https:\/\/creervotrebusiness.com\/wp-content\/uploads\/2022\/10\/Achetez-un-VPN-et-obtenez-300x300.png 300w, https:\/\/creervotrebusiness.com\/wp-content\/uploads\/2022\/10\/Achetez-un-VPN-et-obtenez-150x150.png 150w, https:\/\/creervotrebusiness.com\/wp-content\/uploads\/2022\/10\/Achetez-un-VPN-et-obtenez-768x768.png 768w, https:\/\/creervotrebusiness.com\/wp-content\/uploads\/2022\/10\/Achetez-un-VPN-et-obtenez.png 1080w\" sizes=\"auto, (max-width: 1024px) 100vw, 1024px\" \/><\/figure><\/div><\/div>\n\n\n\n<div class=\"wp-block-column is-layout-flow wp-block-column-is-layout-flow\">\n<p>VPN signifie Virtual Private Network ou r\u00e9seau priv\u00e9 virtuel en fran\u00e7ais. <\/p>\n\n\n\n<p>C\u2019est un excellent outil pour prot\u00e9ger votre vie priv\u00e9e sur Internet.<\/p>\n\n\n\n<p>Un VPN est souvent utilis\u00e9 pour :<\/p>\n\n\n\n<ul class=\"wp-block-list\"><li>se connecter virtuellement \u00e0 un r\u00e9seau d&rsquo;entreprise,<\/li><li>s\u00e9curiser votre trafic internet contre l&rsquo;espionnage,<\/li><li><q>changer de r\u00e9gion<\/q>&nbsp;votre adresse IP afin que les sites web pensent que vous \u00eates dans un autre pays,<\/li><li>pr\u00e9server votre anonymat tout en contournant blocages (type Netflix) et censures en toute s\u00e9curit\u00e9.<\/li><\/ul>\n<\/div>\n<\/div>\n\n\n\n<div class=\"wp-block-columns is-layout-flex wp-container-core-columns-is-layout-2 wp-block-columns-is-layout-flex\">\n<div class=\"wp-block-column is-layout-flow wp-block-column-is-layout-flow\">\n<h3 class=\"wp-block-heading\">Quel est le r\u00f4le d\u2019un VPN ?<\/h3>\n\n\n\n<p>Au lieu de vous connecter directement \u00e0 Internet, votre trafic Web passe par un serveur VPN. Vous masquez ainsi votre adresse IP en donnant l\u2019impression que votre trafic provient du r\u00e9seau de votre fournisseur de VPN et non de votre emplacement r\u00e9el.<\/p>\n<\/div>\n<\/div>\n\n\n\n<div class=\"wp-block-columns is-layout-flex wp-container-core-columns-is-layout-3 wp-block-columns-is-layout-flex\">\n<div class=\"wp-block-column is-layout-flow wp-block-column-is-layout-flow\">\n<h3 class=\"wp-block-heading\">Pourquoi utiliser un VPN ?<\/h3>\n\n\n\n<p>Un VPN n\u2019est pas seulement un gadget pour les passionn\u00e9s de technologie. Avec un VPN, vous pouvez :<\/p>\n<\/div>\n<\/div>\n\n\n\n<div class=\"wp-block-columns is-layout-flex wp-container-core-columns-is-layout-4 wp-block-columns-is-layout-flex\">\n<div class=\"wp-block-column is-layout-flow wp-block-column-is-layout-flow\">\n<p>masquer votre adresse IP, qui est l\u2019un des moyens employ\u00e9s pour vous identifier<\/p>\n<\/div>\n\n\n\n<div class=\"wp-block-column is-layout-flow wp-block-column-is-layout-flow\">\n<p>s\u00e9curiser votre connexion sur les r\u00e9seaux Wi\u2011Fi publics&nbsp;<\/p>\n<\/div>\n\n\n\n<div class=\"wp-block-column is-layout-flow wp-block-column-is-layout-flow\">\n<p>changer votre emplacement virtuel pour acc\u00e9der \u00e0 plus de sites et de contenu sur le Web<\/p>\n<\/div>\n<\/div>\n\n\n\n<div class=\"wp-block-columns is-layout-flex wp-container-core-columns-is-layout-5 wp-block-columns-is-layout-flex\">\n<div class=\"wp-block-column is-layout-flow wp-block-column-is-layout-flow\">\n<p class=\"has-vivid-green-cyan-color has-text-color has-medium-font-size\"><strong>En premier lieu, un VPN prot\u00e8ge votre confidentialit\u00e9. Lorsqu\u2019un VPN est activ\u00e9, ce que vous faites sur Internet ne regarde que vous.<\/strong><\/p>\n<\/div>\n<\/div>\n\n\n\n<div class=\"wp-block-columns is-layout-flex wp-container-core-columns-is-layout-6 wp-block-columns-is-layout-flex\">\n<div class=\"wp-block-column is-layout-flow wp-block-column-is-layout-flow\">\n<figure class=\"wp-block-image size-large\"><a href=\"https:\/\/tinyurl.com\/2pbepumz\"><img loading=\"lazy\" decoding=\"async\" width=\"1024\" height=\"683\" src=\"https:\/\/creervotrebusiness.com\/wp-content\/uploads\/2022\/10\/pexels-stefan-coders-2064586-1024x683.jpg\" alt=\"\" class=\"wp-image-175\" srcset=\"https:\/\/creervotrebusiness.com\/wp-content\/uploads\/2022\/10\/pexels-stefan-coders-2064586-1024x683.jpg 1024w, https:\/\/creervotrebusiness.com\/wp-content\/uploads\/2022\/10\/pexels-stefan-coders-2064586-300x200.jpg 300w, https:\/\/creervotrebusiness.com\/wp-content\/uploads\/2022\/10\/pexels-stefan-coders-2064586-768x512.jpg 768w, https:\/\/creervotrebusiness.com\/wp-content\/uploads\/2022\/10\/pexels-stefan-coders-2064586-1536x1024.jpg 1536w, https:\/\/creervotrebusiness.com\/wp-content\/uploads\/2022\/10\/pexels-stefan-coders-2064586-2048x1365.jpg 2048w\" sizes=\"auto, (max-width: 1024px) 100vw, 1024px\" \/><\/a><\/figure>\n<\/div>\n\n\n\n<div class=\"wp-block-column is-layout-flow wp-block-column-is-layout-flow\">\n<figure class=\"wp-block-image size-large\"><a href=\"https:\/\/tinyurl.com\/2pbepumz\"><img loading=\"lazy\" decoding=\"async\" width=\"1024\" height=\"1024\" src=\"https:\/\/creervotrebusiness.com\/wp-content\/uploads\/2022\/10\/Achetez-un-VPN-1024x1024.png\" alt=\"\" class=\"wp-image-176\" srcset=\"https:\/\/creervotrebusiness.com\/wp-content\/uploads\/2022\/10\/Achetez-un-VPN-1024x1024.png 1024w, https:\/\/creervotrebusiness.com\/wp-content\/uploads\/2022\/10\/Achetez-un-VPN-300x300.png 300w, https:\/\/creervotrebusiness.com\/wp-content\/uploads\/2022\/10\/Achetez-un-VPN-150x150.png 150w, https:\/\/creervotrebusiness.com\/wp-content\/uploads\/2022\/10\/Achetez-un-VPN-768x768.png 768w, https:\/\/creervotrebusiness.com\/wp-content\/uploads\/2022\/10\/Achetez-un-VPN.png 1080w\" sizes=\"auto, (max-width: 1024px) 100vw, 1024px\" \/><\/a><\/figure>\n<\/div>\n<\/div>\n\n\n\n<div class=\"wp-block-columns is-layout-flex wp-container-core-columns-is-layout-7 wp-block-columns-is-layout-flex\">\n<div class=\"wp-block-column is-layout-flow wp-block-column-is-layout-flow\">\n<p><strong>Quelle est le r\u00f4le d&rsquo;un VPN ?<\/strong><\/p>\n\n\n\n<p>Le&nbsp;<strong>VPN est<\/strong>&nbsp;utilis\u00e9 pour s\u00e9curiser votre connexion aux Wi-Fi publics, afin que vous puissiez naviguer en toute confidentialit\u00e9. Les pirates informatiques disposent de nombreuses m\u00e9thodes pour voler vos donn\u00e9es sur les points d&rsquo;acc\u00e8s publics, mais avec un&nbsp;<strong>VPN<\/strong>, votre activit\u00e9 en ligne leur&nbsp;<strong>est<\/strong>&nbsp;invisible<\/p>\n<\/div>\n\n\n\n<div class=\"wp-block-column is-layout-flow wp-block-column-is-layout-flow\">\n<p><strong>C&rsquo;est quoi la connexion VPN ?<\/strong><\/p>\n\n\n\n<p><strong>VPN<\/strong>&nbsp;signifie \u00ab Virtual Private Network \u00bb et d\u00e9crit la possibilit\u00e9 d&rsquo;\u00e9tablir une&nbsp;<strong>connexion<\/strong>&nbsp;r\u00e9seau prot\u00e9g\u00e9e lors de l&rsquo;utilisation de r\u00e9seaux publics. Les&nbsp;<strong>VPN<\/strong>&nbsp;chiffrent votre trafic Internet et camouflent votre identit\u00e9 en ligne.<\/p>\n<\/div>\n<\/div>\n\n\n\n<div class=\"wp-block-columns is-layout-flex wp-container-core-columns-is-layout-8 wp-block-columns-is-layout-flex\">\n<div class=\"wp-block-column is-layout-flow wp-block-column-is-layout-flow\">\n<p><strong>Qui a besoin d&rsquo;un VPN ?<\/strong><\/p>\n\n\n\n<p>C&rsquo;est notamment important lorsque vous vous connectez \u00e0 un r\u00e9seau Wifi ouvert, dans une gare, un h\u00f4tel, un a\u00e9roport, etc. Dans un environnement professionnel : les&nbsp;<strong>VPN<\/strong>&nbsp;sont souvent utilis\u00e9s par les employ\u00e9s&nbsp;<strong>qui<\/strong>&nbsp;travaillent \u00e0 distance et&nbsp;<strong>qui<\/strong>&nbsp;ont&nbsp;<strong>besoin<\/strong>&nbsp;d&rsquo;acc\u00e9der \u00e0 l&rsquo;intranet de leur entreprise en toute s\u00e9curit\u00e9.<\/p>\n<\/div>\n\n\n\n<div class=\"wp-block-column is-layout-flow wp-block-column-is-layout-flow\">\n<p><strong>Est-ce l\u00e9gal d&rsquo;utiliser un VPN ?<\/strong><\/p>\n\n\n\n<p>Utiliser un&nbsp;<strong>VPN<\/strong>&nbsp;en France&nbsp;<strong>est l\u00e9gal<\/strong>&nbsp;\u00e0 certaines conditions :<br><br>ne pas t\u00e9l\u00e9charger et diffuser des \u0153uvres prot\u00e9g\u00e9es par la propri\u00e9t\u00e9 intellectuelle ; ne pas s&rsquo;en servir pour masquer son identit\u00e9 et pirater des internautes.<\/p>\n<\/div>\n<\/div>\n\n\n\n<div class=\"wp-block-columns is-layout-flex wp-container-core-columns-is-layout-9 wp-block-columns-is-layout-flex\">\n<div class=\"wp-block-column is-layout-flow wp-block-column-is-layout-flow\">\n<p><strong>Est-ce l\u00e9gal d&rsquo;utiliser un VPN pour Netflix ?<\/strong><\/p>\n\n\n\n<p>En France, il&nbsp;<strong>est<\/strong>&nbsp;parfaitement&nbsp;<strong>l\u00e9gal d&rsquo;utiliser un VPN<\/strong>&nbsp;et de changer d&rsquo;adresse IP. Par l\u00e0 m\u00eame, chiffrer sa connexion dans le but d&rsquo;am\u00e9liorer la s\u00e9curit\u00e9 de ses donn\u00e9es priv\u00e9es et de renforcer son anonymat en ligne&nbsp;<strong>est<\/strong>&nbsp;\u00e9galement autoris\u00e9<\/p>\n<\/div>\n\n\n\n<div class=\"wp-block-column is-layout-flow wp-block-column-is-layout-flow\">\n<figure class=\"wp-block-image size-large\"><a href=\"https:\/\/tinyurl.com\/2pbepumz\"><img loading=\"lazy\" decoding=\"async\" width=\"1024\" height=\"577\" src=\"https:\/\/creervotrebusiness.com\/wp-content\/uploads\/2022\/10\/pexels-dan-nelson-3949098-1024x577.jpg\" alt=\"\" class=\"wp-image-178\" srcset=\"https:\/\/creervotrebusiness.com\/wp-content\/uploads\/2022\/10\/pexels-dan-nelson-3949098-1024x577.jpg 1024w, https:\/\/creervotrebusiness.com\/wp-content\/uploads\/2022\/10\/pexels-dan-nelson-3949098-300x169.jpg 300w, https:\/\/creervotrebusiness.com\/wp-content\/uploads\/2022\/10\/pexels-dan-nelson-3949098-768x433.jpg 768w, https:\/\/creervotrebusiness.com\/wp-content\/uploads\/2022\/10\/pexels-dan-nelson-3949098-1536x865.jpg 1536w, https:\/\/creervotrebusiness.com\/wp-content\/uploads\/2022\/10\/pexels-dan-nelson-3949098-2048x1154.jpg 2048w\" sizes=\"auto, (max-width: 1024px) 100vw, 1024px\" \/><\/a><\/figure>\n<\/div>\n<\/div>\n\n\n\n<div class=\"wp-block-columns is-layout-flex wp-container-core-columns-is-layout-10 wp-block-columns-is-layout-flex\">\n<div class=\"wp-block-column is-layout-flow wp-block-column-is-layout-flow\">\n<figure class=\"wp-block-image size-large\"><a href=\"https:\/\/tinyurl.com\/2pbepumz\"><img loading=\"lazy\" decoding=\"async\" width=\"1024\" height=\"512\" src=\"https:\/\/creervotrebusiness.com\/wp-content\/uploads\/2022\/10\/Achetez-un-plan-VPN-qui-vous-convient-1024x512.png\" alt=\"\" class=\"wp-image-180\" srcset=\"https:\/\/creervotrebusiness.com\/wp-content\/uploads\/2022\/10\/Achetez-un-plan-VPN-qui-vous-convient-1024x512.png 1024w, https:\/\/creervotrebusiness.com\/wp-content\/uploads\/2022\/10\/Achetez-un-plan-VPN-qui-vous-convient-300x150.png 300w, https:\/\/creervotrebusiness.com\/wp-content\/uploads\/2022\/10\/Achetez-un-plan-VPN-qui-vous-convient-768x384.png 768w, https:\/\/creervotrebusiness.com\/wp-content\/uploads\/2022\/10\/Achetez-un-plan-VPN-qui-vous-convient-1536x768.png 1536w, https:\/\/creervotrebusiness.com\/wp-content\/uploads\/2022\/10\/Achetez-un-plan-VPN-qui-vous-convient-2048x1024.png 2048w\" sizes=\"auto, (max-width: 1024px) 100vw, 1024px\" \/><\/a><figcaption>CLIQUEZ ICI<\/figcaption><\/figure>\n<\/div>\n<\/div>\n\n\n\n<div class=\"wp-block-columns is-layout-flex wp-container-core-columns-is-layout-11 wp-block-columns-is-layout-flex\">\n<div class=\"wp-block-column is-layout-flow wp-block-column-is-layout-flow\">\n<a href=\"https:\/\/fastestvpn.com\/buy-vpn?a_aid=6315c967b94c3&amp;a_bid=bd8603bd\" target=\"_top\" rel=\"noopener\"><img loading=\"lazy\" decoding=\"async\" src=\"\/\/affiliate.fastestvpn.com\/accounts\/default1\/ogm1xb\/bd8603bd.png\" alt=\"FastestVPN All device Application\" title=\"FastestVPN All device Application\" width=\"800\" height=\"447\" \/><\/a><img loading=\"lazy\" decoding=\"async\" style=\"border:0\" src=\"https:\/\/affiliate.fastestvpn.com\/scripts\/ogm1xi?a_aid=6315c967b94c3&amp;a_bid=bd8603bd\" width=\"1\" height=\"1\" alt=\"\" \/>\n<\/div>\n<\/div>\n","protected":false},"excerpt":{"rendered":"<p>VPN signifie Virtual Private Network ou r\u00e9seau priv\u00e9 virtuel en fran\u00e7ais. C\u2019est un excellent outil pour prot\u00e9ger votre vie priv\u00e9e sur Internet. Un VPN est souvent utilis\u00e9 pour : se connecter virtuellement \u00e0 un r\u00e9seau d&rsquo;entreprise, s\u00e9curiser votre trafic internet&#8230; <a href=\"https:\/\/creervotrebusiness.com\/index.php\/vpn-virtual-private-network-reseau-prive-virtuel\/\" class=\"readmore\">Read more<span class=\"screen-reader-text\">VPN &#8211; Virtual Private Network -R\u00e9seau priv\u00e9 virtuel<\/span><span class=\"fa fa-angle-double-right\" aria-hidden=\"true\"><\/span><\/a><\/p>\n","protected":false},"author":1,"featured_media":0,"parent":0,"menu_order":0,"comment_status":"closed","ping_status":"closed","template":"","meta":{"om_disable_all_campaigns":false,"_monsterinsights_skip_tracking":false,"_monsterinsights_sitenote_active":false,"_monsterinsights_sitenote_note":"","_monsterinsights_sitenote_category":0,"footnotes":""},"class_list":["post-174","page","type-page","status-publish","hentry"],"_links":{"self":[{"href":"https:\/\/creervotrebusiness.com\/index.php\/wp-json\/wp\/v2\/pages\/174","targetHints":{"allow":["GET"]}}],"collection":[{"href":"https:\/\/creervotrebusiness.com\/index.php\/wp-json\/wp\/v2\/pages"}],"about":[{"href":"https:\/\/creervotrebusiness.com\/index.php\/wp-json\/wp\/v2\/types\/page"}],"author":[{"embeddable":true,"href":"https:\/\/creervotrebusiness.com\/index.php\/wp-json\/wp\/v2\/users\/1"}],"replies":[{"embeddable":true,"href":"https:\/\/creervotrebusiness.com\/index.php\/wp-json\/wp\/v2\/comments?post=174"}],"version-history":[{"count":3,"href":"https:\/\/creervotrebusiness.com\/index.php\/wp-json\/wp\/v2\/pages\/174\/revisions"}],"predecessor-version":[{"id":187,"href":"https:\/\/creervotrebusiness.com\/index.php\/wp-json\/wp\/v2\/pages\/174\/revisions\/187"}],"wp:attachment":[{"href":"https:\/\/creervotrebusiness.com\/index.php\/wp-json\/wp\/v2\/media?parent=174"}],"curies":[{"name":"wp","href":"https:\/\/api.w.org\/{rel}","templated":true}]}}