{"id":117,"date":"2022-10-21T11:31:20","date_gmt":"2022-10-21T11:31:20","guid":{"rendered":"https:\/\/creervotrebusiness.com\/?page_id=117"},"modified":"2022-10-21T12:50:37","modified_gmt":"2022-10-21T12:50:37","slug":"creer-secretement-un-revenu-en-ligne-tout-en-travaillant-a-mi-temps-et-profiter-a-plein-temps-de-vos-passions","status":"publish","type":"page","link":"https:\/\/creervotrebusiness.com\/index.php\/creer-secretement-un-revenu-en-ligne-tout-en-travaillant-a-mi-temps-et-profiter-a-plein-temps-de-vos-passions\/","title":{"rendered":"Cr\u00e9er secr\u00e8tement un revenu en ligne tout en travaillant \u00e0 mi-temps &#8211; et profiter \u00e0 plein temps de vos passions !\u00a0\u00bb"},"content":{"rendered":"\n<div class=\"wp-block-columns is-layout-flex wp-container-core-columns-is-layout-1 wp-block-columns-is-layout-flex\">\n<div class=\"wp-block-column is-layout-flow wp-block-column-is-layout-flow\">\n<figure class=\"wp-block-image size-large\"><img loading=\"lazy\" decoding=\"async\" width=\"1024\" height=\"219\" src=\"https:\/\/creervotrebusiness.com\/wp-content\/uploads\/2022\/10\/Didier-Bonheur-10-1024x219.png\" alt=\"\" class=\"wp-image-118\" srcset=\"https:\/\/creervotrebusiness.com\/wp-content\/uploads\/2022\/10\/Didier-Bonheur-10-1024x219.png 1024w, https:\/\/creervotrebusiness.com\/wp-content\/uploads\/2022\/10\/Didier-Bonheur-10-300x64.png 300w, https:\/\/creervotrebusiness.com\/wp-content\/uploads\/2022\/10\/Didier-Bonheur-10-768x164.png 768w, https:\/\/creervotrebusiness.com\/wp-content\/uploads\/2022\/10\/Didier-Bonheur-10.png 1170w\" sizes=\"auto, (max-width: 1024px) 100vw, 1024px\" \/><\/figure>\n<\/div>\n<\/div>\n\n\n\n<div class=\"wp-block-columns is-layout-flex wp-container-core-columns-is-layout-2 wp-block-columns-is-layout-flex\">\n<div class=\"wp-block-column is-layout-flow wp-block-column-is-layout-flow\">\n<p class=\"has-small-font-size\">La plupart des gens voudraient avoir une entreprise \u00e0 domicile. Ils aiment la libert\u00e9 de pouvoir travailler quand ils le souhaitent et l\u00e0 o\u00f9 ils le veulent. Toutefois, il n&rsquo;est pas facile de le faire car beaucoup d&rsquo;entre eux sont bloqu\u00e9s dans une orni\u00e8re!<\/p>\n\n\n\n<p class=\"has-small-font-size\">Ils pensent qu&rsquo;ils sont contr\u00f4l\u00e9s par leurs patrons. Ils estiment que cela prendrait trop de temps. Certains d&rsquo;entre eux se plaignent m\u00eame qu&rsquo;ils sont trop fatigu\u00e9s pour faire quoi que ce soit au moment o\u00f9 ils arrivent \u00e0 la maison !<\/p>\n\n\n\n<p class=\"has-small-font-size\">Quelles que soient vos excuses, vous devriez plus que probablement trouver la solution dans ce livre (ou du moins, savoir ce qu&rsquo;il faut pour d\u00e9marrer). Le fait que vous \u00eates all\u00e9s chercher ce livre et que vous faites l\u2019effort de le lire montre votre envie et vous devriez vous f\u00e9liciter d&rsquo;avoir fait le premier pas!<\/p>\n<\/div>\n\n\n\n<div class=\"wp-block-column is-layout-flow wp-block-column-is-layout-flow\">\n<figure class=\"wp-block-image size-large\"><img loading=\"lazy\" decoding=\"async\" width=\"1024\" height=\"683\" src=\"https:\/\/creervotrebusiness.com\/wp-content\/uploads\/2022\/10\/pexels-andrea-piacquadio-3760790-1024x683.jpg\" alt=\"\" class=\"wp-image-119\" srcset=\"https:\/\/creervotrebusiness.com\/wp-content\/uploads\/2022\/10\/pexels-andrea-piacquadio-3760790-1024x683.jpg 1024w, https:\/\/creervotrebusiness.com\/wp-content\/uploads\/2022\/10\/pexels-andrea-piacquadio-3760790-300x200.jpg 300w, https:\/\/creervotrebusiness.com\/wp-content\/uploads\/2022\/10\/pexels-andrea-piacquadio-3760790-768x512.jpg 768w, https:\/\/creervotrebusiness.com\/wp-content\/uploads\/2022\/10\/pexels-andrea-piacquadio-3760790-1536x1024.jpg 1536w, https:\/\/creervotrebusiness.com\/wp-content\/uploads\/2022\/10\/pexels-andrea-piacquadio-3760790-2048x1365.jpg 2048w\" sizes=\"auto, (max-width: 1024px) 100vw, 1024px\" \/><\/figure>\n<\/div>\n<\/div>\n\n\n\n<div class=\"wp-block-columns is-layout-flex wp-container-core-columns-is-layout-3 wp-block-columns-is-layout-flex\">\n<div class=\"wp-block-column is-layout-flow wp-block-column-is-layout-flow\"><div class=\"wp-block-image\">\n<figure class=\"aligncenter size-large is-resized\"><img loading=\"lazy\" decoding=\"async\" src=\"https:\/\/creervotrebusiness.com\/wp-content\/uploads\/2022\/10\/pexels-rodnae-productions-7310142-683x1024.jpg\" alt=\"\" class=\"wp-image-122\" width=\"199\" height=\"297\" srcset=\"https:\/\/creervotrebusiness.com\/wp-content\/uploads\/2022\/10\/pexels-rodnae-productions-7310142-683x1024.jpg 683w, https:\/\/creervotrebusiness.com\/wp-content\/uploads\/2022\/10\/pexels-rodnae-productions-7310142-scaled.jpg 1707w\" sizes=\"auto, (max-width: 199px) 100vw, 199px\" \/><\/figure><\/div><\/div>\n\n\n\n<div class=\"wp-block-column is-layout-flow wp-block-column-is-layout-flow\">\n<p class=\"has-small-font-size\">L&rsquo;Internet est un endroit qui est rempli de possibilit\u00e9s infinies. Il est tr\u00e8s facile de trouver un mod\u00e8le d&rsquo;entreprise qui gagne de l&rsquo;argent et tout le monde, dans la mesure o\u00f9 il fait l&rsquo;effort d&rsquo;apprendre et de travailler d&rsquo;arrache-pied peut y arriver.<\/p>\n\n\n\n<p class=\"has-small-font-size\">Tout ce qu&rsquo;il faut, c&rsquo;est croire en vous et nous pensons que vous serez en mesure de vous lib\u00e9rer du poids de votre travail et trouverez les moyens d&rsquo;y parvenir. Apr\u00e8s tout, si vous voulez quelque chose de bien, vous ferez tout pour trouver les moyens d\u2019atteindre vos objectifs.<\/p>\n\n\n\n<p class=\"has-small-font-size\">Tr\u00e8s bien! Alors on va commencer imm\u00e9diatement pour trouver les moyens de r\u00e9aliser vos buts.<\/p>\n<\/div>\n<\/div>\n\n\n\n<div class=\"wp-block-columns is-layout-flex wp-container-core-columns-is-layout-4 wp-block-columns-is-layout-flex\">\n<div class=\"wp-block-column is-layout-flow wp-block-column-is-layout-flow\">\n<p class=\"has-text-align-center has-medium-font-size\"><strong>Je vous apprend tout au sujet de:<\/strong><\/p>\n\n\n\n<ul class=\"wp-block-list\"><li>\u2022&nbsp;Le type de mentalit\u00e9 que l\u2019on doit adopter si on veut \u00e0 jamais \u00e9clater dans la bulle internet!<\/li><li>\u2022&nbsp;Comment transformer vos comp\u00e9tences en capitaux !<\/li><li>\u2022&nbsp;Comment choisir un mod\u00e8le d&rsquo;entreprise et appliquer vos comp\u00e9tences \u00e0 lui !<\/li><li>\u2022&nbsp;Comment investir seulement 4 heures par jour et \u00eatre en mesure de quitter votre emploi ou votre patron\u2026 dans les mois \u00e0 venir!<\/li><li>\u2022&nbsp;Voici un bon nombre d\u2019id\u00e9es pour commencer IMM\u00c9DIATEMENT !<\/li><\/ul>\n<\/div>\n<\/div>\n\n\n\n<div class=\"wp-block-columns is-layout-flex wp-container-core-columns-is-layout-5 wp-block-columns-is-layout-flex\">\n<div class=\"wp-block-column is-layout-flow wp-block-column-is-layout-flow\">\n<p><strong>Travailler \u00e0 mi-temps avec une mentalit\u00e9 \u00e0 temps plein<\/strong><\/p>\n\n\n<div class=\"wp-block-image\">\n<figure class=\"aligncenter size-large is-resized\"><img loading=\"lazy\" decoding=\"async\" src=\"https:\/\/creervotrebusiness.com\/wp-content\/uploads\/2022\/10\/pexels-anna-shvets-3987020-683x1024.jpg\" alt=\"\" class=\"wp-image-123\" width=\"153\" height=\"229\" srcset=\"https:\/\/creervotrebusiness.com\/wp-content\/uploads\/2022\/10\/pexels-anna-shvets-3987020-683x1024.jpg 683w, https:\/\/creervotrebusiness.com\/wp-content\/uploads\/2022\/10\/pexels-anna-shvets-3987020-200x300.jpg 200w, https:\/\/creervotrebusiness.com\/wp-content\/uploads\/2022\/10\/pexels-anna-shvets-3987020-768x1152.jpg 768w, https:\/\/creervotrebusiness.com\/wp-content\/uploads\/2022\/10\/pexels-anna-shvets-3987020-1024x1536.jpg 1024w, https:\/\/creervotrebusiness.com\/wp-content\/uploads\/2022\/10\/pexels-anna-shvets-3987020-1365x2048.jpg 1365w, https:\/\/creervotrebusiness.com\/wp-content\/uploads\/2022\/10\/pexels-anna-shvets-3987020-scaled.jpg 1707w\" sizes=\"auto, (max-width: 153px) 100vw, 153px\" \/><\/figure><\/div><\/div>\n\n\n\n<div class=\"wp-block-column is-layout-flow wp-block-column-is-layout-flow\">\n<p>L&rsquo;une des principales raisons pour lesquelles les gens ne parviennent pas \u00e0 la commercialisation sur Internet (ou ne parviennent pas \u00e0 sortir de leur espace clos) est due \u00e0 un mauvais \u00e9tat d\u2019esprit envers le marketing Internet. Oui, il est vrai que vous avez \u00e0 passer vos heures disponibles apr\u00e8s le travail pour travailler sur votre entreprise \u00e0 temps partiel. Mais cela signifie que vous devez adopter une mentalit\u00e9 d\u2019entrepreneur \u00e0 plein temps m\u00eame si vous faites un temps partiel sur votre future entreprise.<\/p>\n<\/div>\n<\/div>\n\n\n\n<div class=\"wp-block-columns is-layout-flex wp-container-core-columns-is-layout-6 wp-block-columns-is-layout-flex\">\n<div class=\"wp-block-column is-layout-flow wp-block-column-is-layout-flow\">\n<p class=\"has-text-align-center has-medium-font-size\"><strong>Imaginez cette analogie\u2026<\/strong><\/p>\n\n\n<div class=\"wp-block-image\">\n<figure class=\"aligncenter size-large is-resized\"><img loading=\"lazy\" decoding=\"async\" src=\"https:\/\/creervotrebusiness.com\/wp-content\/uploads\/2022\/10\/pexels-engin-akyurt-3148937-683x1024.jpg\" alt=\"\" class=\"wp-image-124\" width=\"240\" height=\"359\" srcset=\"https:\/\/creervotrebusiness.com\/wp-content\/uploads\/2022\/10\/pexels-engin-akyurt-3148937-683x1024.jpg 683w, https:\/\/creervotrebusiness.com\/wp-content\/uploads\/2022\/10\/pexels-engin-akyurt-3148937-200x300.jpg 200w, https:\/\/creervotrebusiness.com\/wp-content\/uploads\/2022\/10\/pexels-engin-akyurt-3148937-768x1152.jpg 768w, https:\/\/creervotrebusiness.com\/wp-content\/uploads\/2022\/10\/pexels-engin-akyurt-3148937-1024x1536.jpg 1024w, https:\/\/creervotrebusiness.com\/wp-content\/uploads\/2022\/10\/pexels-engin-akyurt-3148937-1365x2048.jpg 1365w, https:\/\/creervotrebusiness.com\/wp-content\/uploads\/2022\/10\/pexels-engin-akyurt-3148937-scaled.jpg 1707w\" sizes=\"auto, (max-width: 240px) 100vw, 240px\" \/><\/figure><\/div><\/div>\n\n\n\n<div class=\"wp-block-column is-layout-flow wp-block-column-is-layout-flow\">\n<p class=\"has-small-font-size\">Imaginons qu\u2019un avion d\u00e9colle \u00e0 150km\/H. Vous aurez besoin d\u2019avoir une grande piste pour atteindre assez de vitesse pour d\u00e9coller. Pensez-vous qu\u2019il sera en mesure de d\u00e9coller de lui-m\u00eame s\u2019il est seulement \u00e0 100 km\/h ? Bien s\u00fbr que non! Il ne prendra pas le m\u00eame envol m\u00eame si vous \u00eates seulement \u00e0 140km\/h ! La vente d&rsquo;Internet est aussi comme ceci. Vous devrez travailler un certain temps avant de m\u00e9riter votre envol&nbsp;:<\/p>\n\n\n\n<p class=\"has-small-font-size\">\u2022Vous devez d\u00e9veloppez les connaissances n\u00e9cessaires pour construire votre entreprise (vous ne pouvez pas vraiment partir loin si vous \u00eates constamment bloqu\u00e9 en 2eme vitesse).<\/p>\n\n\n\n<p class=\"has-small-font-size\">\u2022&nbsp;Vous devez montrer \u00e0 d&rsquo;autres que vous vous \u00eates suffisamment engag\u00e9 pour qu&rsquo;ils soient pr\u00eats \u00e0 faire une coentreprise avec vous (apr\u00e8s tout, personne ne veut d\u2019un acheteur h\u00e9sitant &#8211; particuli\u00e8rement si ils savent que vous n&rsquo;\u00eates pas constamment disponible).<\/p>\n\n\n\n<p class=\"has-small-font-size\">\u2022 Vous devez vous b\u00e2tir une r\u00e9putation suffisamment forte. C\u2019est elle qui r\u00e9duira votre travail de promotion &#8211; la vitesse de confiance entre vous et vos clients est cruciale.<\/p>\n<\/div>\n<\/div>\n\n\n\n<div class=\"wp-block-columns is-layout-flex wp-container-core-columns-is-layout-7 wp-block-columns-is-layout-flex\">\n<div class=\"wp-block-column is-layout-flow wp-block-column-is-layout-flow\">\n<p class=\"has-text-align-center has-medium-font-size\"><strong>L&rsquo;art de la construction d\u2019actifs en ligne<\/strong><\/p>\n\n\n\n<p class=\"has-small-font-size\">Lorsque vous construisez votre entreprise en ligne, vous devez \u00eatre en mesure de constituer des actifs si vous voulez quitter votre emploi. Permettez-moi d&rsquo;expliquer&nbsp;:<\/p>\n\n\n\n<p class=\"has-small-font-size\">Un travail d\u2019ouvrier limite \u00e0 court terme vos revenus. Il peut \u00eatre beaucoup ou un peu, mais fondamentalement il est toujours \u00e0 court terme\u2026 Pourquoi ? Parce que le moment o\u00f9 vous cessez votre activit\u00e9, vous arr\u00eatez imm\u00e9diatement de gagner de l&rsquo;argent!<\/p>\n\n\n\n<p class=\"has-small-font-size\">Votre patron peut tol\u00e9rer votre paresse pendant quelques jours, mais si vous ne faites rien pendant ces heures, vous n&rsquo;obtiendrez jamais plus de votre salaire qu\u2019il soit hebdomadaire, quotidien ou mensuel !&nbsp;<\/p>\n<\/div>\n\n\n\n<div class=\"wp-block-column is-layout-flow wp-block-column-is-layout-flow\"><div class=\"wp-block-image\">\n<figure class=\"aligncenter size-large\"><img loading=\"lazy\" decoding=\"async\" width=\"1024\" height=\"683\" src=\"https:\/\/creervotrebusiness.com\/wp-content\/uploads\/2022\/10\/pexels-yan-krukov-7640484-1-1024x683.jpg\" alt=\"\" class=\"wp-image-126\" srcset=\"https:\/\/creervotrebusiness.com\/wp-content\/uploads\/2022\/10\/pexels-yan-krukov-7640484-1-1024x683.jpg 1024w, https:\/\/creervotrebusiness.com\/wp-content\/uploads\/2022\/10\/pexels-yan-krukov-7640484-1-300x200.jpg 300w, https:\/\/creervotrebusiness.com\/wp-content\/uploads\/2022\/10\/pexels-yan-krukov-7640484-1-768x512.jpg 768w, https:\/\/creervotrebusiness.com\/wp-content\/uploads\/2022\/10\/pexels-yan-krukov-7640484-1-1536x1024.jpg 1536w, https:\/\/creervotrebusiness.com\/wp-content\/uploads\/2022\/10\/pexels-yan-krukov-7640484-1-2048x1365.jpg 2048w\" sizes=\"auto, (max-width: 1024px) 100vw, 1024px\" \/><\/figure><\/div><\/div>\n<\/div>\n\n\n\n<div class=\"wp-block-columns is-layout-flex wp-container-core-columns-is-layout-8 wp-block-columns-is-layout-flex\">\n<div class=\"wp-block-column is-layout-flow wp-block-column-is-layout-flow\" style=\"flex-basis:33.33%\">\n<p class=\"has-vivid-red-color has-text-color has-large-font-size\"><strong> Si vous passez vos heures de loisirs pour votre patron, vous ne serez jamais libre de votre travail&nbsp;!<\/strong><\/p>\n<\/div>\n\n\n\n<div class=\"wp-block-column is-layout-flow wp-block-column-is-layout-flow\" style=\"flex-basis:66.66%\">\n<p>Les revenus en ligne sont diff\u00e9rents. Voici quelques principes que vous pouvez appliquer \u00e0 votre mentalit\u00e9 en ligne :<\/p>\n\n\n\n<p class=\"has-small-font-size\">\u2022&nbsp;<strong>Accro\u00eetre votre cr\u00e9dibilit\u00e9 sur l&rsquo;Internet<\/strong>: Vous pouvez vous r\u00e9f\u00e9rencer pour accroitre votre trafic sur les moteurs de recherche ou cr\u00e9er un document en marketing viral.<\/p>\n\n\n\n<p class=\"has-small-font-size\">\u2022&nbsp;<strong>Accro\u00eetre vos leviers d\u2019acheteurs internet<\/strong>. Vous n&rsquo;avez pas besoin de construire une grande liste d&rsquo;envoi si vous avez cr\u00e9\u00e9 un fantastique produit qui continuera d\u2019\u00eatre promu par des clients fid\u00e8les le vendant \u00e0 plusieurs reprises. &nbsp;<\/p>\n\n\n\n<p class=\"has-small-font-size\">\u2022&nbsp;<strong>Accro\u00eetre votre liste d\u2019exp\u00e9dition<\/strong>. L&rsquo;argent est d\u00e9finitivement dans la liste. Cela prend 15-30 minutes pour \u00e9crire un E-mail \u00e0 votre liste d&rsquo;envoi. La grande chose au sujet de l\u2019E-mail marketing est que vous prendrez le m\u00eame temps 1 \u00e0 2 minutes pour l\u2019envoyer \u00e0 votre liste, peu importe si votre liste de personnes dispose de 100 ou 100.000 personnes.<\/p>\n\n\n\n<p class=\"has-small-font-size\">\u2022&nbsp;<strong>Accro\u00eetre votre r\u00e9putation en ligne<\/strong>: Un blog peut commencer sans des abonn\u00e9s de RSS, mais plus votre blog et connu, plus grand sera votre r\u00e9seau, pour le m\u00eame effort, et plus de personnes pour venter la lecture de votre blog (plus vous serez en mesure de mon\u00e9tiser votre trafic&nbsp;!).&nbsp;<\/p>\n\n\n\n<p class=\"has-small-font-size\">\u2022&nbsp;<strong>Accro\u00eetre sur le travail d\u00e9localis\u00e9<\/strong>. Si vous faites beaucoup d\u2019argent, vous serez en mesure de sous-traiter votre travail \u00e0 d&rsquo;autres personnes et de passer plus de temps sur la commercialisation de vos produits (par cons\u00e9quent, faire plus d&rsquo;argent !)&nbsp;&nbsp;<\/p>\n<\/div>\n<\/div>\n\n\n\n<div class=\"wp-block-columns is-layout-flex wp-container-core-columns-is-layout-9 wp-block-columns-is-layout-flex\">\n<div class=\"wp-block-column is-layout-flow wp-block-column-is-layout-flow\" style=\"flex-basis:66.66%\">\n<figure class=\"wp-block-image size-full\"><img loading=\"lazy\" decoding=\"async\" width=\"658\" height=\"392\" src=\"https:\/\/creervotrebusiness.com\/wp-content\/uploads\/2022\/10\/Capture-decran-2022-10-21-135109.jpg\" alt=\"\" class=\"wp-image-127\" srcset=\"https:\/\/creervotrebusiness.com\/wp-content\/uploads\/2022\/10\/Capture-decran-2022-10-21-135109.jpg 658w, https:\/\/creervotrebusiness.com\/wp-content\/uploads\/2022\/10\/Capture-decran-2022-10-21-135109-300x179.jpg 300w\" sizes=\"auto, (max-width: 658px) 100vw, 658px\" \/><\/figure>\n<\/div>\n\n\n\n<div class=\"wp-block-column is-layout-flow wp-block-column-is-layout-flow\" style=\"flex-basis:33.33%\">\n<p class=\"has-vivid-green-cyan-color has-text-color has-large-font-size\"><strong>Jetez un coup d&rsquo;\u0153il \u00e0 ce graphique par exemple<\/strong><\/p>\n<\/div>\n<\/div>\n\n\n\n<div class=\"wp-block-columns is-layout-flex wp-container-core-columns-is-layout-10 wp-block-columns-is-layout-flex\">\n<div class=\"wp-block-column is-layout-flow wp-block-column-is-layout-flow\">\n<figure class=\"wp-block-image size-large\"><img loading=\"lazy\" decoding=\"async\" width=\"1024\" height=\"219\" src=\"https:\/\/creervotrebusiness.com\/wp-content\/uploads\/2022\/10\/Didier-Bonheur-11-1024x219.png\" alt=\"\" class=\"wp-image-128\" srcset=\"https:\/\/creervotrebusiness.com\/wp-content\/uploads\/2022\/10\/Didier-Bonheur-11-1024x219.png 1024w, https:\/\/creervotrebusiness.com\/wp-content\/uploads\/2022\/10\/Didier-Bonheur-11-300x64.png 300w, https:\/\/creervotrebusiness.com\/wp-content\/uploads\/2022\/10\/Didier-Bonheur-11-768x164.png 768w, https:\/\/creervotrebusiness.com\/wp-content\/uploads\/2022\/10\/Didier-Bonheur-11.png 1170w\" sizes=\"auto, (max-width: 1024px) 100vw, 1024px\" \/><\/figure>\n<\/div>\n<\/div>\n\n\n\n<p>&nbsp;La ligne bleue est votre travail. Vous pouvez obtenir des augmentations et des primes (d&rsquo;o\u00f9 l&rsquo;augmentation graphique et votre salaire sera tr\u00e8s certainement \u00e0 la hauteur de vos revenus en ligne dans les premiers mois, mais apr\u00e8s un certain temps, lorsque vos actifs en ligne commencent \u00e0 g\u00e9n\u00e9rer des revenus r\u00e9siduels, vous serez en mesure de quitter votre travail une fois que vous avez tous les \u00e9l\u00e9ments en place.<\/p>\n\n\n\n<div class=\"wp-block-columns is-layout-flex wp-container-core-columns-is-layout-11 wp-block-columns-is-layout-flex\">\n<div class=\"wp-block-column is-layout-flow wp-block-column-is-layout-flow\">\n<figure class=\"wp-block-image size-full\"><img loading=\"lazy\" decoding=\"async\" width=\"600\" height=\"250\" src=\"https:\/\/creervotrebusiness.com\/wp-content\/uploads\/2022\/10\/Investir-dans-votre-patrimoine-grace-a-la-delocalisation.png\" alt=\"\" class=\"wp-image-129\" srcset=\"https:\/\/creervotrebusiness.com\/wp-content\/uploads\/2022\/10\/Investir-dans-votre-patrimoine-grace-a-la-delocalisation.png 600w, https:\/\/creervotrebusiness.com\/wp-content\/uploads\/2022\/10\/Investir-dans-votre-patrimoine-grace-a-la-delocalisation-300x125.png 300w\" sizes=\"auto, (max-width: 600px) 100vw, 600px\" \/><\/figure>\n<\/div>\n\n\n\n<div class=\"wp-block-column is-layout-flow wp-block-column-is-layout-flow\">\n<p class=\"has-small-font-size\">Tout le monde ne peut pas tout faire en m\u00eame temps. M\u00eame si vous ma\u00eetrisez toutes les t\u00e2ches, vous aurez toujours besoin d&rsquo;externaliser vos activit\u00e9s de temps en temps car la n\u00e9cessit\u00e9 de cr\u00e9er de plus en plus d\u2019actifs ne devrait pas \u00eatre limit\u00e9 par votre seul temps mais en cr\u00e9ant plus en accroissant le temps des autres.<\/p>\n<\/div>\n<\/div>\n\n\n\n<div class=\"wp-block-columns is-layout-flex wp-container-core-columns-is-layout-12 wp-block-columns-is-layout-flex\">\n<div class=\"wp-block-column is-layout-flow wp-block-column-is-layout-flow\">\n<p><\/p>\n\n\n\n<p class=\"has-text-align-left has-small-font-size\">Vous pouvez externaliser certaines t\u00e2ches comme pour l&rsquo;\u00e9criture, les graphiques ou les services de SEO, mais en fin de compte, vous devez d\u00e9velopper un objectif (en utilisant un mod\u00e8le d&rsquo;affaires prouv\u00e9) qui rassemblera l\u2019ensemble en une seule synergie<\/p>\n<\/div>\n\n\n\n<div class=\"wp-block-column is-layout-flow wp-block-column-is-layout-flow\">\n<figure class=\"wp-block-image size-full\"><img loading=\"lazy\" decoding=\"async\" width=\"600\" height=\"250\" src=\"https:\/\/creervotrebusiness.com\/wp-content\/uploads\/2022\/10\/Investir-dans-votre-patrimoine-grace-a-la-delocalisation-1.png\" alt=\"\" class=\"wp-image-130\" srcset=\"https:\/\/creervotrebusiness.com\/wp-content\/uploads\/2022\/10\/Investir-dans-votre-patrimoine-grace-a-la-delocalisation-1.png 600w, https:\/\/creervotrebusiness.com\/wp-content\/uploads\/2022\/10\/Investir-dans-votre-patrimoine-grace-a-la-delocalisation-1-300x125.png 300w\" sizes=\"auto, (max-width: 600px) 100vw, 600px\" \/><\/figure>\n<\/div>\n<\/div>\n\n\n\n<div class=\"wp-block-columns is-layout-flex wp-container-core-columns-is-layout-13 wp-block-columns-is-layout-flex\">\n<div class=\"wp-block-column is-layout-flow wp-block-column-is-layout-flow\">\n<figure class=\"wp-block-image size-large\"><img loading=\"lazy\" decoding=\"async\" width=\"1024\" height=\"219\" src=\"https:\/\/creervotrebusiness.com\/wp-content\/uploads\/2022\/10\/Didier-Bonheur-12-1024x219.png\" alt=\"\" class=\"wp-image-131\" srcset=\"https:\/\/creervotrebusiness.com\/wp-content\/uploads\/2022\/10\/Didier-Bonheur-12-1024x219.png 1024w, https:\/\/creervotrebusiness.com\/wp-content\/uploads\/2022\/10\/Didier-Bonheur-12-300x64.png 300w, https:\/\/creervotrebusiness.com\/wp-content\/uploads\/2022\/10\/Didier-Bonheur-12-768x164.png 768w, https:\/\/creervotrebusiness.com\/wp-content\/uploads\/2022\/10\/Didier-Bonheur-12.png 1170w\" sizes=\"auto, (max-width: 1024px) 100vw, 1024px\" \/><\/figure>\n<\/div>\n<\/div>\n\n\n\n<div class=\"wp-block-columns is-layout-flex wp-container-core-columns-is-layout-14 wp-block-columns-is-layout-flex\">\n<div class=\"wp-block-column is-layout-flow wp-block-column-is-layout-flow\">\n<figure class=\"wp-block-image size-large\"><a href=\"https:\/\/tinyurl.com\/29uwc5rd\"><img loading=\"lazy\" decoding=\"async\" width=\"1024\" height=\"1024\" src=\"https:\/\/creervotrebusiness.com\/wp-content\/uploads\/2022\/10\/Le-nouveau-systeme-pour-lancer-un-business-en-ligne-2-1-1024x1024.png\" alt=\"\" class=\"wp-image-149\" srcset=\"https:\/\/creervotrebusiness.com\/wp-content\/uploads\/2022\/10\/Le-nouveau-systeme-pour-lancer-un-business-en-ligne-2-1-1024x1024.png 1024w, https:\/\/creervotrebusiness.com\/wp-content\/uploads\/2022\/10\/Le-nouveau-systeme-pour-lancer-un-business-en-ligne-2-1-300x300.png 300w, https:\/\/creervotrebusiness.com\/wp-content\/uploads\/2022\/10\/Le-nouveau-systeme-pour-lancer-un-business-en-ligne-2-1-150x150.png 150w, https:\/\/creervotrebusiness.com\/wp-content\/uploads\/2022\/10\/Le-nouveau-systeme-pour-lancer-un-business-en-ligne-2-1-768x768.png 768w, https:\/\/creervotrebusiness.com\/wp-content\/uploads\/2022\/10\/Le-nouveau-systeme-pour-lancer-un-business-en-ligne-2-1.png 1080w\" sizes=\"auto, (max-width: 1024px) 100vw, 1024px\" \/><\/a><\/figure>\n<\/div>\n\n\n\n<div class=\"wp-block-column is-layout-flow wp-block-column-is-layout-flow\"><\/div>\n<\/div>\n","protected":false},"excerpt":{"rendered":"<p>La plupart des gens voudraient avoir une entreprise \u00e0 domicile. Ils aiment la libert\u00e9 de pouvoir travailler quand ils le souhaitent et l\u00e0 o\u00f9 ils le veulent. Toutefois, il n&rsquo;est pas facile de le faire car beaucoup d&rsquo;entre eux sont&#8230; <a href=\"https:\/\/creervotrebusiness.com\/index.php\/creer-secretement-un-revenu-en-ligne-tout-en-travaillant-a-mi-temps-et-profiter-a-plein-temps-de-vos-passions\/\" class=\"readmore\">Read more<span class=\"screen-reader-text\">Cr\u00e9er secr\u00e8tement un revenu en ligne tout en travaillant \u00e0 mi-temps &#8211; et profiter \u00e0 plein temps de vos passions !\u00a0\u00bb<\/span><span class=\"fa fa-angle-double-right\" aria-hidden=\"true\"><\/span><\/a><\/p>\n","protected":false},"author":1,"featured_media":0,"parent":0,"menu_order":0,"comment_status":"closed","ping_status":"closed","template":"","meta":{"om_disable_all_campaigns":false,"_monsterinsights_skip_tracking":false,"_monsterinsights_sitenote_active":false,"_monsterinsights_sitenote_note":"","_monsterinsights_sitenote_category":0,"footnotes":""},"class_list":["post-117","page","type-page","status-publish","hentry"],"_links":{"self":[{"href":"https:\/\/creervotrebusiness.com\/index.php\/wp-json\/wp\/v2\/pages\/117","targetHints":{"allow":["GET"]}}],"collection":[{"href":"https:\/\/creervotrebusiness.com\/index.php\/wp-json\/wp\/v2\/pages"}],"about":[{"href":"https:\/\/creervotrebusiness.com\/index.php\/wp-json\/wp\/v2\/types\/page"}],"author":[{"embeddable":true,"href":"https:\/\/creervotrebusiness.com\/index.php\/wp-json\/wp\/v2\/users\/1"}],"replies":[{"embeddable":true,"href":"https:\/\/creervotrebusiness.com\/index.php\/wp-json\/wp\/v2\/comments?post=117"}],"version-history":[{"count":3,"href":"https:\/\/creervotrebusiness.com\/index.php\/wp-json\/wp\/v2\/pages\/117\/revisions"}],"predecessor-version":[{"id":151,"href":"https:\/\/creervotrebusiness.com\/index.php\/wp-json\/wp\/v2\/pages\/117\/revisions\/151"}],"wp:attachment":[{"href":"https:\/\/creervotrebusiness.com\/index.php\/wp-json\/wp\/v2\/media?parent=117"}],"curies":[{"name":"wp","href":"https:\/\/api.w.org\/{rel}","templated":true}]}}